{"id":4400,"date":"2021-10-12T15:51:09","date_gmt":"2021-10-12T15:51:09","guid":{"rendered":"http:\/\/dummy.xtemos.com\/woodmart2\/elementor\/?page_id=4400"},"modified":"2026-02-09T22:37:29","modified_gmt":"2026-02-09T22:37:29","slug":"nosotros","status":"publish","type":"page","link":"https:\/\/sanbenitosanteria.com\/index.php\/nosotros\/","title":{"rendered":"Nosotros"},"content":{"rendered":"\t\t<div data-elementor-type=\"wp-page\" data-elementor-id=\"4400\" class=\"elementor elementor-4400\" data-elementor-post-type=\"page\">\n\t\t\t\t\t\t<section class=\"elementor-section elementor-top-section elementor-element elementor-element-30f4b337 elementor-section-content-middle wd-section-stretch elementor-section-boxed elementor-section-height-default elementor-section-height-default\" data-id=\"30f4b337\" data-element_type=\"section\" data-settings=\"{&quot;background_background&quot;:&quot;classic&quot;}\">\n\t\t\t\t\t\t\t<div class=\"elementor-background-overlay\"><\/div>\n\t\t\t\t\t\t\t<div class=\"elementor-container elementor-column-gap-extended\">\n\t\t\t\t\t<div class=\"elementor-column elementor-col-100 elementor-top-column elementor-element elementor-element-709130a2\" data-id=\"709130a2\" data-element_type=\"column\">\n\t\t\t<div class=\"elementor-widget-wrap elementor-element-populated\">\n\t\t\t\t\t\t<div class=\"elementor-element elementor-element-de6816b wd-width-100 elementor-widget elementor-widget-wd_title\" data-id=\"de6816b\" data-element_type=\"widget\" data-widget_type=\"wd_title.default\">\n\t\t\t\t<div class=\"elementor-widget-container\">\n\t\t\t\t\t\t\t<div class=\"title-wrapper wd-set-mb reset-last-child wd-title-color-primary wd-title-style-default wd-title-size-large text-left\">\n\n\t\t\t\t\t\t\t\t\t\t\t<div class=\"title-subtitle subtitle-color-primary subtitle-style-default wd-fontsize-xs\">\n\t\t\t\t\tNOSOTROS\t\t\t\t<\/div>\n\t\t\t\n\t\t\t<div class=\"liner-continer\">\n\t\t\t\t<h4 class=\"woodmart-title-container title wd-fontsize-xxl\">Nuestro Monasterio <\/h4> \n\t\t\t\t\t\t\t<\/div>\n\n\t\t\t\t\t<\/div>\n\t\t\t\t\t\t<\/div>\n\t\t\t\t<\/div>\n\t\t\t\t\t<\/div>\n\t\t<\/div>\n\t\t\t\t\t<\/div>\n\t\t<\/section>\n\t\t\t\t<section class=\"elementor-section elementor-top-section elementor-element elementor-element-eb1e0da elementor-section-boxed elementor-section-height-default elementor-section-height-default\" data-id=\"eb1e0da\" data-element_type=\"section\">\n\t\t\t\t\t\t<div class=\"elementor-container elementor-column-gap-default\">\n\t\t\t\t\t<div class=\"elementor-column elementor-col-100 elementor-top-column elementor-element elementor-element-6e67ab5\" data-id=\"6e67ab5\" data-element_type=\"column\">\n\t\t\t<div class=\"elementor-widget-wrap elementor-element-populated\">\n\t\t\t\t\t\t<div class=\"elementor-element elementor-element-b16ec46 wd-el-breadcrumbs text-left elementor-widget elementor-widget-wd_wc_breadcrumb\" data-id=\"b16ec46\" data-element_type=\"widget\" data-widget_type=\"wd_wc_breadcrumb.default\">\n\t\t\t\t<div class=\"elementor-widget-container\">\n\t\t\t\t\t<nav class=\"wd-breadcrumbs woocommerce-breadcrumb\" aria-label=\"Breadcrumb\">\t\t\t\t<span class=\"wd-last\">\n\t\t\t\t\tInicio\t\t\t\t<\/span>\n\t\t\t<\/nav>\t\t\t\t<\/div>\n\t\t\t\t<\/div>\n\t\t\t\t\t<\/div>\n\t\t<\/div>\n\t\t\t\t\t<\/div>\n\t\t<\/section>\n\t\t\t\t<section class=\"elementor-section elementor-top-section elementor-element elementor-element-3c548bca elementor-reverse-tablet elementor-reverse-mobile elementor-section-boxed elementor-section-height-default elementor-section-height-default\" data-id=\"3c548bca\" data-element_type=\"section\">\n\t\t\t\t\t\t<div class=\"elementor-container elementor-column-gap-default\">\n\t\t\t\t\t<div class=\"elementor-column elementor-col-50 elementor-top-column elementor-element elementor-element-1d354ed7\" data-id=\"1d354ed7\" data-element_type=\"column\">\n\t\t\t<div class=\"elementor-widget-wrap elementor-element-populated\">\n\t\t\t\t\t\t<div class=\"elementor-element elementor-element-3b8f1c6 elementor-widget elementor-widget-wd_image_or_svg\" data-id=\"3b8f1c6\" data-element_type=\"widget\" data-widget_type=\"wd_image_or_svg.default\">\n\t\t\t\t<div class=\"elementor-widget-container\">\n\t\t\t\t\t\n\t\t<div class=\"wd-image text-left\">\n\t\t\t\t\t\t\t\t<img fetchpriority=\"high\" decoding=\"async\" width=\"800\" height=\"600\" src=\"https:\/\/sanbenitosanteria.com\/wp-content\/uploads\/2022\/11\/800X600-NOSOTROS-LA-ABADIA-DE-SAN-BENITO1.jpg\" class=\"attachment-full size-full\" alt=\"\" srcset=\"https:\/\/sanbenitosanteria.com\/wp-content\/uploads\/2022\/11\/800X600-NOSOTROS-LA-ABADIA-DE-SAN-BENITO1.jpg 800w, https:\/\/sanbenitosanteria.com\/wp-content\/uploads\/2022\/11\/800X600-NOSOTROS-LA-ABADIA-DE-SAN-BENITO1-150x113.jpg 150w, https:\/\/sanbenitosanteria.com\/wp-content\/uploads\/2022\/11\/800X600-NOSOTROS-LA-ABADIA-DE-SAN-BENITO1-700x525.jpg 700w, https:\/\/sanbenitosanteria.com\/wp-content\/uploads\/2022\/11\/800X600-NOSOTROS-LA-ABADIA-DE-SAN-BENITO1-400x300.jpg 400w, https:\/\/sanbenitosanteria.com\/wp-content\/uploads\/2022\/11\/800X600-NOSOTROS-LA-ABADIA-DE-SAN-BENITO1-768x576.jpg 768w\" sizes=\"(max-width: 800px) 100vw, 800px\" \/>\t\t\t\t\t<\/div>\n\n\t\t\t\t\t\t<\/div>\n\t\t\t\t<\/div>\n\t\t\t\t\t<\/div>\n\t\t<\/div>\n\t\t\t\t<div class=\"elementor-column elementor-col-50 elementor-top-column elementor-element elementor-element-7a9daa7\" data-id=\"7a9daa7\" data-element_type=\"column\">\n\t\t\t<div class=\"elementor-widget-wrap elementor-element-populated\">\n\t\t\t\t\t\t<div class=\"elementor-element elementor-element-18566191 wd-width-100 elementor-widget elementor-widget-wd_title\" data-id=\"18566191\" data-element_type=\"widget\" data-widget_type=\"wd_title.default\">\n\t\t\t\t<div class=\"elementor-widget-container\">\n\t\t\t\t\t\t\t<div class=\"title-wrapper wd-set-mb reset-last-child wd-title-color-primary wd-title-style-default wd-title-size-large text-left\">\n\n\t\t\t\t\t\t\t\t\t\t\t<div class=\"title-subtitle subtitle-color-primary subtitle-style-default wd-fontsize-xs\">\n\t\t\t\t\tHISTORIA\t\t\t\t<\/div>\n\t\t\t\n\t\t\t<div class=\"liner-continer\">\n\t\t\t\t<h4 class=\"woodmart-title-container title wd-fontsize-xxl\">Abad\u00eda San Ben\u00edto<\/h4> \n\t\t\t\t\t\t\t<\/div>\n\n\t\t\t\t\t<\/div>\n\t\t\t\t\t\t<\/div>\n\t\t\t\t<\/div>\n\t\t\t\t<div class=\"elementor-element elementor-element-cf34ae6 elementor-widget elementor-widget-wd_text_block\" data-id=\"cf34ae6\" data-element_type=\"widget\" data-widget_type=\"wd_text_block.default\">\n\t\t\t\t<div class=\"elementor-widget-container\">\n\t\t\t\t\t\t\t<div class=\"wd-text-block reset-last-child text-left\">\n\t\t\t\n\t\t\t<p><span style=\"color: #000000;\"><strong>Fue fundada en 1914 por la Abad\u00eda de Santo Domingo de Silos (Burgos, Espa\u00f1a).<\/strong><\/span><\/p><p>Estuvo en la ciudad de Buenos Aires hasta el a\u00f1o 1973, cuando inici\u00f3 su traslado a su actual ubicaci\u00f3n, en el pueblo de J\u00e1uregui, a pocos kil\u00f3metros de Luj\u00e1n.<\/p><p>All\u00ed es donde la comunidad mon\u00e1stica de <strong><span style=\"color: #000000;\">San Benito de Luj\u00e1n<\/span><\/strong> dedica su vida a la oraci\u00f3n, trabajo y estudio.<\/p><p>M\u00e1s informaci\u00f3n en:\u00a0<a id=\"LPlnk412658\" href=\"http:\/\/www.abadiadesanbenito.org\/\" target=\"_blank\" rel=\"noopener noreferrer\" data-auth=\"NotApplicable\">www.abadiadesanbenito.org<\/a><\/p>\n\t\t\t\t\t<\/div>\n\t\t\t\t\t\t<\/div>\n\t\t\t\t<\/div>\n\t\t\t\t\t<\/div>\n\t\t<\/div>\n\t\t\t\t\t<\/div>\n\t\t<\/section>\n\t\t\t\t<section class=\"elementor-section elementor-top-section elementor-element elementor-element-52ee36d wd-section-stretch elementor-section-boxed elementor-section-height-default elementor-section-height-default\" data-id=\"52ee36d\" data-element_type=\"section\" data-settings=\"{&quot;background_background&quot;:&quot;classic&quot;}\">\n\t\t\t\t\t\t<div class=\"elementor-container elementor-column-gap-default\">\n\t\t\t\t\t<div class=\"elementor-column elementor-col-100 elementor-top-column elementor-element elementor-element-6a9942c2\" data-id=\"6a9942c2\" data-element_type=\"column\">\n\t\t\t<div class=\"elementor-widget-wrap elementor-element-populated\">\n\t\t\t\t\t\t<div class=\"elementor-element elementor-element-75d7772b wd-width-100 elementor-widget elementor-widget-wd_title\" data-id=\"75d7772b\" data-element_type=\"widget\" data-widget_type=\"wd_title.default\">\n\t\t\t\t<div class=\"elementor-widget-container\">\n\t\t\t\t\t\t\t<div class=\"title-wrapper wd-set-mb reset-last-child wd-title-color-primary wd-title-style-default wd-title-size-large text-center\">\n\n\t\t\t\t\t\t\t\t\t\t\t<div class=\"title-subtitle subtitle-color-primary subtitle-style-default wd-fontsize-xs\">\n\t\t\t\t\tCONOCENOS\t\t\t\t<\/div>\n\t\t\t\n\t\t\t<div class=\"liner-continer\">\n\t\t\t\t<h4 class=\"woodmart-title-container title wd-fontsize-xxl\">Nosotros<\/h4> \n\t\t\t\t\t\t\t<\/div>\n\n\t\t\t\t\t\t\t<div class=\"title-after_title reset-last-child wd-fontsize-s\">\n\t\t\t\t\t<h3>San Benito, es la marca que representa los productos elaborados<br \/>y comercializados por los monjes benedictinos de Luj\u00e1n.<\/h3><p>La Abad\u00eda de San Benito es un monasterio benedictino ubicado en J\u00e1uregui a pocos kil\u00f3metros de la ciudad de Luj\u00e1n, Buenos Aires, Argentina. Pertenece a la Congregaci\u00f3n Benedictina de la Santa Cruz del Cono Sur, conformada por los monasterios benedictinos de Argentina, Chile, Paraguay y Uruguay.<\/p>\t\t\t\t<\/div>\n\t\t\t\t\t<\/div>\n\t\t\t\t\t\t<\/div>\n\t\t\t\t<\/div>\n\t\t\t\t<div class=\"elementor-element elementor-element-064940e elementor-widget elementor-widget-wd_button\" data-id=\"064940e\" data-element_type=\"widget\" data-widget_type=\"wd_button.default\">\n\t\t\t\t<div class=\"elementor-widget-container\">\n\t\t\t\t\t\t\t<div class=\"wd-button-wrapper text-center\" >\n\t\t\t<a class=\"btn btn-style-default btn-shape-semi-round btn-size-default btn-color-primary btn-icon-pos-right\"  href=\"https:\/\/sanbenitosanteria.com\/index.php\/productos\/\">\n\t\t\t\t<span class=\"wd-btn-text\" data-elementor-setting-key=\"text\">\n\t\t\t\t\tConocer la tienda\t\t\t\t<\/span>\n\n\t\t\t\t\t\t\t\t\t<span class=\"wd-btn-icon\">\n\t\t\t\t\t\t<span class=\"wd-icon fas fa-shopping-bag\"><\/span>\t\t\t\t\t<\/span>\n\t\t\t\t\t\t\t<\/a>\n\t\t<\/div>\n\t\t\t\t\t\t<\/div>\n\t\t\t\t<\/div>\n\t\t\t\t\t<\/div>\n\t\t<\/div>\n\t\t\t\t\t<\/div>\n\t\t<\/section>\n\t\t\t\t<section class=\"elementor-section elementor-top-section elementor-element elementor-element-1c6c7bf elementor-reverse-tablet elementor-reverse-mobile elementor-section-content-bottom elementor-section-boxed elementor-section-height-default elementor-section-height-default\" data-id=\"1c6c7bf\" data-element_type=\"section\">\n\t\t\t\t\t\t<div class=\"elementor-container elementor-column-gap-default\">\n\t\t\t\t\t<div class=\"elementor-column elementor-col-50 elementor-top-column elementor-element elementor-element-7a0c451\" data-id=\"7a0c451\" data-element_type=\"column\">\n\t\t\t<div class=\"elementor-widget-wrap elementor-element-populated\">\n\t\t\t\t\t\t<div class=\"elementor-element elementor-element-519ec76 wd-width-100 elementor-widget elementor-widget-wd_title\" data-id=\"519ec76\" data-element_type=\"widget\" data-widget_type=\"wd_title.default\">\n\t\t\t\t<div class=\"elementor-widget-container\">\n\t\t\t\t\t\t\t<div class=\"title-wrapper wd-set-mb reset-last-child wd-title-color-primary wd-title-style-default wd-title-size-large text-left\">\n\n\t\t\t\t\t\t\t\t\t\t\t<div class=\"title-subtitle subtitle-color-primary subtitle-style-default wd-fontsize-xs\">\n\t\t\t\t\tHISTORIA\t\t\t\t<\/div>\n\t\t\t\n\t\t\t<div class=\"liner-continer\">\n\t\t\t\t<h4 class=\"woodmart-title-container title wd-fontsize-xxl\">Santer\u00eda San Benito<\/h4> \n\t\t\t\t\t\t\t<\/div>\n\n\t\t\t\t\t<\/div>\n\t\t\t\t\t\t<\/div>\n\t\t\t\t<\/div>\n\t\t\t\t<div class=\"elementor-element elementor-element-1b04b46 elementor-widget elementor-widget-wd_text_block\" data-id=\"1b04b46\" data-element_type=\"widget\" data-widget_type=\"wd_text_block.default\">\n\t\t\t\t<div class=\"elementor-widget-container\">\n\t\t\t\t\t\t\t<div class=\"wd-text-block reset-last-child text-left\">\n\t\t\t\n\t\t\t<p dir=\"ltr\"><strong>Nuestro primer local abri\u00f3 sus puertas en 1942.<\/strong> Los productos que se comercializaban por ese entonces se limitaban a Medallas de San Benito y alg\u00fan folleto explicativo sobre el significado de la cruz de san Benito con alguna reflexi\u00f3n espiritual y lit\u00fargica realizada por<br \/>nuestros monjes.<\/p><p><strong>A lo largo de los a\u00f1os \u201880 los monjes comenzamos a elaborar<\/strong> productos artesanales como mermeladas y almibarados fabricados en nuestro monasterio de Luj\u00e1n, productos que actualmente seguimos comercializando en nuestra Santer\u00eda.<\/p><p>Debido a que el espacio de la misma resultaba peque\u00f1o, realizamos una remodelaci\u00f3n general con el intento de ganar m\u00e1s espacio, as\u00ed arribamos al estado actual de la santer\u00eda, <strong>con el objetivo de poder responder a las necesidades de todos.<\/strong><\/p>\n\t\t\t\t\t<\/div>\n\t\t\t\t\t\t<\/div>\n\t\t\t\t<\/div>\n\t\t\t\t\t<\/div>\n\t\t<\/div>\n\t\t\t\t<div class=\"elementor-column elementor-col-50 elementor-top-column elementor-element elementor-element-6866def\" data-id=\"6866def\" data-element_type=\"column\">\n\t\t\t<div class=\"elementor-widget-wrap elementor-element-populated\">\n\t\t\t\t\t\t<div class=\"elementor-element elementor-element-46015af elementor-widget elementor-widget-image\" data-id=\"46015af\" data-element_type=\"widget\" data-widget_type=\"image.default\">\n\t\t\t\t<div class=\"elementor-widget-container\">\n\t\t\t\t\t\t\t\t\t\t\t\t\t\t\t<img decoding=\"async\" width=\"1080\" height=\"1920\" src=\"https:\/\/sanbenitosanteria.com\/wp-content\/uploads\/2026\/02\/DSC0632.jpg\" class=\"attachment-full size-full wp-image-12026\" alt=\"\" srcset=\"https:\/\/sanbenitosanteria.com\/wp-content\/uploads\/2026\/02\/DSC0632.jpg 1080w, https:\/\/sanbenitosanteria.com\/wp-content\/uploads\/2026\/02\/DSC0632-150x267.jpg 150w, https:\/\/sanbenitosanteria.com\/wp-content\/uploads\/2026\/02\/DSC0632-700x1244.jpg 700w, https:\/\/sanbenitosanteria.com\/wp-content\/uploads\/2026\/02\/DSC0632-169x300.jpg 169w, https:\/\/sanbenitosanteria.com\/wp-content\/uploads\/2026\/02\/DSC0632-450x800.jpg 450w, https:\/\/sanbenitosanteria.com\/wp-content\/uploads\/2026\/02\/DSC0632-768x1365.jpg 768w, https:\/\/sanbenitosanteria.com\/wp-content\/uploads\/2026\/02\/DSC0632-864x1536.jpg 864w\" sizes=\"(max-width: 1080px) 100vw, 1080px\" \/>\t\t\t\t\t\t\t\t\t\t\t\t\t\t\t<\/div>\n\t\t\t\t<\/div>\n\t\t\t\t\t<\/div>\n\t\t<\/div>\n\t\t\t\t\t<\/div>\n\t\t<\/section>\n\t\t\t\t<section class=\"elementor-section elementor-top-section elementor-element elementor-element-18848b5 elementor-section-boxed elementor-section-height-default elementor-section-height-default\" data-id=\"18848b5\" data-element_type=\"section\">\n\t\t\t\t\t\t<div class=\"elementor-container elementor-column-gap-default\">\n\t\t\t\t\t<div class=\"elementor-column elementor-col-100 elementor-top-column elementor-element elementor-element-5ebd6c4\" data-id=\"5ebd6c4\" data-element_type=\"column\">\n\t\t\t<div class=\"elementor-widget-wrap elementor-element-populated\">\n\t\t\t\t\t\t<div class=\"elementor-element elementor-element-59bd818 wd-width-100 elementor-widget elementor-widget-wd_images_gallery\" data-id=\"59bd818\" data-element_type=\"widget\" data-widget_type=\"wd_images_gallery.default\">\n\t\t\t\t<div class=\"elementor-widget-container\">\n\t\t\t\t\t\t\t<div class=\"wd-images-gallery photoswipe-images wd-carousel-container\" style=\"--wd-align-items:center; --wd-justify-content:center;\">\n\t\t\t\t\t\t\t<div class=\"wd-carousel-inner\">\n\t\t\t\t\t\t<div class=\"wd-carousel wd-grid\" data-scroll_per_page=\"yes\" style=\"--wd-col-lg:3;--wd-col-md:3;--wd-col-sm:1;--wd-gap-lg:20px;--wd-gap-sm:10px;\">\n\t\t\t\t\t\t\t\t\t<div class=\"wd-carousel-wrap\">\n\t\t\t\t\t\t\t\t\t\t\t\t\t\t\t\t\t\t<div class=\"wd-gallery-item wd-carousel-item\">\n\t\t\t\t\t\t\t\t\t\t\t\t\t<a  href=\"https:\/\/sanbenitosanteria.com\/wp-content\/uploads\/2022\/11\/800X600-_DSC0126.jpg\" data-width=\"800\" data-height=\"600\" data-index=\"1\" data-elementor-open-lightbox=\"no\">\n\t\t\t\t\t\t\n\t\t\t\t\t\t<img decoding=\"async\" width=\"800\" height=\"600\" src=\"https:\/\/sanbenitosanteria.com\/wp-content\/uploads\/2022\/11\/800X600-_DSC0126.jpg\" class=\"attachment-full size-full\" alt=\"800X600 _DSC0126\" srcset=\"https:\/\/sanbenitosanteria.com\/wp-content\/uploads\/2022\/11\/800X600-_DSC0126.jpg 800w, https:\/\/sanbenitosanteria.com\/wp-content\/uploads\/2022\/11\/800X600-_DSC0126-150x113.jpg 150w, https:\/\/sanbenitosanteria.com\/wp-content\/uploads\/2022\/11\/800X600-_DSC0126-700x525.jpg 700w, https:\/\/sanbenitosanteria.com\/wp-content\/uploads\/2022\/11\/800X600-_DSC0126-400x300.jpg 400w, https:\/\/sanbenitosanteria.com\/wp-content\/uploads\/2022\/11\/800X600-_DSC0126-768x576.jpg 768w\" sizes=\"(max-width: 800px) 100vw, 800px\" \/>\n\t\t\t\t\t\t\t\t\t\t\t\t\t<\/a>\n\t\t\t\t\t\t\t\t\t\t\t<\/div>\n\t\t\t\t\t\t\t\t\t\t\t\t\t\t\t<div class=\"wd-gallery-item wd-carousel-item\">\n\t\t\t\t\t\t\t\t\t\t\t\t\t<a  href=\"https:\/\/sanbenitosanteria.com\/wp-content\/uploads\/2022\/11\/800X600-_DSC0304-1.jpg\" data-width=\"800\" data-height=\"600\" data-index=\"2\" data-elementor-open-lightbox=\"no\">\n\t\t\t\t\t\t\n\t\t\t\t\t\t<img loading=\"lazy\" decoding=\"async\" width=\"800\" height=\"600\" src=\"https:\/\/sanbenitosanteria.com\/wp-content\/uploads\/2022\/11\/800X600-_DSC0304-1.jpg\" class=\"attachment-full size-full\" alt=\"800X600 _DSC0304\" srcset=\"https:\/\/sanbenitosanteria.com\/wp-content\/uploads\/2022\/11\/800X600-_DSC0304-1.jpg 800w, https:\/\/sanbenitosanteria.com\/wp-content\/uploads\/2022\/11\/800X600-_DSC0304-1-150x113.jpg 150w, https:\/\/sanbenitosanteria.com\/wp-content\/uploads\/2022\/11\/800X600-_DSC0304-1-700x525.jpg 700w, https:\/\/sanbenitosanteria.com\/wp-content\/uploads\/2022\/11\/800X600-_DSC0304-1-400x300.jpg 400w, https:\/\/sanbenitosanteria.com\/wp-content\/uploads\/2022\/11\/800X600-_DSC0304-1-768x576.jpg 768w\" sizes=\"(max-width: 800px) 100vw, 800px\" \/>\n\t\t\t\t\t\t\t\t\t\t\t\t\t<\/a>\n\t\t\t\t\t\t\t\t\t\t\t<\/div>\n\t\t\t\t\t\t\t\t\t\t\t\t\t\t\t<div class=\"wd-gallery-item wd-carousel-item\">\n\t\t\t\t\t\t\t\t\t\t\t\t\t<a  href=\"https:\/\/sanbenitosanteria.com\/wp-content\/uploads\/2022\/11\/800X600-ABADIA-SAN-BENITO-1.jpg\" data-width=\"800\" data-height=\"600\" data-index=\"3\" data-elementor-open-lightbox=\"no\">\n\t\t\t\t\t\t\n\t\t\t\t\t\t<img loading=\"lazy\" decoding=\"async\" width=\"800\" height=\"600\" src=\"https:\/\/sanbenitosanteria.com\/wp-content\/uploads\/2022\/11\/800X600-ABADIA-SAN-BENITO-1.jpg\" class=\"attachment-full size-full\" alt=\"800X600 ABAD\u00cdA SAN BENITO\" srcset=\"https:\/\/sanbenitosanteria.com\/wp-content\/uploads\/2022\/11\/800X600-ABADIA-SAN-BENITO-1.jpg 800w, https:\/\/sanbenitosanteria.com\/wp-content\/uploads\/2022\/11\/800X600-ABADIA-SAN-BENITO-1-150x113.jpg 150w, https:\/\/sanbenitosanteria.com\/wp-content\/uploads\/2022\/11\/800X600-ABADIA-SAN-BENITO-1-700x525.jpg 700w, https:\/\/sanbenitosanteria.com\/wp-content\/uploads\/2022\/11\/800X600-ABADIA-SAN-BENITO-1-400x300.jpg 400w, https:\/\/sanbenitosanteria.com\/wp-content\/uploads\/2022\/11\/800X600-ABADIA-SAN-BENITO-1-768x576.jpg 768w\" sizes=\"(max-width: 800px) 100vw, 800px\" \/>\n\t\t\t\t\t\t\t\t\t\t\t\t\t<\/a>\n\t\t\t\t\t\t\t\t\t\t\t<\/div>\n\t\t\t\t\t\t\t\t\t\t\t\t\t\t\t<div class=\"wd-gallery-item wd-carousel-item\">\n\t\t\t\t\t\t\t\t\t\t\t\t\t<a  href=\"https:\/\/sanbenitosanteria.com\/wp-content\/uploads\/2022\/11\/800X600-INICIO-LA-ABADIA-DE-SAN-BENITO-LUJAN.jpg\" data-width=\"800\" data-height=\"600\" data-index=\"4\" data-elementor-open-lightbox=\"no\">\n\t\t\t\t\t\t\n\t\t\t\t\t\t<img loading=\"lazy\" decoding=\"async\" width=\"800\" height=\"600\" src=\"https:\/\/sanbenitosanteria.com\/wp-content\/uploads\/2022\/11\/800X600-INICIO-LA-ABADIA-DE-SAN-BENITO-LUJAN.jpg\" class=\"attachment-full size-full\" alt=\"800X600 INICIO LA ABAD\u00cdA DE SAN BENITO LUJ\u00c1N\" srcset=\"https:\/\/sanbenitosanteria.com\/wp-content\/uploads\/2022\/11\/800X600-INICIO-LA-ABADIA-DE-SAN-BENITO-LUJAN.jpg 800w, https:\/\/sanbenitosanteria.com\/wp-content\/uploads\/2022\/11\/800X600-INICIO-LA-ABADIA-DE-SAN-BENITO-LUJAN-150x113.jpg 150w, https:\/\/sanbenitosanteria.com\/wp-content\/uploads\/2022\/11\/800X600-INICIO-LA-ABADIA-DE-SAN-BENITO-LUJAN-700x525.jpg 700w, https:\/\/sanbenitosanteria.com\/wp-content\/uploads\/2022\/11\/800X600-INICIO-LA-ABADIA-DE-SAN-BENITO-LUJAN-400x300.jpg 400w, https:\/\/sanbenitosanteria.com\/wp-content\/uploads\/2022\/11\/800X600-INICIO-LA-ABADIA-DE-SAN-BENITO-LUJAN-768x576.jpg 768w\" sizes=\"(max-width: 800px) 100vw, 800px\" \/>\n\t\t\t\t\t\t\t\t\t\t\t\t\t<\/a>\n\t\t\t\t\t\t\t\t\t\t\t<\/div>\n\t\t\t\t\t\t\t\t\t\t\t\t\t\t\t\t<\/div>\n\t\t\t\t\t\t\t\t<\/div>\n\t\t\t\t\t\t\t\t\t\t\t\t\t\t<div class=\"wd-nav-arrows wd-pos-sep wd-hover-1 wd-icon-1\">\n\t\t\t<div class=\"wd-btn-arrow wd-prev wd-disabled\">\n\t\t\t\t<div class=\"wd-arrow-inner\"><\/div>\n\t\t\t<\/div>\n\t\t\t<div class=\"wd-btn-arrow wd-next\">\n\t\t\t\t<div class=\"wd-arrow-inner\"><\/div>\n\t\t\t<\/div>\n\t\t<\/div>\n\t\t\t\t\t\t\n\t\t\t\t<\/div>\n\n\t\t\t\t\t\t\t\t\t\t\t\t\t<\/div>\n\t\t\t\t\t\t<\/div>\n\t\t\t\t<\/div>\n\t\t\t\t\t<\/div>\n\t\t<\/div>\n\t\t\t\t\t<\/div>\n\t\t<\/section>\n\t\t\t\t<\/div>\n\t\t","protected":false},"excerpt":{"rendered":"<p>NOSOTROS Nuestro Monasterio Inicio HISTORIA Abad\u00eda San Ben\u00edto Fue fundada en 1914 por la Abad\u00eda de Santo Domingo de Silos<\/p>\n","protected":false},"author":1,"featured_media":0,"parent":0,"menu_order":0,"comment_status":"closed","ping_status":"closed","template":"","meta":{"_joinchat":[],"footnotes":""},"class_list":["post-4400","page","type-page","status-publish","hentry"],"_links":{"self":[{"href":"https:\/\/sanbenitosanteria.com\/index.php\/wp-json\/wp\/v2\/pages\/4400","targetHints":{"allow":["GET"]}}],"collection":[{"href":"https:\/\/sanbenitosanteria.com\/index.php\/wp-json\/wp\/v2\/pages"}],"about":[{"href":"https:\/\/sanbenitosanteria.com\/index.php\/wp-json\/wp\/v2\/types\/page"}],"author":[{"embeddable":true,"href":"https:\/\/sanbenitosanteria.com\/index.php\/wp-json\/wp\/v2\/users\/1"}],"replies":[{"embeddable":true,"href":"https:\/\/sanbenitosanteria.com\/index.php\/wp-json\/wp\/v2\/comments?post=4400"}],"version-history":[{"count":44,"href":"https:\/\/sanbenitosanteria.com\/index.php\/wp-json\/wp\/v2\/pages\/4400\/revisions"}],"predecessor-version":[{"id":12035,"href":"https:\/\/sanbenitosanteria.com\/index.php\/wp-json\/wp\/v2\/pages\/4400\/revisions\/12035"}],"wp:attachment":[{"href":"https:\/\/sanbenitosanteria.com\/index.php\/wp-json\/wp\/v2\/media?parent=4400"}],"curies":[{"name":"wp","href":"https:\/\/api.w.org\/{rel}","templated":true}]}}