{"id":8453,"date":"2022-09-21T16:42:18","date_gmt":"2022-09-21T16:42:18","guid":{"rendered":"https:\/\/abadiasanbenito.rabestudio.com\/?page_id=8453"},"modified":"2025-08-11T01:21:16","modified_gmt":"2025-08-11T01:21:16","slug":"preguntas-frecuentes","status":"publish","type":"page","link":"https:\/\/sanbenitosanteria.com\/index.php\/preguntas-frecuentes\/","title":{"rendered":"Preguntas frecuentes"},"content":{"rendered":"\t\t<div data-elementor-type=\"wp-page\" data-elementor-id=\"8453\" class=\"elementor elementor-8453\" data-elementor-post-type=\"page\">\n\t\t\t\t<div class=\"elementor-element elementor-element-760e965 e-con-full e-flex e-con e-parent\" data-id=\"760e965\" data-element_type=\"container\">\n\t\t\t\t<div class=\"elementor-element elementor-element-4bf532e elementor-widget elementor-widget-heading\" data-id=\"4bf532e\" data-element_type=\"widget\" data-widget_type=\"heading.default\">\n\t\t\t\t<div class=\"elementor-widget-container\">\n\t\t\t\t\t<h2 class=\"elementor-heading-title elementor-size-default\">Preguntas frecuentes<\/h2>\t\t\t\t<\/div>\n\t\t\t\t<\/div>\n\t\t\t\t<div class=\"elementor-element elementor-element-8746457 elementor-widget elementor-widget-wd_accordion\" data-id=\"8746457\" data-element_type=\"widget\" data-widget_type=\"wd_accordion.default\">\n\t\t\t\t<div class=\"elementor-widget-container\">\n\t\t\t\t\t\n\t\t<div class=\"wd-accordion wd-style-shadow wd-titles-left wd-opener-pos-right wd-opener-style-arrow\" data-state=\"all_closed\">\n\t\t\t\t\t\t\t\n\t\t\t\t<div class=\"wd-accordion-item\">\n\t\t\t\t\t<div class=\"wd-accordion-title\" data-accordion-index=\"0\">\n\t\t\t\t\t\t<div class=\"wd-accordion-title-text\">\n\t\t\t\t\t\t\t\t\t\t\t\t\t\t<span>\n\t\t\t\t\t\t\t\t\u00bfRealizan env\u00edos?\t\t\t\t\t\t\t<\/span>\n\t\t\t\t\t\t<\/div>\n\t\t\t\t\t\t<span class=\"wd-accordion-opener\"><\/span>\n\t\t\t\t\t<\/div>\n\n\t\t\t\t\t<div class=\"wd-accordion-content wd-entry-content\" data-accordion-index=\"0\">\n\t\t\t\t\t\t\t\t\t\t\t\t\t\n\t\t\t\t\t\t\t<p>S\u00ed. Enviamos nuestros productos a trav\u00e9s de Correo Argentino en todo el territorio nacional. Despachamos los d\u00edas lunes, mi\u00e9rcoles, jueves y viernes.\u00a0<\/p>\n\t\t\t\t\t\t\t\t\t\t\t\t\t\t\t\t\t\t<\/div>\n\t\t\t\t<\/div>\n\t\t\t\t\t\t\t\n\t\t\t\t<div class=\"wd-accordion-item\">\n\t\t\t\t\t<div class=\"wd-accordion-title\" data-accordion-index=\"1\">\n\t\t\t\t\t\t<div class=\"wd-accordion-title-text\">\n\t\t\t\t\t\t\t\t\t\t\t\t\t\t<span>\n\t\t\t\t\t\t\t\t\u00bfCu\u00e1l es el costo de env\u00edo?\t\t\t\t\t\t\t<\/span>\n\t\t\t\t\t\t<\/div>\n\t\t\t\t\t\t<span class=\"wd-accordion-opener\"><\/span>\n\t\t\t\t\t<\/div>\n\n\t\t\t\t\t<div class=\"wd-accordion-content wd-entry-content\" data-accordion-index=\"1\">\n\t\t\t\t\t\t\t\t\t\t\t\t\t\n\t\t\t\t\t\t\t<p>El costo del env\u00edo es calculado autom\u00e1ticamente por Correo Argentino.<\/p>\n\t\t\t\t\t\t\t\t\t\t\t\t\t\t\t\t\t\t<\/div>\n\t\t\t\t<\/div>\n\t\t\t\t\t\t\t\n\t\t\t\t<div class=\"wd-accordion-item\">\n\t\t\t\t\t<div class=\"wd-accordion-title\" data-accordion-index=\"2\">\n\t\t\t\t\t\t<div class=\"wd-accordion-title-text\">\n\t\t\t\t\t\t\t\t\t\t\t\t\t\t<span>\n\t\t\t\t\t\t\t\t\u00bfSe puede retirar el pedido?\t\t\t\t\t\t\t<\/span>\n\t\t\t\t\t\t<\/div>\n\t\t\t\t\t\t<span class=\"wd-accordion-opener\"><\/span>\n\t\t\t\t\t<\/div>\n\n\t\t\t\t\t<div class=\"wd-accordion-content wd-entry-content\" data-accordion-index=\"2\">\n\t\t\t\t\t\t\t\t\t\t\t\t\t\n\t\t\t\t\t\t\t<p>S\u00ed. Actualmente contamos con una tienda f\u00edsica donde pod\u00e9s retirarlo sin cargo:<\/p><ul><li>Villanueva 929, C1426 Cdad. Aut\u00f3noma de Buenos Aires<\/li><\/ul>\n\t\t\t\t\t\t\t\t\t\t\t\t\t\t\t\t\t\t<\/div>\n\t\t\t\t<\/div>\n\t\t\t\t\t\t\t\n\t\t\t\t<div class=\"wd-accordion-item\">\n\t\t\t\t\t<div class=\"wd-accordion-title\" data-accordion-index=\"3\">\n\t\t\t\t\t\t<div class=\"wd-accordion-title-text\">\n\t\t\t\t\t\t\t\t\t\t\t\t\t\t<span>\n\t\t\t\t\t\t\t\t\u00bfCu\u00e1les son los metodos de pago disponible?\t\t\t\t\t\t\t<\/span>\n\t\t\t\t\t\t<\/div>\n\t\t\t\t\t\t<span class=\"wd-accordion-opener\"><\/span>\n\t\t\t\t\t<\/div>\n\n\t\t\t\t\t<div class=\"wd-accordion-content wd-entry-content\" data-accordion-index=\"3\">\n\t\t\t\t\t\t\t\t\t\t\t\t\t\n\t\t\t\t\t\t\t<p>Nuestros sistemas de pago disponible:<\/p><ul><li>MercadoPago<\/li><li>Transferencia<\/li><li>Tarjetas bancarias<\/li><\/ul>\n\t\t\t\t\t\t\t\t\t\t\t\t\t\t\t\t\t\t<\/div>\n\t\t\t\t<\/div>\n\t\t\t\t\t\t\t\n\t\t\t\t<div class=\"wd-accordion-item\">\n\t\t\t\t\t<div class=\"wd-accordion-title\" data-accordion-index=\"4\">\n\t\t\t\t\t\t<div class=\"wd-accordion-title-text\">\n\t\t\t\t\t\t\t\t\t\t\t\t\t\t<span>\n\t\t\t\t\t\t\t\t\u00bfRealiz\u00e1n cambios?\t\t\t\t\t\t\t<\/span>\n\t\t\t\t\t\t<\/div>\n\t\t\t\t\t\t<span class=\"wd-accordion-opener\"><\/span>\n\t\t\t\t\t<\/div>\n\n\t\t\t\t\t<div class=\"wd-accordion-content wd-entry-content\" data-accordion-index=\"4\">\n\t\t\t\t\t\t\t\t\t\t\t\t\t\n\t\t\t\t\t\t\t<p><em>Los cambios se realizan \u00fanicamente en nuestro local.<\/em> En el caso de que alg\u00fan producto no coincida con tu orden, escribinos un mensaje al 11 3861-9236 \u00a0y solucionaremos el inconveniente lo antes posible.<\/p>\n\t\t\t\t\t\t\t\t\t\t\t\t\t\t\t\t\t\t<\/div>\n\t\t\t\t<\/div>\n\t\t\t\t\t\t\t\n\t\t\t\t<div class=\"wd-accordion-item\">\n\t\t\t\t\t<div class=\"wd-accordion-title\" data-accordion-index=\"5\">\n\t\t\t\t\t\t<div class=\"wd-accordion-title-text\">\n\t\t\t\t\t\t\t\t\t\t\t\t\t\t<span>\n\t\t\t\t\t\t\t\t\u00bfQue pasa si un producto llega da\u00f1ado?\t\t\t\t\t\t\t<\/span>\n\t\t\t\t\t\t<\/div>\n\t\t\t\t\t\t<span class=\"wd-accordion-opener\"><\/span>\n\t\t\t\t\t<\/div>\n\n\t\t\t\t\t<div class=\"wd-accordion-content wd-entry-content\" data-accordion-index=\"5\">\n\t\t\t\t\t\t\t\t\t\t\t\t\t\n\t\t\t\t\t\t\t<p>En ese caso, ponete en contacto con nosotros. Envianos una foto del producto al n\u00famero 11 3861-9236<\/p>\n\t\t\t\t\t\t\t\t\t\t\t\t\t\t\t\t\t\t<\/div>\n\t\t\t\t<\/div>\n\t\t\t\t\t\t\t\n\t\t\t\t<div class=\"wd-accordion-item\">\n\t\t\t\t\t<div class=\"wd-accordion-title\" data-accordion-index=\"6\">\n\t\t\t\t\t\t<div class=\"wd-accordion-title-text\">\n\t\t\t\t\t\t\t\t\t\t\t\t\t\t<span>\n\t\t\t\t\t\t\t\t\u00bfRealizan ventas por mayor?\t\t\t\t\t\t\t<\/span>\n\t\t\t\t\t\t<\/div>\n\t\t\t\t\t\t<span class=\"wd-accordion-opener\"><\/span>\n\t\t\t\t\t<\/div>\n\n\t\t\t\t\t<div class=\"wd-accordion-content wd-entry-content\" data-accordion-index=\"6\">\n\t\t\t\t\t\t\t\t\t\t\t\t\t\n\t\t\t\t\t\t\t<p>Si, completa nuestro <a href=\"https:\/\/sanbenitosanteria.com\/index.php\/mayoristas\/\">formulario<\/a> y a la brevedad nos pondremos en contacto con ustedes.<\/p>\n\t\t\t\t\t\t\t\t\t\t\t\t\t\t\t\t\t\t<\/div>\n\t\t\t\t<\/div>\n\t\t\t\t\t\t\t\n\t\t\t\t<div class=\"wd-accordion-item\">\n\t\t\t\t\t<div class=\"wd-accordion-title\" data-accordion-index=\"7\">\n\t\t\t\t\t\t<div class=\"wd-accordion-title-text\">\n\t\t\t\t\t\t\t\t\t\t\t\t\t\t<span>\n\t\t\t\t\t\t\t\t\u00bfC\u00f3mo realizo una compra?\t\t\t\t\t\t\t<\/span>\n\t\t\t\t\t\t<\/div>\n\t\t\t\t\t\t<span class=\"wd-accordion-opener\"><\/span>\n\t\t\t\t\t<\/div>\n\n\t\t\t\t\t<div class=\"wd-accordion-content wd-entry-content\" data-accordion-index=\"7\">\n\t\t\t\t\t\t\t\t\t\t\t\t\t\n\t\t\t\t\t\t\t<p>1. Naveg\u00e1 nuestra tienda on-line desde tu computadora, tablet o celular y eleg\u00ed los productos que quer\u00e9s comprar.<br \/>2. Hac\u00e9 click en \u201cAgregar al carrito\u201d en el art\u00edculo que te interesa comprar. Adem\u00e1s, pod\u00e9s ir viendo los art\u00edculos seleccionados y modificar tu pedido, pasando el mouse por el \u00edcono del carrito (arriba a la derecha de la web).<br \/>3. Si deseas seguir comprando, hac\u00e9 click en: \u201ccontinuar la compra\u201d.<br \/>4. Para iniciar efectivamente el proceso de compra, si ya est\u00e1s registrado: ingresa tu usuario y contrase\u00f1a e inicia sesi\u00f3n. Si a\u00fan no est\u00e1s registrado, deber\u00e1s hacerlo completando todos los datos que te pida.<br \/>5.Eleg\u00ed la modalidad de env\u00edo, retirar por nuestro local (sin costo)<\/p><p dir=\"ltr\">6.Eleg\u00ed el Sistema de Pago:<\/p><p>a) A trav\u00e9s de MERCADO PAGO. Mediante esta plataforma podr\u00e1s abonar con tarjeta de cr\u00e9dito o en efectivo a trav\u00e9s de PagoF\u00e1cil o RapiPago.<\/p><p dir=\"ltr\">b) Transferencia directa<\/p><p dir=\"ltr\">7.Finalizaci\u00f3n del Proceso de compra:<\/p><p dir=\"ltr\">El sistema te enviar\u00e1 dos correos electr\u00f3nicos. Uno, de nuestra tienda online\u00a0<i>San Benito\u00a0<\/i><i>Santer\u00eda<\/i>, y otro de la plataforma MERCADO PAGO, confirmando tu compra. Tu compra se efectuar\u00e1 correctamente s\u00f3lo al recibir ambos correos. Y paralelamente nos mantendremos en contacto para coordinar el env\u00edo.<\/p><p dir=\"ltr\"><em>*El monto m\u00ednimo de compra es: $50.000<\/em><\/p><p><em>**Ten\u00e9 en cuenta que los medios de pago en efectivo como: RapiPago o PagoF\u00e1cil, demoran m\u00e1s en acreditar el pago, y por lo tanto el env\u00edo se efectuar\u00e1 posterior a esto.<\/em><\/p>\n\t\t\t\t\t\t\t\t\t\t\t\t\t\t\t\t\t\t<\/div>\n\t\t\t\t<\/div>\n\t\t\t\t\t<\/div>\n\t\t\t\t\t\t<\/div>\n\t\t\t\t<\/div>\n\t\t\t\t<\/div>\n\t\t\t\t<\/div>\n\t\t","protected":false},"excerpt":{"rendered":"<p>Preguntas frecuentes \u00bfRealizan env\u00edos? S\u00ed. Enviamos nuestros productos a trav\u00e9s de Correo Argentino en todo el territorio nacional. Despachamos los<\/p>\n","protected":false},"author":1,"featured_media":0,"parent":0,"menu_order":0,"comment_status":"closed","ping_status":"closed","template":"","meta":{"_joinchat":[],"footnotes":""},"class_list":["post-8453","page","type-page","status-publish","hentry"],"_links":{"self":[{"href":"https:\/\/sanbenitosanteria.com\/index.php\/wp-json\/wp\/v2\/pages\/8453","targetHints":{"allow":["GET"]}}],"collection":[{"href":"https:\/\/sanbenitosanteria.com\/index.php\/wp-json\/wp\/v2\/pages"}],"about":[{"href":"https:\/\/sanbenitosanteria.com\/index.php\/wp-json\/wp\/v2\/types\/page"}],"author":[{"embeddable":true,"href":"https:\/\/sanbenitosanteria.com\/index.php\/wp-json\/wp\/v2\/users\/1"}],"replies":[{"embeddable":true,"href":"https:\/\/sanbenitosanteria.com\/index.php\/wp-json\/wp\/v2\/comments?post=8453"}],"version-history":[{"count":31,"href":"https:\/\/sanbenitosanteria.com\/index.php\/wp-json\/wp\/v2\/pages\/8453\/revisions"}],"predecessor-version":[{"id":11821,"href":"https:\/\/sanbenitosanteria.com\/index.php\/wp-json\/wp\/v2\/pages\/8453\/revisions\/11821"}],"wp:attachment":[{"href":"https:\/\/sanbenitosanteria.com\/index.php\/wp-json\/wp\/v2\/media?parent=8453"}],"curies":[{"name":"wp","href":"https:\/\/api.w.org\/{rel}","templated":true}]}}