{"id":10797,"date":"2023-08-18T19:39:47","date_gmt":"2023-08-18T19:39:47","guid":{"rendered":"https:\/\/sanbenitosanteria.com\/?post_type=product&#038;p=10797"},"modified":"2025-09-16T19:07:50","modified_gmt":"2025-09-16T19:07:50","slug":"vino-torrontes","status":"publish","type":"product","link":"https:\/\/sanbenitosanteria.com\/index.php\/product\/vino-torrontes\/","title":{"rendered":"Vino Torront\u00e9s"},"content":{"rendered":"","protected":false},"excerpt":{"rendered":"<p>Torrontes busca la m\u00e1xima expresi\u00f3n varietal para quienes prefieren vinos frescos, suaves e intensos en su expresi\u00f3n frutal<br \/>\nAromas a frutas maduras, suave acidez y frescura. En boca, de buena estructura, con excelente balance, fresca y viva acidez, de cuerpo medio con un largo final frutado, donde aparecen notas a peras verdes y sutiles toques de durazno, complementados con notas tostadas.<\/p>\n","protected":false},"featured_media":9437,"template":"","meta":{"_joinchat":[]},"product_brand":[],"product_cat":[87],"product_tag":[],"class_list":{"0":"post-10797","1":"product","2":"type-product","3":"status-publish","4":"has-post-thumbnail","6":"product_cat-don-bosco-varietales","8":"first","9":"instock","10":"shipping-taxable","11":"purchasable","12":"product-type-simple"},"_links":{"self":[{"href":"https:\/\/sanbenitosanteria.com\/index.php\/wp-json\/wp\/v2\/product\/10797","targetHints":{"allow":["GET"]}}],"collection":[{"href":"https:\/\/sanbenitosanteria.com\/index.php\/wp-json\/wp\/v2\/product"}],"about":[{"href":"https:\/\/sanbenitosanteria.com\/index.php\/wp-json\/wp\/v2\/types\/product"}],"version-history":[{"count":2,"href":"https:\/\/sanbenitosanteria.com\/index.php\/wp-json\/wp\/v2\/product\/10797\/revisions"}],"predecessor-version":[{"id":10799,"href":"https:\/\/sanbenitosanteria.com\/index.php\/wp-json\/wp\/v2\/product\/10797\/revisions\/10799"}],"wp:featuredmedia":[{"embeddable":true,"href":"https:\/\/sanbenitosanteria.com\/index.php\/wp-json\/wp\/v2\/media\/9437"}],"wp:attachment":[{"href":"https:\/\/sanbenitosanteria.com\/index.php\/wp-json\/wp\/v2\/media?parent=10797"}],"wp:term":[{"taxonomy":"product_brand","embeddable":true,"href":"https:\/\/sanbenitosanteria.com\/index.php\/wp-json\/wp\/v2\/product_brand?post=10797"},{"taxonomy":"product_cat","embeddable":true,"href":"https:\/\/sanbenitosanteria.com\/index.php\/wp-json\/wp\/v2\/product_cat?post=10797"},{"taxonomy":"product_tag","embeddable":true,"href":"https:\/\/sanbenitosanteria.com\/index.php\/wp-json\/wp\/v2\/product_tag?post=10797"}],"curies":[{"name":"wp","href":"https:\/\/api.w.org\/{rel}","templated":true}]}}