{"id":10806,"date":"2023-08-18T20:03:25","date_gmt":"2023-08-18T20:03:25","guid":{"rendered":"https:\/\/sanbenitosanteria.com\/?post_type=product&#038;p=10806"},"modified":"2026-02-04T15:40:38","modified_gmt":"2026-02-04T15:40:38","slug":"vino-lambrusco-maestri-roble","status":"publish","type":"product","link":"https:\/\/sanbenitosanteria.com\/index.php\/product\/vino-lambrusco-maestri-roble\/","title":{"rendered":"Vino Lambrusco Maestri Roble"},"content":{"rendered":"","protected":false},"excerpt":{"rendered":"<p>Rojo viol\u00e1ceo de alta intensidad, profundo y atractivo. Su intensidad define una de las caracter\u00edsticas de este varietal particular. Intenso a especias, pimienta negra, y dependiendo las condiciones clim\u00e1ticas del a\u00f1o expresa aromas a eucaliptus, menta y jarilla. De entrada amable, fresca, persisten las notas mentoladas y gra\ufb01to t\u00edpicas de la variedad. Sus taninos dulces pero intensos hacen que sea un varietal excelente para combinar con carnes rojas asadas. Lambrusco Maestri es una variedad de origen italiano, que solo se elabora en Bodega Don Bosco, por ende es exclusiva y \u00fanica en Argentina.<\/p>\n","protected":false},"featured_media":9434,"template":"","meta":{"_joinchat":[]},"product_brand":[],"product_cat":[81,88],"product_tag":[],"class_list":{"0":"post-10806","1":"product","2":"type-product","3":"status-publish","4":"has-post-thumbnail","6":"product_cat-don-bosco","7":"product_cat-don-bosco-roble","9":"first","10":"instock","11":"shipping-taxable","12":"purchasable","13":"product-type-simple"},"_links":{"self":[{"href":"https:\/\/sanbenitosanteria.com\/index.php\/wp-json\/wp\/v2\/product\/10806","targetHints":{"allow":["GET"]}}],"collection":[{"href":"https:\/\/sanbenitosanteria.com\/index.php\/wp-json\/wp\/v2\/product"}],"about":[{"href":"https:\/\/sanbenitosanteria.com\/index.php\/wp-json\/wp\/v2\/types\/product"}],"version-history":[{"count":2,"href":"https:\/\/sanbenitosanteria.com\/index.php\/wp-json\/wp\/v2\/product\/10806\/revisions"}],"predecessor-version":[{"id":10809,"href":"https:\/\/sanbenitosanteria.com\/index.php\/wp-json\/wp\/v2\/product\/10806\/revisions\/10809"}],"wp:featuredmedia":[{"embeddable":true,"href":"https:\/\/sanbenitosanteria.com\/index.php\/wp-json\/wp\/v2\/media\/9434"}],"wp:attachment":[{"href":"https:\/\/sanbenitosanteria.com\/index.php\/wp-json\/wp\/v2\/media?parent=10806"}],"wp:term":[{"taxonomy":"product_brand","embeddable":true,"href":"https:\/\/sanbenitosanteria.com\/index.php\/wp-json\/wp\/v2\/product_brand?post=10806"},{"taxonomy":"product_cat","embeddable":true,"href":"https:\/\/sanbenitosanteria.com\/index.php\/wp-json\/wp\/v2\/product_cat?post=10806"},{"taxonomy":"product_tag","embeddable":true,"href":"https:\/\/sanbenitosanteria.com\/index.php\/wp-json\/wp\/v2\/product_tag?post=10806"}],"curies":[{"name":"wp","href":"https:\/\/api.w.org\/{rel}","templated":true}]}}