{"id":10818,"date":"2023-08-18T21:20:38","date_gmt":"2023-08-18T21:20:38","guid":{"rendered":"https:\/\/sanbenitosanteria.com\/?post_type=product&#038;p=10818"},"modified":"2026-03-24T14:19:37","modified_gmt":"2026-03-24T14:19:37","slug":"crema-reductora","status":"publish","type":"product","link":"https:\/\/sanbenitosanteria.com\/index.php\/product\/crema-reductora\/","title":{"rendered":"Crema Reductora"},"content":{"rendered":"","protected":false},"excerpt":{"rendered":"<p>Crema reductora para masajes (con extractos vegetales)<br \/>\nActivada con aceite de s\u00e9samo, centella asi\u00e1tica y prop\u00f3leo.<\/p>\n<p>Elimina el tejido graso excedente y combate la celulitis.<\/p>\n<p>Ejerce profunda tonificaci\u00f3n y fortaleza, brindando a su piel firmeza y elasticidad.<\/p>\n<p>Al aplicar esta crema, es conveniente que la piel est\u00e9 levemente h\u00fameda, por lo tanto puede ser aplicada despu\u00e9s del ba\u00f1o. Aplicar con masajes circulares en las zonas con problemas (piernas, caderas, abdomen) hasta su absorci\u00f3n.<\/p>\n","protected":false},"featured_media":10820,"template":"","meta":{"_joinchat":[]},"product_brand":[],"product_cat":[116,108],"product_tag":[],"class_list":{"0":"post-10818","1":"product","2":"type-product","3":"status-publish","4":"has-post-thumbnail","6":"product_cat-cremas","7":"product_cat-franciscanos","9":"first","10":"instock","11":"shipping-taxable","12":"purchasable","13":"product-type-simple"},"_links":{"self":[{"href":"https:\/\/sanbenitosanteria.com\/index.php\/wp-json\/wp\/v2\/product\/10818","targetHints":{"allow":["GET"]}}],"collection":[{"href":"https:\/\/sanbenitosanteria.com\/index.php\/wp-json\/wp\/v2\/product"}],"about":[{"href":"https:\/\/sanbenitosanteria.com\/index.php\/wp-json\/wp\/v2\/types\/product"}],"version-history":[{"count":2,"href":"https:\/\/sanbenitosanteria.com\/index.php\/wp-json\/wp\/v2\/product\/10818\/revisions"}],"predecessor-version":[{"id":10823,"href":"https:\/\/sanbenitosanteria.com\/index.php\/wp-json\/wp\/v2\/product\/10818\/revisions\/10823"}],"wp:featuredmedia":[{"embeddable":true,"href":"https:\/\/sanbenitosanteria.com\/index.php\/wp-json\/wp\/v2\/media\/10820"}],"wp:attachment":[{"href":"https:\/\/sanbenitosanteria.com\/index.php\/wp-json\/wp\/v2\/media?parent=10818"}],"wp:term":[{"taxonomy":"product_brand","embeddable":true,"href":"https:\/\/sanbenitosanteria.com\/index.php\/wp-json\/wp\/v2\/product_brand?post=10818"},{"taxonomy":"product_cat","embeddable":true,"href":"https:\/\/sanbenitosanteria.com\/index.php\/wp-json\/wp\/v2\/product_cat?post=10818"},{"taxonomy":"product_tag","embeddable":true,"href":"https:\/\/sanbenitosanteria.com\/index.php\/wp-json\/wp\/v2\/product_tag?post=10818"}],"curies":[{"name":"wp","href":"https:\/\/api.w.org\/{rel}","templated":true}]}}