{"id":10868,"date":"2023-09-18T20:49:01","date_gmt":"2023-09-18T20:49:01","guid":{"rendered":"https:\/\/sanbenitosanteria.com\/?post_type=product&#038;p=10868"},"modified":"2026-03-24T14:03:45","modified_gmt":"2026-03-24T14:03:45","slug":"crema-de-limpieza","status":"publish","type":"product","link":"https:\/\/sanbenitosanteria.com\/index.php\/product\/crema-de-limpieza\/","title":{"rendered":"Crema de limpieza"},"content":{"rendered":"","protected":false},"excerpt":{"rendered":"<p>Crema de limpieza<\/p>\n<p>Activada con prop\u00f3leo y cera de abejas.<\/p>\n<p>Elimina totalmente las impurezas de la superficie cut\u00e1nea humectando y protegiendo la piel. Aplicar con masajes suavemente.<\/p>\n<p>La piel lucir\u00e1 limpia y tersa, posibilitando su humectaci\u00f3n o nutrici\u00f3n.<\/p>\n<p>Se adapta perfectamente a todo tipo de cutis.<\/p>\n","protected":false},"featured_media":10871,"template":"","meta":{"_joinchat":[]},"product_brand":[],"product_cat":[116,108],"product_tag":[],"class_list":{"0":"post-10868","1":"product","2":"type-product","3":"status-publish","4":"has-post-thumbnail","6":"product_cat-cremas","7":"product_cat-franciscanos","9":"first","10":"instock","11":"shipping-taxable","12":"purchasable","13":"product-type-simple"},"_links":{"self":[{"href":"https:\/\/sanbenitosanteria.com\/index.php\/wp-json\/wp\/v2\/product\/10868","targetHints":{"allow":["GET"]}}],"collection":[{"href":"https:\/\/sanbenitosanteria.com\/index.php\/wp-json\/wp\/v2\/product"}],"about":[{"href":"https:\/\/sanbenitosanteria.com\/index.php\/wp-json\/wp\/v2\/types\/product"}],"version-history":[{"count":1,"href":"https:\/\/sanbenitosanteria.com\/index.php\/wp-json\/wp\/v2\/product\/10868\/revisions"}],"predecessor-version":[{"id":10870,"href":"https:\/\/sanbenitosanteria.com\/index.php\/wp-json\/wp\/v2\/product\/10868\/revisions\/10870"}],"wp:featuredmedia":[{"embeddable":true,"href":"https:\/\/sanbenitosanteria.com\/index.php\/wp-json\/wp\/v2\/media\/10871"}],"wp:attachment":[{"href":"https:\/\/sanbenitosanteria.com\/index.php\/wp-json\/wp\/v2\/media?parent=10868"}],"wp:term":[{"taxonomy":"product_brand","embeddable":true,"href":"https:\/\/sanbenitosanteria.com\/index.php\/wp-json\/wp\/v2\/product_brand?post=10868"},{"taxonomy":"product_cat","embeddable":true,"href":"https:\/\/sanbenitosanteria.com\/index.php\/wp-json\/wp\/v2\/product_cat?post=10868"},{"taxonomy":"product_tag","embeddable":true,"href":"https:\/\/sanbenitosanteria.com\/index.php\/wp-json\/wp\/v2\/product_tag?post=10868"}],"curies":[{"name":"wp","href":"https:\/\/api.w.org\/{rel}","templated":true}]}}