{"id":10875,"date":"2023-09-18T20:58:26","date_gmt":"2023-09-18T20:58:26","guid":{"rendered":"https:\/\/sanbenitosanteria.com\/?post_type=product&#038;p=10875"},"modified":"2026-03-24T14:20:48","modified_gmt":"2026-03-24T14:20:48","slug":"crema-tratante-con-propoleos","status":"publish","type":"product","link":"https:\/\/sanbenitosanteria.com\/index.php\/product\/crema-tratante-con-propoleos\/","title":{"rendered":"Crema tratante con prop\u00f3leos"},"content":{"rendered":"","protected":false},"excerpt":{"rendered":"<p>Crema tratante con prop\u00f3leos (Para psoriasis-acn\u00e9)<\/p>\n<p>Activada con prop\u00f3leo, urea y zanahoria.<\/p>\n<p>Esta crema de notable eficacia y seguridad, debe sus bondades a la conjunci\u00f3n de un elemento natural como el prop\u00f3leo, que suma a su conocida acci\u00f3n antis\u00e9ptica, una revolucionaria acci\u00f3n queratol\u00edtica, logrando con la incorporaci\u00f3n de la urea, una excelente penetraci\u00f3n en la piel. Este producto no contiene corticoides ni irritantes.<\/p>\n<p>Se aplica sobre la zona afectada con suaves masajes, hasta su absorci\u00f3n, dos o tres veces por d\u00eda.<\/p>\n","protected":false},"featured_media":10876,"template":"","meta":{"_joinchat":[]},"product_brand":[],"product_cat":[116,108],"product_tag":[],"class_list":{"0":"post-10875","1":"product","2":"type-product","3":"status-publish","4":"has-post-thumbnail","6":"product_cat-cremas","7":"product_cat-franciscanos","9":"first","10":"instock","11":"shipping-taxable","12":"purchasable","13":"product-type-simple"},"_links":{"self":[{"href":"https:\/\/sanbenitosanteria.com\/index.php\/wp-json\/wp\/v2\/product\/10875","targetHints":{"allow":["GET"]}}],"collection":[{"href":"https:\/\/sanbenitosanteria.com\/index.php\/wp-json\/wp\/v2\/product"}],"about":[{"href":"https:\/\/sanbenitosanteria.com\/index.php\/wp-json\/wp\/v2\/types\/product"}],"version-history":[{"count":1,"href":"https:\/\/sanbenitosanteria.com\/index.php\/wp-json\/wp\/v2\/product\/10875\/revisions"}],"predecessor-version":[{"id":10877,"href":"https:\/\/sanbenitosanteria.com\/index.php\/wp-json\/wp\/v2\/product\/10875\/revisions\/10877"}],"wp:featuredmedia":[{"embeddable":true,"href":"https:\/\/sanbenitosanteria.com\/index.php\/wp-json\/wp\/v2\/media\/10876"}],"wp:attachment":[{"href":"https:\/\/sanbenitosanteria.com\/index.php\/wp-json\/wp\/v2\/media?parent=10875"}],"wp:term":[{"taxonomy":"product_brand","embeddable":true,"href":"https:\/\/sanbenitosanteria.com\/index.php\/wp-json\/wp\/v2\/product_brand?post=10875"},{"taxonomy":"product_cat","embeddable":true,"href":"https:\/\/sanbenitosanteria.com\/index.php\/wp-json\/wp\/v2\/product_cat?post=10875"},{"taxonomy":"product_tag","embeddable":true,"href":"https:\/\/sanbenitosanteria.com\/index.php\/wp-json\/wp\/v2\/product_tag?post=10875"}],"curies":[{"name":"wp","href":"https:\/\/api.w.org\/{rel}","templated":true}]}}