{"id":10920,"date":"2023-09-22T14:43:03","date_gmt":"2023-09-22T14:43:03","guid":{"rendered":"https:\/\/sanbenitosanteria.com\/?post_type=product&#038;p=10920"},"modified":"2026-03-24T14:28:05","modified_gmt":"2026-03-24T14:28:05","slug":"locion-estimulante","status":"publish","type":"product","link":"https:\/\/sanbenitosanteria.com\/index.php\/product\/locion-estimulante\/","title":{"rendered":"Loci\u00f3n Estimulante"},"content":{"rendered":"","protected":false},"excerpt":{"rendered":"<p>Loci\u00f3n Facial Estimulante T\u00f3nico<br \/>\nActivada con n\u00e9ctar y aloe vera.<\/p>\n<p>Brinda suavidad, elasticidad y frescura a la piel, porque est\u00e1 elaborada a base de elementos ideales para realizar una profunda tonificaci\u00f3n y revitalizaci\u00f3n en todo tipo de piel, especialmente en pieles normales, mixtas o secas. Se puede usar tanto para el cutis como para la piel de todo el cuerpo<\/p>\n","protected":false},"featured_media":10921,"template":"","meta":{"_joinchat":[]},"product_brand":[],"product_cat":[108,114],"product_tag":[],"class_list":{"0":"post-10920","1":"product","2":"type-product","3":"status-publish","4":"has-post-thumbnail","6":"product_cat-franciscanos","7":"product_cat-lociones","9":"first","10":"instock","11":"shipping-taxable","12":"purchasable","13":"product-type-simple"},"_links":{"self":[{"href":"https:\/\/sanbenitosanteria.com\/index.php\/wp-json\/wp\/v2\/product\/10920","targetHints":{"allow":["GET"]}}],"collection":[{"href":"https:\/\/sanbenitosanteria.com\/index.php\/wp-json\/wp\/v2\/product"}],"about":[{"href":"https:\/\/sanbenitosanteria.com\/index.php\/wp-json\/wp\/v2\/types\/product"}],"version-history":[{"count":3,"href":"https:\/\/sanbenitosanteria.com\/index.php\/wp-json\/wp\/v2\/product\/10920\/revisions"}],"predecessor-version":[{"id":10924,"href":"https:\/\/sanbenitosanteria.com\/index.php\/wp-json\/wp\/v2\/product\/10920\/revisions\/10924"}],"wp:featuredmedia":[{"embeddable":true,"href":"https:\/\/sanbenitosanteria.com\/index.php\/wp-json\/wp\/v2\/media\/10921"}],"wp:attachment":[{"href":"https:\/\/sanbenitosanteria.com\/index.php\/wp-json\/wp\/v2\/media?parent=10920"}],"wp:term":[{"taxonomy":"product_brand","embeddable":true,"href":"https:\/\/sanbenitosanteria.com\/index.php\/wp-json\/wp\/v2\/product_brand?post=10920"},{"taxonomy":"product_cat","embeddable":true,"href":"https:\/\/sanbenitosanteria.com\/index.php\/wp-json\/wp\/v2\/product_cat?post=10920"},{"taxonomy":"product_tag","embeddable":true,"href":"https:\/\/sanbenitosanteria.com\/index.php\/wp-json\/wp\/v2\/product_tag?post=10920"}],"curies":[{"name":"wp","href":"https:\/\/api.w.org\/{rel}","templated":true}]}}