{"id":10928,"date":"2023-09-22T14:53:23","date_gmt":"2023-09-22T14:53:23","guid":{"rendered":"https:\/\/sanbenitosanteria.com\/?post_type=product&#038;p=10928"},"modified":"2026-04-03T21:55:40","modified_gmt":"2026-04-03T21:55:40","slug":"polen-natural-de-flores","status":"publish","type":"product","link":"https:\/\/sanbenitosanteria.com\/index.php\/product\/polen-natural-de-flores\/","title":{"rendered":"Polen Natural de Flores"},"content":{"rendered":"","protected":false},"excerpt":{"rendered":"<p>Polen natural de flores en gr\u00e1nulos x 200cc<br \/>\nDe cuidada elaboraci\u00f3n artesanal por Religiosos Misioneros Franciscanos<br \/>\nSuplementos alimenticios naturales de la colmena.<\/p>\n<p>\u00bfQui\u00e9nes deben tomar el Polen?<\/p>\n<p>Siendo un t\u00f3nico energ\u00e9tico y un revitalizador excepcional para todas las edades, su consumo es aconsejable a todas las personas y, en particular, para los siguientes casos:<\/p>\n<p>En las personas que padecen agotamiento f\u00edsico y\/o intelectual.<\/p>\n<p>Suplemento vitam\u00ednico y mineral en la adolescencia.<\/p>\n<p>Los an\u00e9micos para aumentar intensivamente los gl\u00f3bulos rojos.<\/p>\n<p>Los ni\u00f1os para favorecer su crecimiento y su desarrollo.<\/p>\n<p>Es un antioxidante natural.<\/p>\n<p>Los enfermos del h\u00edgado o del intestino, para recuperar la normalizaci\u00f3n de sus \u00f3rganos.<\/p>\n<p>Los que padecen asma bronquial, eczemas o trastornos visuales.<\/p>\n<p>Su consumo diario posibilita recuperar las c\u00e9lulas del cuerpo con asombrosa rapidez. Su consumo se recomienda para personas mayores, puesto que produce un rejuvenecimiento general de todo el cuerpo. Consultar a su m\u00e9dico.<\/p>\n","protected":false},"featured_media":10929,"template":"","meta":{"_joinchat":[]},"product_brand":[],"product_cat":[117,108],"product_tag":[],"class_list":{"0":"post-10928","1":"product","2":"type-product","3":"status-publish","4":"has-post-thumbnail","6":"product_cat-derivados-de-la-colmena","7":"product_cat-franciscanos","9":"first","10":"instock","11":"featured","12":"shipping-taxable","13":"purchasable","14":"product-type-simple"},"_links":{"self":[{"href":"https:\/\/sanbenitosanteria.com\/index.php\/wp-json\/wp\/v2\/product\/10928","targetHints":{"allow":["GET"]}}],"collection":[{"href":"https:\/\/sanbenitosanteria.com\/index.php\/wp-json\/wp\/v2\/product"}],"about":[{"href":"https:\/\/sanbenitosanteria.com\/index.php\/wp-json\/wp\/v2\/types\/product"}],"version-history":[{"count":3,"href":"https:\/\/sanbenitosanteria.com\/index.php\/wp-json\/wp\/v2\/product\/10928\/revisions"}],"predecessor-version":[{"id":12714,"href":"https:\/\/sanbenitosanteria.com\/index.php\/wp-json\/wp\/v2\/product\/10928\/revisions\/12714"}],"wp:featuredmedia":[{"embeddable":true,"href":"https:\/\/sanbenitosanteria.com\/index.php\/wp-json\/wp\/v2\/media\/10929"}],"wp:attachment":[{"href":"https:\/\/sanbenitosanteria.com\/index.php\/wp-json\/wp\/v2\/media?parent=10928"}],"wp:term":[{"taxonomy":"product_brand","embeddable":true,"href":"https:\/\/sanbenitosanteria.com\/index.php\/wp-json\/wp\/v2\/product_brand?post=10928"},{"taxonomy":"product_cat","embeddable":true,"href":"https:\/\/sanbenitosanteria.com\/index.php\/wp-json\/wp\/v2\/product_cat?post=10928"},{"taxonomy":"product_tag","embeddable":true,"href":"https:\/\/sanbenitosanteria.com\/index.php\/wp-json\/wp\/v2\/product_tag?post=10928"}],"curies":[{"name":"wp","href":"https:\/\/api.w.org\/{rel}","templated":true}]}}