{"id":10934,"date":"2023-09-22T15:27:48","date_gmt":"2023-09-22T15:27:48","guid":{"rendered":"https:\/\/sanbenitosanteria.com\/?post_type=product&#038;p=10934"},"modified":"2026-04-03T21:55:32","modified_gmt":"2026-04-03T21:55:32","slug":"propoleo-liquido","status":"publish","type":"product","link":"https:\/\/sanbenitosanteria.com\/index.php\/product\/propoleo-liquido\/","title":{"rendered":"Prop\u00f3leo l\u00edquido"},"content":{"rendered":"","protected":false},"excerpt":{"rendered":"<p>Prop\u00f3leo L\u00edquido. Jarabe Bebible al 10% de prop\u00f3leo. Sin alcohol<br \/>\nDe cuidada elaboraci\u00f3n artesanal por Religiosos Misioneros Franciscanos<br \/>\nPresentaci\u00f3n 120cc.<\/p>\n<p>El prop\u00f3leo, seg\u00fan han demostrado varios estudios cient\u00edficos, posee muchas otras propiedades medicinales, entre las que se le reconocen: antioxidantes, antibi\u00f3ticas (fungicida y bacteriana), cicatrizantes, antiinflamatorias, analg\u00e9sicas, antial\u00e9rgicas, epitelizantes y anest\u00e9sicas, entre otras.<\/p>\n<p>Esta sustancia resinosa, de color verde o casi negro, que obtienen las abejas de las yemas y cortezas de algunos \u00e1rboles como el abedul, sauce, casta\u00f1o, roble, pino, cerezo y algunas plantas herb\u00e1ceas, tambi\u00e9n contiene provitamina A, vitaminas del grupo B (especialmente B3), amino\u00e1cidos, minerales y bioflavonoides (vitamina P). Consultar a su m\u00e9dico.<\/p>\n","protected":false},"featured_media":10935,"template":"","meta":{"_joinchat":[]},"product_brand":[],"product_cat":[117,108],"product_tag":[],"class_list":{"0":"post-10934","1":"product","2":"type-product","3":"status-publish","4":"has-post-thumbnail","6":"product_cat-derivados-de-la-colmena","7":"product_cat-franciscanos","9":"first","10":"instock","11":"featured","12":"shipping-taxable","13":"purchasable","14":"product-type-simple"},"_links":{"self":[{"href":"https:\/\/sanbenitosanteria.com\/index.php\/wp-json\/wp\/v2\/product\/10934","targetHints":{"allow":["GET"]}}],"collection":[{"href":"https:\/\/sanbenitosanteria.com\/index.php\/wp-json\/wp\/v2\/product"}],"about":[{"href":"https:\/\/sanbenitosanteria.com\/index.php\/wp-json\/wp\/v2\/types\/product"}],"version-history":[{"count":4,"href":"https:\/\/sanbenitosanteria.com\/index.php\/wp-json\/wp\/v2\/product\/10934\/revisions"}],"predecessor-version":[{"id":12712,"href":"https:\/\/sanbenitosanteria.com\/index.php\/wp-json\/wp\/v2\/product\/10934\/revisions\/12712"}],"wp:featuredmedia":[{"embeddable":true,"href":"https:\/\/sanbenitosanteria.com\/index.php\/wp-json\/wp\/v2\/media\/10935"}],"wp:attachment":[{"href":"https:\/\/sanbenitosanteria.com\/index.php\/wp-json\/wp\/v2\/media?parent=10934"}],"wp:term":[{"taxonomy":"product_brand","embeddable":true,"href":"https:\/\/sanbenitosanteria.com\/index.php\/wp-json\/wp\/v2\/product_brand?post=10934"},{"taxonomy":"product_cat","embeddable":true,"href":"https:\/\/sanbenitosanteria.com\/index.php\/wp-json\/wp\/v2\/product_cat?post=10934"},{"taxonomy":"product_tag","embeddable":true,"href":"https:\/\/sanbenitosanteria.com\/index.php\/wp-json\/wp\/v2\/product_tag?post=10934"}],"curies":[{"name":"wp","href":"https:\/\/api.w.org\/{rel}","templated":true}]}}