{"id":10944,"date":"2023-09-22T16:14:00","date_gmt":"2023-09-22T16:14:00","guid":{"rendered":"https:\/\/sanbenitosanteria.com\/?post_type=product&#038;p=10944"},"modified":"2026-04-03T21:55:26","modified_gmt":"2026-04-03T21:55:26","slug":"crema-bio-regeneradora","status":"publish","type":"product","link":"https:\/\/sanbenitosanteria.com\/index.php\/product\/crema-bio-regeneradora\/","title":{"rendered":"Crema Bio-regeneradora"},"content":{"rendered":"","protected":false},"excerpt":{"rendered":"<p>Crema bio-regeneradora:<\/p>\n<p>Activada con rosa mosqueta, zanahoria, miel y col\u00e1geno.<\/p>\n<p>Revolucionario tratamiento de belleza que minimiza las arrugas y las l\u00edneas de expresi\u00f3n. Gracias a su f\u00f3rmula rejuvenece y dan lozan\u00eda a su piel. Aplicar en rostro y cuello dos veces al d\u00eda.<\/p>\n","protected":false},"featured_media":10945,"template":"","meta":{"_joinchat":[]},"product_brand":[],"product_cat":[116,108],"product_tag":[],"class_list":{"0":"post-10944","1":"product","2":"type-product","3":"status-publish","4":"has-post-thumbnail","6":"product_cat-cremas","7":"product_cat-franciscanos","9":"first","10":"instock","11":"featured","12":"shipping-taxable","13":"purchasable","14":"product-type-simple"},"_links":{"self":[{"href":"https:\/\/sanbenitosanteria.com\/index.php\/wp-json\/wp\/v2\/product\/10944","targetHints":{"allow":["GET"]}}],"collection":[{"href":"https:\/\/sanbenitosanteria.com\/index.php\/wp-json\/wp\/v2\/product"}],"about":[{"href":"https:\/\/sanbenitosanteria.com\/index.php\/wp-json\/wp\/v2\/types\/product"}],"version-history":[{"count":3,"href":"https:\/\/sanbenitosanteria.com\/index.php\/wp-json\/wp\/v2\/product\/10944\/revisions"}],"predecessor-version":[{"id":12709,"href":"https:\/\/sanbenitosanteria.com\/index.php\/wp-json\/wp\/v2\/product\/10944\/revisions\/12709"}],"wp:featuredmedia":[{"embeddable":true,"href":"https:\/\/sanbenitosanteria.com\/index.php\/wp-json\/wp\/v2\/media\/10945"}],"wp:attachment":[{"href":"https:\/\/sanbenitosanteria.com\/index.php\/wp-json\/wp\/v2\/media?parent=10944"}],"wp:term":[{"taxonomy":"product_brand","embeddable":true,"href":"https:\/\/sanbenitosanteria.com\/index.php\/wp-json\/wp\/v2\/product_brand?post=10944"},{"taxonomy":"product_cat","embeddable":true,"href":"https:\/\/sanbenitosanteria.com\/index.php\/wp-json\/wp\/v2\/product_cat?post=10944"},{"taxonomy":"product_tag","embeddable":true,"href":"https:\/\/sanbenitosanteria.com\/index.php\/wp-json\/wp\/v2\/product_tag?post=10944"}],"curies":[{"name":"wp","href":"https:\/\/api.w.org\/{rel}","templated":true}]}}