{"id":11152,"date":"2024-01-10T14:15:54","date_gmt":"2024-01-10T14:15:54","guid":{"rendered":"https:\/\/sanbenitosanteria.com\/?post_type=product&#038;p=11152"},"modified":"2026-03-14T16:18:39","modified_gmt":"2026-03-14T16:18:39","slug":"adobo-para-pizza","status":"publish","type":"product","link":"https:\/\/sanbenitosanteria.com\/index.php\/product\/adobo-para-pizza\/","title":{"rendered":"Adobo Para Pizza"},"content":{"rendered":"","protected":false},"excerpt":{"rendered":"<p><strong>Ingredientes:<\/strong><\/p>\n<p>or\u00e9gano, perejil, aj\u00ed molido, piment\u00f3n y laurel en polvo.<\/p>\n<p><strong>Usos culinarios<\/strong><\/p>\n<p>Se utiliza para sazonar o condimentar especialmente las pizzas, que tambi\u00e9n se puede utilizar en otras preparaciones como tucos, estofados, etc.<\/p>\n","protected":false},"featured_media":11153,"template":"","meta":{"_joinchat":[]},"product_brand":[],"product_cat":[366,86],"product_tag":[],"class_list":{"0":"post-11152","1":"product","2":"type-product","3":"status-publish","4":"has-post-thumbnail","6":"product_cat-condimentos","7":"product_cat-san-benito","9":"first","10":"instock","11":"shipping-taxable","12":"purchasable","13":"product-type-simple"},"_links":{"self":[{"href":"https:\/\/sanbenitosanteria.com\/index.php\/wp-json\/wp\/v2\/product\/11152","targetHints":{"allow":["GET"]}}],"collection":[{"href":"https:\/\/sanbenitosanteria.com\/index.php\/wp-json\/wp\/v2\/product"}],"about":[{"href":"https:\/\/sanbenitosanteria.com\/index.php\/wp-json\/wp\/v2\/types\/product"}],"version-history":[{"count":2,"href":"https:\/\/sanbenitosanteria.com\/index.php\/wp-json\/wp\/v2\/product\/11152\/revisions"}],"predecessor-version":[{"id":11948,"href":"https:\/\/sanbenitosanteria.com\/index.php\/wp-json\/wp\/v2\/product\/11152\/revisions\/11948"}],"wp:featuredmedia":[{"embeddable":true,"href":"https:\/\/sanbenitosanteria.com\/index.php\/wp-json\/wp\/v2\/media\/11153"}],"wp:attachment":[{"href":"https:\/\/sanbenitosanteria.com\/index.php\/wp-json\/wp\/v2\/media?parent=11152"}],"wp:term":[{"taxonomy":"product_brand","embeddable":true,"href":"https:\/\/sanbenitosanteria.com\/index.php\/wp-json\/wp\/v2\/product_brand?post=11152"},{"taxonomy":"product_cat","embeddable":true,"href":"https:\/\/sanbenitosanteria.com\/index.php\/wp-json\/wp\/v2\/product_cat?post=11152"},{"taxonomy":"product_tag","embeddable":true,"href":"https:\/\/sanbenitosanteria.com\/index.php\/wp-json\/wp\/v2\/product_tag?post=11152"}],"curies":[{"name":"wp","href":"https:\/\/api.w.org\/{rel}","templated":true}]}}