{"id":11155,"date":"2024-01-10T14:20:07","date_gmt":"2024-01-10T14:20:07","guid":{"rendered":"https:\/\/sanbenitosanteria.com\/?post_type=product&#038;p=11155"},"modified":"2026-03-14T16:21:43","modified_gmt":"2026-03-14T16:21:43","slug":"perejil","status":"publish","type":"product","link":"https:\/\/sanbenitosanteria.com\/index.php\/product\/perejil\/","title":{"rendered":"Perejil"},"content":{"rendered":"","protected":false},"excerpt":{"rendered":"<p>Es, con toda seguridad, la hierba m\u00e1s popular. Se usan las hojas y los tallos, siendo \u00e9stos los de sabor m\u00e1s fuerte. Picado se usa en grandes cantidades para condimentar salsas, sopas, ensaladas, tortillas y rellenos, y pueden servir como aderezo decorativo para casi cualquier plato salado.<\/p>\n<p>El perejil es una hierba arom\u00e1tica procedente del Mediterr\u00e1neo, usada en salsas o simplemente para aromatizar carnes, aves, pescados.<\/p>\n","protected":false},"featured_media":11156,"template":"","meta":{"_joinchat":[]},"product_brand":[],"product_cat":[366,86],"product_tag":[],"class_list":{"0":"post-11155","1":"product","2":"type-product","3":"status-publish","4":"has-post-thumbnail","6":"product_cat-condimentos","7":"product_cat-san-benito","9":"first","10":"instock","11":"shipping-taxable","12":"purchasable","13":"product-type-simple"},"_links":{"self":[{"href":"https:\/\/sanbenitosanteria.com\/index.php\/wp-json\/wp\/v2\/product\/11155","targetHints":{"allow":["GET"]}}],"collection":[{"href":"https:\/\/sanbenitosanteria.com\/index.php\/wp-json\/wp\/v2\/product"}],"about":[{"href":"https:\/\/sanbenitosanteria.com\/index.php\/wp-json\/wp\/v2\/types\/product"}],"version-history":[{"count":3,"href":"https:\/\/sanbenitosanteria.com\/index.php\/wp-json\/wp\/v2\/product\/11155\/revisions"}],"predecessor-version":[{"id":12698,"href":"https:\/\/sanbenitosanteria.com\/index.php\/wp-json\/wp\/v2\/product\/11155\/revisions\/12698"}],"wp:featuredmedia":[{"embeddable":true,"href":"https:\/\/sanbenitosanteria.com\/index.php\/wp-json\/wp\/v2\/media\/11156"}],"wp:attachment":[{"href":"https:\/\/sanbenitosanteria.com\/index.php\/wp-json\/wp\/v2\/media?parent=11155"}],"wp:term":[{"taxonomy":"product_brand","embeddable":true,"href":"https:\/\/sanbenitosanteria.com\/index.php\/wp-json\/wp\/v2\/product_brand?post=11155"},{"taxonomy":"product_cat","embeddable":true,"href":"https:\/\/sanbenitosanteria.com\/index.php\/wp-json\/wp\/v2\/product_cat?post=11155"},{"taxonomy":"product_tag","embeddable":true,"href":"https:\/\/sanbenitosanteria.com\/index.php\/wp-json\/wp\/v2\/product_tag?post=11155"}],"curies":[{"name":"wp","href":"https:\/\/api.w.org\/{rel}","templated":true}]}}