{"id":11159,"date":"2024-01-10T14:22:50","date_gmt":"2024-01-10T14:22:50","guid":{"rendered":"https:\/\/sanbenitosanteria.com\/?post_type=product&#038;p=11159"},"modified":"2026-03-14T16:23:53","modified_gmt":"2026-03-14T16:23:53","slug":"tomillo","status":"publish","type":"product","link":"https:\/\/sanbenitosanteria.com\/index.php\/product\/tomillo\/","title":{"rendered":"Tomillo"},"content":{"rendered":"","protected":false},"excerpt":{"rendered":"<p>El tomillo de propiedades arom\u00e1ticas, potencia caldos, verduras, carnes, rellenos y sopas, especialmente recetas provistas de tomate.<\/p>\n<p>Existe un gran n\u00famero de variedades de tomillo en el mundo aunque todos comparten la presencia de timol, el compuesto arom\u00e1tico que le da su olor y sabor caracter\u00edstico<\/p>\n","protected":false},"featured_media":11160,"template":"","meta":{"_joinchat":[]},"product_brand":[],"product_cat":[366,86],"product_tag":[],"class_list":{"0":"post-11159","1":"product","2":"type-product","3":"status-publish","4":"has-post-thumbnail","6":"product_cat-condimentos","7":"product_cat-san-benito","9":"first","10":"instock","11":"featured","12":"shipping-taxable","13":"purchasable","14":"product-type-simple"},"_links":{"self":[{"href":"https:\/\/sanbenitosanteria.com\/index.php\/wp-json\/wp\/v2\/product\/11159","targetHints":{"allow":["GET"]}}],"collection":[{"href":"https:\/\/sanbenitosanteria.com\/index.php\/wp-json\/wp\/v2\/product"}],"about":[{"href":"https:\/\/sanbenitosanteria.com\/index.php\/wp-json\/wp\/v2\/types\/product"}],"version-history":[{"count":3,"href":"https:\/\/sanbenitosanteria.com\/index.php\/wp-json\/wp\/v2\/product\/11159\/revisions"}],"predecessor-version":[{"id":12697,"href":"https:\/\/sanbenitosanteria.com\/index.php\/wp-json\/wp\/v2\/product\/11159\/revisions\/12697"}],"wp:featuredmedia":[{"embeddable":true,"href":"https:\/\/sanbenitosanteria.com\/index.php\/wp-json\/wp\/v2\/media\/11160"}],"wp:attachment":[{"href":"https:\/\/sanbenitosanteria.com\/index.php\/wp-json\/wp\/v2\/media?parent=11159"}],"wp:term":[{"taxonomy":"product_brand","embeddable":true,"href":"https:\/\/sanbenitosanteria.com\/index.php\/wp-json\/wp\/v2\/product_brand?post=11159"},{"taxonomy":"product_cat","embeddable":true,"href":"https:\/\/sanbenitosanteria.com\/index.php\/wp-json\/wp\/v2\/product_cat?post=11159"},{"taxonomy":"product_tag","embeddable":true,"href":"https:\/\/sanbenitosanteria.com\/index.php\/wp-json\/wp\/v2\/product_tag?post=11159"}],"curies":[{"name":"wp","href":"https:\/\/api.w.org\/{rel}","templated":true}]}}