{"id":11218,"date":"2024-01-25T21:02:55","date_gmt":"2024-01-25T21:02:55","guid":{"rendered":"https:\/\/sanbenitosanteria.com\/?post_type=product&#038;p=11218"},"modified":"2026-04-03T21:55:53","modified_gmt":"2026-04-03T21:55:53","slug":"dulce-de-leche","status":"publish","type":"product","link":"https:\/\/sanbenitosanteria.com\/index.php\/product\/dulce-de-leche\/","title":{"rendered":"Dulce de Leche &#8211; envase de vidrio"},"content":{"rendered":"","protected":false},"excerpt":{"rendered":"<p>Dulce de Leche \u00abAbad\u00eda San Benito\u00bb.<\/p>\n<p>Sin conservantes.<\/p>\n<p>Productor: Abad\u00eda San Benito (J\u00e1uregui, partido de Luj\u00e1n, Buenos Aires)<\/p>\n","protected":false},"featured_media":12552,"template":"","meta":{"_joinchat":[]},"product_brand":[],"product_cat":[118,151],"product_tag":[],"class_list":{"0":"post-11218","1":"product","2":"type-product","3":"status-publish","4":"has-post-thumbnail","6":"product_cat-dulce-de-leche","7":"product_cat-dulce-de-leche-vidrio","9":"first","10":"instock","11":"featured","12":"shipping-taxable","13":"purchasable","14":"product-type-variable"},"_links":{"self":[{"href":"https:\/\/sanbenitosanteria.com\/index.php\/wp-json\/wp\/v2\/product\/11218","targetHints":{"allow":["GET"]}}],"collection":[{"href":"https:\/\/sanbenitosanteria.com\/index.php\/wp-json\/wp\/v2\/product"}],"about":[{"href":"https:\/\/sanbenitosanteria.com\/index.php\/wp-json\/wp\/v2\/types\/product"}],"version-history":[{"count":8,"href":"https:\/\/sanbenitosanteria.com\/index.php\/wp-json\/wp\/v2\/product\/11218\/revisions"}],"predecessor-version":[{"id":11944,"href":"https:\/\/sanbenitosanteria.com\/index.php\/wp-json\/wp\/v2\/product\/11218\/revisions\/11944"}],"wp:featuredmedia":[{"embeddable":true,"href":"https:\/\/sanbenitosanteria.com\/index.php\/wp-json\/wp\/v2\/media\/12552"}],"wp:attachment":[{"href":"https:\/\/sanbenitosanteria.com\/index.php\/wp-json\/wp\/v2\/media?parent=11218"}],"wp:term":[{"taxonomy":"product_brand","embeddable":true,"href":"https:\/\/sanbenitosanteria.com\/index.php\/wp-json\/wp\/v2\/product_brand?post=11218"},{"taxonomy":"product_cat","embeddable":true,"href":"https:\/\/sanbenitosanteria.com\/index.php\/wp-json\/wp\/v2\/product_cat?post=11218"},{"taxonomy":"product_tag","embeddable":true,"href":"https:\/\/sanbenitosanteria.com\/index.php\/wp-json\/wp\/v2\/product_tag?post=11218"}],"curies":[{"name":"wp","href":"https:\/\/api.w.org\/{rel}","templated":true}]}}