{"id":11930,"date":"2026-02-04T22:00:49","date_gmt":"2026-02-04T22:00:49","guid":{"rendered":"https:\/\/sanbenitosanteria.com\/?post_type=product&#038;p=11930"},"modified":"2026-03-24T14:15:23","modified_gmt":"2026-03-24T14:15:23","slug":"crema-para-piernas-y-pies","status":"publish","type":"product","link":"https:\/\/sanbenitosanteria.com\/index.php\/product\/crema-para-piernas-y-pies\/","title":{"rendered":"Crema Para Piernas y Pies"},"content":{"rendered":"","protected":false},"excerpt":{"rendered":"<p>Crema Para Piernas y Pies.<\/p>\n<p>A base de prop\u00f3leo y miel.<\/p>\n<p>Proporciona en los pies y piernas una agradable sensaci\u00f3n de bienestar y alivio general, gracias a su f\u00f3rmula con una acci\u00f3n energizante, relajante, antimic\u00f3tica y antis\u00e9ptica.<\/p>\n<ul>\n<li>Hidrata, nutre y repara los pies secos, ayud\u00e1ndolos a recuperar su elasticidad, libres de asperezas.<\/li>\n<li>Activa la cirulaci\u00f3n.<\/li>\n<\/ul>\n","protected":false},"featured_media":11931,"template":"","meta":{"_joinchat":[]},"product_brand":[],"product_cat":[116,108],"product_tag":[],"class_list":{"0":"post-11930","1":"product","2":"type-product","3":"status-publish","4":"has-post-thumbnail","6":"product_cat-cremas","7":"product_cat-franciscanos","9":"first","10":"instock","11":"shipping-taxable","12":"purchasable","13":"product-type-simple"},"_links":{"self":[{"href":"https:\/\/sanbenitosanteria.com\/index.php\/wp-json\/wp\/v2\/product\/11930","targetHints":{"allow":["GET"]}}],"collection":[{"href":"https:\/\/sanbenitosanteria.com\/index.php\/wp-json\/wp\/v2\/product"}],"about":[{"href":"https:\/\/sanbenitosanteria.com\/index.php\/wp-json\/wp\/v2\/types\/product"}],"version-history":[{"count":1,"href":"https:\/\/sanbenitosanteria.com\/index.php\/wp-json\/wp\/v2\/product\/11930\/revisions"}],"predecessor-version":[{"id":11932,"href":"https:\/\/sanbenitosanteria.com\/index.php\/wp-json\/wp\/v2\/product\/11930\/revisions\/11932"}],"wp:featuredmedia":[{"embeddable":true,"href":"https:\/\/sanbenitosanteria.com\/index.php\/wp-json\/wp\/v2\/media\/11931"}],"wp:attachment":[{"href":"https:\/\/sanbenitosanteria.com\/index.php\/wp-json\/wp\/v2\/media?parent=11930"}],"wp:term":[{"taxonomy":"product_brand","embeddable":true,"href":"https:\/\/sanbenitosanteria.com\/index.php\/wp-json\/wp\/v2\/product_brand?post=11930"},{"taxonomy":"product_cat","embeddable":true,"href":"https:\/\/sanbenitosanteria.com\/index.php\/wp-json\/wp\/v2\/product_cat?post=11930"},{"taxonomy":"product_tag","embeddable":true,"href":"https:\/\/sanbenitosanteria.com\/index.php\/wp-json\/wp\/v2\/product_tag?post=11930"}],"curies":[{"name":"wp","href":"https:\/\/api.w.org\/{rel}","templated":true}]}}