{"id":11936,"date":"2026-02-06T15:15:42","date_gmt":"2026-02-06T15:15:42","guid":{"rendered":"https:\/\/sanbenitosanteria.com\/?post_type=product&#038;p=11936"},"modified":"2026-03-24T14:40:13","modified_gmt":"2026-03-24T14:40:13","slug":"unguento-de-propoleo","status":"publish","type":"product","link":"https:\/\/sanbenitosanteria.com\/index.php\/product\/unguento-de-propoleo\/","title":{"rendered":"Ung\u00fcento de Prop\u00f3leo"},"content":{"rendered":"","protected":false},"excerpt":{"rendered":"<p>Ung\u00fcento de Prop\u00f3leo.<\/p>\n<p>B\u00e1lsamo natural, cicatrizante y regenerador d\u00e9rmico, ideal para tratar afecciones de la piel como heridas, quemaduras, eccemas, dermatitis, acn\u00e9, hongos y resequedad. Gracias a sus propiedades antimicrobianas y antiinflamatorias, protege y calma la piel irritada, siendo \u00fatil en la regeneraci\u00f3n de tejidos.<span aria-hidden=\"true\">\u00a0<\/span><\/p>\n","protected":false},"featured_media":11937,"template":"","meta":{"_joinchat":[]},"product_brand":[],"product_cat":[116,108],"product_tag":[],"class_list":{"0":"post-11936","1":"product","2":"type-product","3":"status-publish","4":"has-post-thumbnail","6":"product_cat-cremas","7":"product_cat-franciscanos","9":"first","10":"instock","11":"shipping-taxable","12":"purchasable","13":"product-type-simple"},"_links":{"self":[{"href":"https:\/\/sanbenitosanteria.com\/index.php\/wp-json\/wp\/v2\/product\/11936","targetHints":{"allow":["GET"]}}],"collection":[{"href":"https:\/\/sanbenitosanteria.com\/index.php\/wp-json\/wp\/v2\/product"}],"about":[{"href":"https:\/\/sanbenitosanteria.com\/index.php\/wp-json\/wp\/v2\/types\/product"}],"version-history":[{"count":1,"href":"https:\/\/sanbenitosanteria.com\/index.php\/wp-json\/wp\/v2\/product\/11936\/revisions"}],"predecessor-version":[{"id":11938,"href":"https:\/\/sanbenitosanteria.com\/index.php\/wp-json\/wp\/v2\/product\/11936\/revisions\/11938"}],"wp:featuredmedia":[{"embeddable":true,"href":"https:\/\/sanbenitosanteria.com\/index.php\/wp-json\/wp\/v2\/media\/11937"}],"wp:attachment":[{"href":"https:\/\/sanbenitosanteria.com\/index.php\/wp-json\/wp\/v2\/media?parent=11936"}],"wp:term":[{"taxonomy":"product_brand","embeddable":true,"href":"https:\/\/sanbenitosanteria.com\/index.php\/wp-json\/wp\/v2\/product_brand?post=11936"},{"taxonomy":"product_cat","embeddable":true,"href":"https:\/\/sanbenitosanteria.com\/index.php\/wp-json\/wp\/v2\/product_cat?post=11936"},{"taxonomy":"product_tag","embeddable":true,"href":"https:\/\/sanbenitosanteria.com\/index.php\/wp-json\/wp\/v2\/product_tag?post=11936"}],"curies":[{"name":"wp","href":"https:\/\/api.w.org\/{rel}","templated":true}]}}