{"id":11962,"date":"2026-02-06T19:29:36","date_gmt":"2026-02-06T19:29:36","guid":{"rendered":"https:\/\/sanbenitosanteria.com\/?post_type=product&#038;p=11962"},"modified":"2026-02-06T19:31:01","modified_gmt":"2026-02-06T19:31:01","slug":"cerveza-de-la-abadia-no9","status":"publish","type":"product","link":"https:\/\/sanbenitosanteria.com\/index.php\/product\/cerveza-de-la-abadia-no9\/","title":{"rendered":"Cerveza De La Abadia N\u00ba9"},"content":{"rendered":"","protected":false},"excerpt":{"rendered":"<p>Cerveza Strong.<\/p>\n<p>Elaborada de forma artesanal, por Monjes Benedictinos de Abad\u00eda San Benito.<\/p>\n<p>Es un estilo de alta graduaci\u00f3n alcoh\u00f3lica, caracterizada por un cuerpo robusto, sabores intensos a malta, caramelo y frutas, y una notable calidez alcoh\u00f3lica.<\/p>\n<p>Grad. alc. 9%<br \/>\nPresentaci\u00f3n: 500ml.<\/p>\n","protected":false},"featured_media":11963,"template":"","meta":{"_joinchat":[]},"product_brand":[],"product_cat":[79,86],"product_tag":[],"class_list":{"0":"post-11962","1":"product","2":"type-product","3":"status-publish","4":"has-post-thumbnail","6":"product_cat-bebidas","7":"product_cat-san-benito","9":"first","10":"instock","11":"shipping-taxable","12":"purchasable","13":"product-type-simple"},"_links":{"self":[{"href":"https:\/\/sanbenitosanteria.com\/index.php\/wp-json\/wp\/v2\/product\/11962","targetHints":{"allow":["GET"]}}],"collection":[{"href":"https:\/\/sanbenitosanteria.com\/index.php\/wp-json\/wp\/v2\/product"}],"about":[{"href":"https:\/\/sanbenitosanteria.com\/index.php\/wp-json\/wp\/v2\/types\/product"}],"version-history":[{"count":1,"href":"https:\/\/sanbenitosanteria.com\/index.php\/wp-json\/wp\/v2\/product\/11962\/revisions"}],"predecessor-version":[{"id":11964,"href":"https:\/\/sanbenitosanteria.com\/index.php\/wp-json\/wp\/v2\/product\/11962\/revisions\/11964"}],"wp:featuredmedia":[{"embeddable":true,"href":"https:\/\/sanbenitosanteria.com\/index.php\/wp-json\/wp\/v2\/media\/11963"}],"wp:attachment":[{"href":"https:\/\/sanbenitosanteria.com\/index.php\/wp-json\/wp\/v2\/media?parent=11962"}],"wp:term":[{"taxonomy":"product_brand","embeddable":true,"href":"https:\/\/sanbenitosanteria.com\/index.php\/wp-json\/wp\/v2\/product_brand?post=11962"},{"taxonomy":"product_cat","embeddable":true,"href":"https:\/\/sanbenitosanteria.com\/index.php\/wp-json\/wp\/v2\/product_cat?post=11962"},{"taxonomy":"product_tag","embeddable":true,"href":"https:\/\/sanbenitosanteria.com\/index.php\/wp-json\/wp\/v2\/product_tag?post=11962"}],"curies":[{"name":"wp","href":"https:\/\/api.w.org\/{rel}","templated":true}]}}