{"id":12080,"date":"2026-02-10T20:40:29","date_gmt":"2026-02-10T20:40:29","guid":{"rendered":"https:\/\/sanbenitosanteria.com\/?post_type=product&#038;p=12080"},"modified":"2026-04-03T21:56:13","modified_gmt":"2026-04-03T21:56:13","slug":"almanaque-para-pared","status":"publish","type":"product","link":"https:\/\/sanbenitosanteria.com\/index.php\/product\/almanaque-para-pared\/","title":{"rendered":"Almanaque Para Pared"},"content":{"rendered":"","protected":false},"excerpt":{"rendered":"<p>Almanaque San Benito de Pared \u2013 A\u00f1o 2026<\/p>\n<p>Incluye el calendario mensual completo, santoral diario, feriados destacados, ciclo lunar y hojas mensuales extra\u00edbles, lo que permite un uso pr\u00e1ctico y ordenado durante todo el a\u00f1o.<\/p>\n<ul>\n<li>Presente la imagen del santo y su medalla.<\/li>\n<li>Imagen ilustrativa: la fotograf\u00eda corresponde a un modelo de referencia.<\/li>\n<li>Producto correspondiente al a\u00f1o 2026.<\/li>\n<\/ul>\n","protected":false},"featured_media":12081,"template":"","meta":{"_joinchat":[]},"product_brand":[],"product_cat":[356,350],"product_tag":[],"class_list":{"0":"post-12080","1":"product","2":"type-product","3":"status-publish","4":"has-post-thumbnail","6":"product_cat-calendarios","7":"product_cat-libreria","9":"first","10":"instock","11":"featured","12":"shipping-taxable","13":"purchasable","14":"product-type-simple"},"_links":{"self":[{"href":"https:\/\/sanbenitosanteria.com\/index.php\/wp-json\/wp\/v2\/product\/12080","targetHints":{"allow":["GET"]}}],"collection":[{"href":"https:\/\/sanbenitosanteria.com\/index.php\/wp-json\/wp\/v2\/product"}],"about":[{"href":"https:\/\/sanbenitosanteria.com\/index.php\/wp-json\/wp\/v2\/types\/product"}],"version-history":[{"count":2,"href":"https:\/\/sanbenitosanteria.com\/index.php\/wp-json\/wp\/v2\/product\/12080\/revisions"}],"predecessor-version":[{"id":12678,"href":"https:\/\/sanbenitosanteria.com\/index.php\/wp-json\/wp\/v2\/product\/12080\/revisions\/12678"}],"wp:featuredmedia":[{"embeddable":true,"href":"https:\/\/sanbenitosanteria.com\/index.php\/wp-json\/wp\/v2\/media\/12081"}],"wp:attachment":[{"href":"https:\/\/sanbenitosanteria.com\/index.php\/wp-json\/wp\/v2\/media?parent=12080"}],"wp:term":[{"taxonomy":"product_brand","embeddable":true,"href":"https:\/\/sanbenitosanteria.com\/index.php\/wp-json\/wp\/v2\/product_brand?post=12080"},{"taxonomy":"product_cat","embeddable":true,"href":"https:\/\/sanbenitosanteria.com\/index.php\/wp-json\/wp\/v2\/product_cat?post=12080"},{"taxonomy":"product_tag","embeddable":true,"href":"https:\/\/sanbenitosanteria.com\/index.php\/wp-json\/wp\/v2\/product_tag?post=12080"}],"curies":[{"name":"wp","href":"https:\/\/api.w.org\/{rel}","templated":true}]}}