{"id":12083,"date":"2026-02-10T20:48:28","date_gmt":"2026-02-10T20:48:28","guid":{"rendered":"https:\/\/sanbenitosanteria.com\/?post_type=product&#038;p=12083"},"modified":"2026-03-28T21:19:49","modified_gmt":"2026-03-28T21:19:49","slug":"quinotos-en-almibar","status":"publish","type":"product","link":"https:\/\/sanbenitosanteria.com\/index.php\/product\/quinotos-en-almibar\/","title":{"rendered":"Quinotos en Alm\u00edbar"},"content":{"rendered":"","protected":false},"excerpt":{"rendered":"<p>Quinotos en alm\u00edbar, elaborados en la Abad\u00eda San Benito. Es un producto de calidad, con un proceso artesanal en su totalidad y con el sabor aut\u00e9ntico del fruto.<\/p>\n","protected":false},"featured_media":12916,"template":"","meta":{"_joinchat":[]},"product_brand":[],"product_cat":[74,86],"product_tag":[],"class_list":{"0":"post-12083","1":"product","2":"type-product","3":"status-publish","4":"has-post-thumbnail","6":"product_cat-almibarados","7":"product_cat-san-benito","9":"first","10":"instock","11":"shipping-taxable","12":"purchasable","13":"product-type-simple"},"_links":{"self":[{"href":"https:\/\/sanbenitosanteria.com\/index.php\/wp-json\/wp\/v2\/product\/12083","targetHints":{"allow":["GET"]}}],"collection":[{"href":"https:\/\/sanbenitosanteria.com\/index.php\/wp-json\/wp\/v2\/product"}],"about":[{"href":"https:\/\/sanbenitosanteria.com\/index.php\/wp-json\/wp\/v2\/types\/product"}],"version-history":[{"count":1,"href":"https:\/\/sanbenitosanteria.com\/index.php\/wp-json\/wp\/v2\/product\/12083\/revisions"}],"predecessor-version":[{"id":12085,"href":"https:\/\/sanbenitosanteria.com\/index.php\/wp-json\/wp\/v2\/product\/12083\/revisions\/12085"}],"wp:featuredmedia":[{"embeddable":true,"href":"https:\/\/sanbenitosanteria.com\/index.php\/wp-json\/wp\/v2\/media\/12916"}],"wp:attachment":[{"href":"https:\/\/sanbenitosanteria.com\/index.php\/wp-json\/wp\/v2\/media?parent=12083"}],"wp:term":[{"taxonomy":"product_brand","embeddable":true,"href":"https:\/\/sanbenitosanteria.com\/index.php\/wp-json\/wp\/v2\/product_brand?post=12083"},{"taxonomy":"product_cat","embeddable":true,"href":"https:\/\/sanbenitosanteria.com\/index.php\/wp-json\/wp\/v2\/product_cat?post=12083"},{"taxonomy":"product_tag","embeddable":true,"href":"https:\/\/sanbenitosanteria.com\/index.php\/wp-json\/wp\/v2\/product_tag?post=12083"}],"curies":[{"name":"wp","href":"https:\/\/api.w.org\/{rel}","templated":true}]}}