{"id":12091,"date":"2026-02-11T15:23:50","date_gmt":"2026-02-11T15:23:50","guid":{"rendered":"https:\/\/sanbenitosanteria.com\/?post_type=product&#038;p=12091"},"modified":"2026-03-14T16:20:48","modified_gmt":"2026-03-14T16:20:48","slug":"canela-molida","status":"publish","type":"product","link":"https:\/\/sanbenitosanteria.com\/index.php\/product\/canela-molida\/","title":{"rendered":"Canela Molida"},"content":{"rendered":"","protected":false},"excerpt":{"rendered":"<p>Canela molida de excelente calidad, ideal para realzar el sabor y aroma de tus preparaciones. Su perfil c\u00e1lido y dulce la convierte en un ingrediente imprescindible en reposter\u00eda, bebidas y diversas recetas tanto dulces como saladas. Presentada en envase pr\u00e1ctico de 150 gramos, que permite una mejor conservaci\u00f3n del producto y facilita su uso diario en la cocina.<\/p>\n","protected":false},"featured_media":12092,"template":"","meta":{"_joinchat":[]},"product_brand":[],"product_cat":[366,86],"product_tag":[],"class_list":{"0":"post-12091","1":"product","2":"type-product","3":"status-publish","4":"has-post-thumbnail","6":"product_cat-condimentos","7":"product_cat-san-benito","9":"first","10":"instock","11":"shipping-taxable","12":"purchasable","13":"product-type-simple"},"_links":{"self":[{"href":"https:\/\/sanbenitosanteria.com\/index.php\/wp-json\/wp\/v2\/product\/12091","targetHints":{"allow":["GET"]}}],"collection":[{"href":"https:\/\/sanbenitosanteria.com\/index.php\/wp-json\/wp\/v2\/product"}],"about":[{"href":"https:\/\/sanbenitosanteria.com\/index.php\/wp-json\/wp\/v2\/types\/product"}],"version-history":[{"count":2,"href":"https:\/\/sanbenitosanteria.com\/index.php\/wp-json\/wp\/v2\/product\/12091\/revisions"}],"predecessor-version":[{"id":12779,"href":"https:\/\/sanbenitosanteria.com\/index.php\/wp-json\/wp\/v2\/product\/12091\/revisions\/12779"}],"wp:featuredmedia":[{"embeddable":true,"href":"https:\/\/sanbenitosanteria.com\/index.php\/wp-json\/wp\/v2\/media\/12092"}],"wp:attachment":[{"href":"https:\/\/sanbenitosanteria.com\/index.php\/wp-json\/wp\/v2\/media?parent=12091"}],"wp:term":[{"taxonomy":"product_brand","embeddable":true,"href":"https:\/\/sanbenitosanteria.com\/index.php\/wp-json\/wp\/v2\/product_brand?post=12091"},{"taxonomy":"product_cat","embeddable":true,"href":"https:\/\/sanbenitosanteria.com\/index.php\/wp-json\/wp\/v2\/product_cat?post=12091"},{"taxonomy":"product_tag","embeddable":true,"href":"https:\/\/sanbenitosanteria.com\/index.php\/wp-json\/wp\/v2\/product_tag?post=12091"}],"curies":[{"name":"wp","href":"https:\/\/api.w.org\/{rel}","templated":true}]}}