{"id":12095,"date":"2026-02-11T15:36:02","date_gmt":"2026-02-11T15:36:02","guid":{"rendered":"https:\/\/sanbenitosanteria.com\/?post_type=product&#038;p=12095"},"modified":"2026-03-14T16:30:43","modified_gmt":"2026-03-14T16:30:43","slug":"licor-lemoncello","status":"publish","type":"product","link":"https:\/\/sanbenitosanteria.com\/index.php\/product\/licor-lemoncello\/","title":{"rendered":"Licor Lemoncello"},"content":{"rendered":"","protected":false},"excerpt":{"rendered":"<p data-start=\"169\" data-end=\"389\">Licor fino de lim\u00f3n Limoncello San Benito, elaborado artesanalmente por los monjes benedictinos de la Abad\u00eda de J\u00e1uregui, Luj\u00e1n, siguiendo una tradici\u00f3n mon\u00e1stica de dedicaci\u00f3n, cuidado y calidad en cada detalle.<\/p>\n<p data-start=\"391\" data-end=\"625\">De color amarillo intenso y aroma fresco, se caracteriza por su sabor dulce y equilibrado con notas c\u00edtricas naturales. Ideal para servir bien fr\u00edo como digestivo, acompa\u00f1ar postres o disfrutar en reuniones y celebraciones especiales.<\/p>\n<p data-start=\"627\" data-end=\"726\">Producto de Industria Argentina.<\/p>\n<p data-start=\"627\" data-end=\"726\">Grad. alc. 29%<\/p>\n<p data-start=\"627\" data-end=\"726\">\n","protected":false},"featured_media":12096,"template":"","meta":{"_joinchat":[]},"product_brand":[],"product_cat":[79,76,86],"product_tag":[],"class_list":{"0":"post-12095","1":"product","2":"type-product","3":"status-publish","4":"has-post-thumbnail","6":"product_cat-bebidas","7":"product_cat-licores","8":"product_cat-san-benito","10":"first","11":"instock","12":"shipping-taxable","13":"purchasable","14":"product-type-simple"},"_links":{"self":[{"href":"https:\/\/sanbenitosanteria.com\/index.php\/wp-json\/wp\/v2\/product\/12095","targetHints":{"allow":["GET"]}}],"collection":[{"href":"https:\/\/sanbenitosanteria.com\/index.php\/wp-json\/wp\/v2\/product"}],"about":[{"href":"https:\/\/sanbenitosanteria.com\/index.php\/wp-json\/wp\/v2\/types\/product"}],"version-history":[{"count":2,"href":"https:\/\/sanbenitosanteria.com\/index.php\/wp-json\/wp\/v2\/product\/12095\/revisions"}],"predecessor-version":[{"id":12677,"href":"https:\/\/sanbenitosanteria.com\/index.php\/wp-json\/wp\/v2\/product\/12095\/revisions\/12677"}],"wp:featuredmedia":[{"embeddable":true,"href":"https:\/\/sanbenitosanteria.com\/index.php\/wp-json\/wp\/v2\/media\/12096"}],"wp:attachment":[{"href":"https:\/\/sanbenitosanteria.com\/index.php\/wp-json\/wp\/v2\/media?parent=12095"}],"wp:term":[{"taxonomy":"product_brand","embeddable":true,"href":"https:\/\/sanbenitosanteria.com\/index.php\/wp-json\/wp\/v2\/product_brand?post=12095"},{"taxonomy":"product_cat","embeddable":true,"href":"https:\/\/sanbenitosanteria.com\/index.php\/wp-json\/wp\/v2\/product_cat?post=12095"},{"taxonomy":"product_tag","embeddable":true,"href":"https:\/\/sanbenitosanteria.com\/index.php\/wp-json\/wp\/v2\/product_tag?post=12095"}],"curies":[{"name":"wp","href":"https:\/\/api.w.org\/{rel}","templated":true}]}}