{"id":12098,"date":"2026-02-11T15:44:43","date_gmt":"2026-02-11T15:44:43","guid":{"rendered":"https:\/\/sanbenitosanteria.com\/?post_type=product&#038;p=12098"},"modified":"2026-03-14T16:28:30","modified_gmt":"2026-03-14T16:28:30","slug":"licor-de-cafe-al-conac","status":"publish","type":"product","link":"https:\/\/sanbenitosanteria.com\/index.php\/product\/licor-de-cafe-al-conac\/","title":{"rendered":"Licor de Caf\u00e9 al Co\u00f1ac"},"content":{"rendered":"","protected":false},"excerpt":{"rendered":"<p data-start=\"158\" data-end=\"382\">Licor de Caf\u00e9 al Co\u00f1ac San Benito, elaborado artesanalmente por los monjes benedictinos de la Abad\u00eda de J\u00e1uregui, Luj\u00e1n, siguiendo la tradici\u00f3n mon\u00e1stica que combina dedicaci\u00f3n, calidad y cuidado en cada preparaci\u00f3n.<\/p>\n<p data-start=\"384\" data-end=\"635\">De aroma intenso y sabor profundo, une las notas tostadas del caf\u00e9 con la calidez y car\u00e1cter del co\u00f1ac, logrando un equilibrio suave y agradable al paladar. Ideal para disfrutar solo, como digestivo, acompa\u00f1ar postres o servir en ocasiones especiales.<\/p>\n<p data-start=\"637\" data-end=\"736\">Producto de Industria Argentina.<\/p>\n<p data-start=\"637\" data-end=\"736\">Grad. alc. 26.5%<\/p>\n","protected":false},"featured_media":12099,"template":"","meta":{"_joinchat":[]},"product_brand":[],"product_cat":[79,76,86],"product_tag":[],"class_list":{"0":"post-12098","1":"product","2":"type-product","3":"status-publish","4":"has-post-thumbnail","6":"product_cat-bebidas","7":"product_cat-licores","8":"product_cat-san-benito","10":"first","11":"instock","12":"shipping-taxable","13":"purchasable","14":"product-type-simple"},"_links":{"self":[{"href":"https:\/\/sanbenitosanteria.com\/index.php\/wp-json\/wp\/v2\/product\/12098","targetHints":{"allow":["GET"]}}],"collection":[{"href":"https:\/\/sanbenitosanteria.com\/index.php\/wp-json\/wp\/v2\/product"}],"about":[{"href":"https:\/\/sanbenitosanteria.com\/index.php\/wp-json\/wp\/v2\/types\/product"}],"version-history":[{"count":2,"href":"https:\/\/sanbenitosanteria.com\/index.php\/wp-json\/wp\/v2\/product\/12098\/revisions"}],"predecessor-version":[{"id":12676,"href":"https:\/\/sanbenitosanteria.com\/index.php\/wp-json\/wp\/v2\/product\/12098\/revisions\/12676"}],"wp:featuredmedia":[{"embeddable":true,"href":"https:\/\/sanbenitosanteria.com\/index.php\/wp-json\/wp\/v2\/media\/12099"}],"wp:attachment":[{"href":"https:\/\/sanbenitosanteria.com\/index.php\/wp-json\/wp\/v2\/media?parent=12098"}],"wp:term":[{"taxonomy":"product_brand","embeddable":true,"href":"https:\/\/sanbenitosanteria.com\/index.php\/wp-json\/wp\/v2\/product_brand?post=12098"},{"taxonomy":"product_cat","embeddable":true,"href":"https:\/\/sanbenitosanteria.com\/index.php\/wp-json\/wp\/v2\/product_cat?post=12098"},{"taxonomy":"product_tag","embeddable":true,"href":"https:\/\/sanbenitosanteria.com\/index.php\/wp-json\/wp\/v2\/product_tag?post=12098"}],"curies":[{"name":"wp","href":"https:\/\/api.w.org\/{rel}","templated":true}]}}