{"id":12120,"date":"2026-02-14T20:03:51","date_gmt":"2026-02-14T20:03:51","guid":{"rendered":"https:\/\/sanbenitosanteria.com\/?post_type=product&#038;p=12120"},"modified":"2026-02-15T20:05:35","modified_gmt":"2026-02-15T20:05:35","slug":"aromatizador-en-spray","status":"publish","type":"product","link":"https:\/\/sanbenitosanteria.com\/index.php\/product\/aromatizador-en-spray\/","title":{"rendered":"Aromatizador en Spray"},"content":{"rendered":"","protected":false},"excerpt":{"rendered":"<p>Aromatizante ambiental y textil Virgen Mar\u00eda.<\/p>\n<p>Aromatizante l\u00edquido en envase con gatillo pulverizador, decorado con una delicada imagen de la Virgen Mar\u00eda. Ideal para perfumar ambientes del hogar, espacios de oraci\u00f3n, locales o lugares de trabajo. Su pr\u00e1ctico formato spray permite una aplicaci\u00f3n f\u00e1cil y uniforme en el ambiente o telas.<\/p>\n<p>Producto arom\u00e1tico. Consultar previamente por los aromas disponibles.<\/p>\n","protected":false},"featured_media":12147,"template":"","meta":{"_joinchat":[]},"product_brand":[],"product_cat":[134,119],"product_tag":[],"class_list":{"0":"post-12120","1":"product","2":"type-product","3":"status-publish","4":"has-post-thumbnail","6":"product_cat-aromatizadores","7":"product_cat-articulos-de-santeria","9":"first","10":"instock","11":"shipping-taxable","12":"purchasable","13":"product-type-variable"},"_links":{"self":[{"href":"https:\/\/sanbenitosanteria.com\/index.php\/wp-json\/wp\/v2\/product\/12120","targetHints":{"allow":["GET"]}}],"collection":[{"href":"https:\/\/sanbenitosanteria.com\/index.php\/wp-json\/wp\/v2\/product"}],"about":[{"href":"https:\/\/sanbenitosanteria.com\/index.php\/wp-json\/wp\/v2\/types\/product"}],"version-history":[{"count":1,"href":"https:\/\/sanbenitosanteria.com\/index.php\/wp-json\/wp\/v2\/product\/12120\/revisions"}],"predecessor-version":[{"id":12149,"href":"https:\/\/sanbenitosanteria.com\/index.php\/wp-json\/wp\/v2\/product\/12120\/revisions\/12149"}],"wp:featuredmedia":[{"embeddable":true,"href":"https:\/\/sanbenitosanteria.com\/index.php\/wp-json\/wp\/v2\/media\/12147"}],"wp:attachment":[{"href":"https:\/\/sanbenitosanteria.com\/index.php\/wp-json\/wp\/v2\/media?parent=12120"}],"wp:term":[{"taxonomy":"product_brand","embeddable":true,"href":"https:\/\/sanbenitosanteria.com\/index.php\/wp-json\/wp\/v2\/product_brand?post=12120"},{"taxonomy":"product_cat","embeddable":true,"href":"https:\/\/sanbenitosanteria.com\/index.php\/wp-json\/wp\/v2\/product_cat?post=12120"},{"taxonomy":"product_tag","embeddable":true,"href":"https:\/\/sanbenitosanteria.com\/index.php\/wp-json\/wp\/v2\/product_tag?post=12120"}],"curies":[{"name":"wp","href":"https:\/\/api.w.org\/{rel}","templated":true}]}}