{"id":12159,"date":"2026-02-14T20:52:51","date_gmt":"2026-02-14T20:52:51","guid":{"rendered":"https:\/\/sanbenitosanteria.com\/?post_type=product&#038;p=12159"},"modified":"2026-04-03T21:56:44","modified_gmt":"2026-04-03T21:56:44","slug":"medalla-san-benito-15mm","status":"publish","type":"product","link":"https:\/\/sanbenitosanteria.com\/index.php\/product\/medalla-san-benito-15mm\/","title":{"rendered":"Medalla Perfil San Benito"},"content":{"rendered":"","protected":false},"excerpt":{"rendered":"<p>Medalla San Benito.<\/p>\n<p>Medalla en acero quir\u00fargico para protecci\u00f3n personal. Presenta la Cruz e im\u00e1gen del santo.<\/p>\n<p>&nbsp;<\/p>\n<p>&nbsp;<\/p>\n","protected":false},"featured_media":13056,"template":"","meta":{"_joinchat":[]},"product_brand":[],"product_cat":[119,120,138],"product_tag":[],"class_list":{"0":"post-12159","1":"product","2":"type-product","3":"status-publish","4":"has-post-thumbnail","6":"product_cat-articulos-de-santeria","7":"product_cat-dijes","8":"product_cat-dijes-de-acero-quirurgico","10":"first","11":"instock","12":"featured","13":"shipping-taxable","14":"purchasable","15":"product-type-variable"},"_links":{"self":[{"href":"https:\/\/sanbenitosanteria.com\/index.php\/wp-json\/wp\/v2\/product\/12159","targetHints":{"allow":["GET"]}}],"collection":[{"href":"https:\/\/sanbenitosanteria.com\/index.php\/wp-json\/wp\/v2\/product"}],"about":[{"href":"https:\/\/sanbenitosanteria.com\/index.php\/wp-json\/wp\/v2\/types\/product"}],"version-history":[{"count":6,"href":"https:\/\/sanbenitosanteria.com\/index.php\/wp-json\/wp\/v2\/product\/12159\/revisions"}],"predecessor-version":[{"id":12673,"href":"https:\/\/sanbenitosanteria.com\/index.php\/wp-json\/wp\/v2\/product\/12159\/revisions\/12673"}],"wp:featuredmedia":[{"embeddable":true,"href":"https:\/\/sanbenitosanteria.com\/index.php\/wp-json\/wp\/v2\/media\/13056"}],"wp:attachment":[{"href":"https:\/\/sanbenitosanteria.com\/index.php\/wp-json\/wp\/v2\/media?parent=12159"}],"wp:term":[{"taxonomy":"product_brand","embeddable":true,"href":"https:\/\/sanbenitosanteria.com\/index.php\/wp-json\/wp\/v2\/product_brand?post=12159"},{"taxonomy":"product_cat","embeddable":true,"href":"https:\/\/sanbenitosanteria.com\/index.php\/wp-json\/wp\/v2\/product_cat?post=12159"},{"taxonomy":"product_tag","embeddable":true,"href":"https:\/\/sanbenitosanteria.com\/index.php\/wp-json\/wp\/v2\/product_tag?post=12159"}],"curies":[{"name":"wp","href":"https:\/\/api.w.org\/{rel}","templated":true}]}}