{"id":12170,"date":"2026-02-14T21:24:03","date_gmt":"2026-02-14T21:24:03","guid":{"rendered":"https:\/\/sanbenitosanteria.com\/?post_type=product&#038;p=12170"},"modified":"2026-02-16T14:25:58","modified_gmt":"2026-02-16T14:25:58","slug":"rosario-fino-acero","status":"publish","type":"product","link":"https:\/\/sanbenitosanteria.com\/index.php\/product\/rosario-fino-acero\/","title":{"rendered":"Rosario Acero San Benito"},"content":{"rendered":"","protected":false},"excerpt":{"rendered":"<p>Rosario de acero quir\u00fargico San Benito.<\/p>\n<p>Rosario confeccionado en acero quir\u00fargico, ideal para uso diario. Presenta cuentas met\u00e1licas, brindando una terminaci\u00f3n moderna y delicada.<\/p>\n<p data-start=\"237\" data-end=\"425\">Incluye medalla de San Benito con la tradicional cruz y simbolog\u00eda caracter\u00edstica, adem\u00e1s de cruz colgante a tono, formando un dise\u00f1o sobrio y significativo.<\/p>\n<p data-start=\"427\" data-end=\"529\">Perfecto para quienes buscan un accesorio de fe con excelente calidad y mayor resistencia al desgaste.<\/p>\n","protected":false},"featured_media":12171,"template":"","meta":{"_joinchat":[]},"product_brand":[],"product_cat":[119,130],"product_tag":[],"class_list":{"0":"post-12170","1":"product","2":"type-product","3":"status-publish","4":"has-post-thumbnail","6":"product_cat-articulos-de-santeria","7":"product_cat-rosarios","9":"first","10":"instock","11":"shipping-taxable","12":"purchasable","13":"product-type-variable"},"_links":{"self":[{"href":"https:\/\/sanbenitosanteria.com\/index.php\/wp-json\/wp\/v2\/product\/12170","targetHints":{"allow":["GET"]}}],"collection":[{"href":"https:\/\/sanbenitosanteria.com\/index.php\/wp-json\/wp\/v2\/product"}],"about":[{"href":"https:\/\/sanbenitosanteria.com\/index.php\/wp-json\/wp\/v2\/types\/product"}],"version-history":[{"count":3,"href":"https:\/\/sanbenitosanteria.com\/index.php\/wp-json\/wp\/v2\/product\/12170\/revisions"}],"predecessor-version":[{"id":12173,"href":"https:\/\/sanbenitosanteria.com\/index.php\/wp-json\/wp\/v2\/product\/12170\/revisions\/12173"}],"wp:featuredmedia":[{"embeddable":true,"href":"https:\/\/sanbenitosanteria.com\/index.php\/wp-json\/wp\/v2\/media\/12171"}],"wp:attachment":[{"href":"https:\/\/sanbenitosanteria.com\/index.php\/wp-json\/wp\/v2\/media?parent=12170"}],"wp:term":[{"taxonomy":"product_brand","embeddable":true,"href":"https:\/\/sanbenitosanteria.com\/index.php\/wp-json\/wp\/v2\/product_brand?post=12170"},{"taxonomy":"product_cat","embeddable":true,"href":"https:\/\/sanbenitosanteria.com\/index.php\/wp-json\/wp\/v2\/product_cat?post=12170"},{"taxonomy":"product_tag","embeddable":true,"href":"https:\/\/sanbenitosanteria.com\/index.php\/wp-json\/wp\/v2\/product_tag?post=12170"}],"curies":[{"name":"wp","href":"https:\/\/api.w.org\/{rel}","templated":true}]}}