{"id":12207,"date":"2026-02-16T21:14:37","date_gmt":"2026-02-16T21:14:37","guid":{"rendered":"https:\/\/sanbenitosanteria.com\/?post_type=product&#038;p=12207"},"modified":"2026-03-14T16:38:34","modified_gmt":"2026-03-14T16:38:34","slug":"mermelada-light-de-durazno","status":"publish","type":"product","link":"https:\/\/sanbenitosanteria.com\/index.php\/product\/mermelada-light-de-durazno\/","title":{"rendered":"Mermelada Light de Durazno"},"content":{"rendered":"","protected":false},"excerpt":{"rendered":"<p data-start=\"0\" data-end=\"48\">Mermelada de Durazno Light San Benito \u2013 400g<\/p>\n<p data-start=\"50\" data-end=\"291\">Mermelada de durazno elaborada artesanalmente por los monjes benedictinos de la Abad\u00eda de Jauregui, Luj\u00e1n. Preparada siguiendo recetas tradicionales que conservan el sabor aut\u00e9ntico y la textura natural de la fruta.<\/p>\n<p data-start=\"293\" data-end=\"424\">Es una opci\u00f3n light, ya que est\u00e1 endulzada con jugo de uva concentrado, logrando un dulzor equilibrado sin az\u00facar agregada.<\/p>\n","protected":false},"featured_media":12429,"template":"","meta":{"_joinchat":[]},"product_brand":[],"product_cat":[77,83,86],"product_tag":[],"class_list":{"0":"post-12207","1":"product","2":"type-product","3":"status-publish","4":"has-post-thumbnail","6":"product_cat-mermeladas","7":"product_cat-mermeladas-light","8":"product_cat-san-benito","10":"first","11":"instock","12":"shipping-taxable","13":"purchasable","14":"product-type-simple"},"_links":{"self":[{"href":"https:\/\/sanbenitosanteria.com\/index.php\/wp-json\/wp\/v2\/product\/12207","targetHints":{"allow":["GET"]}}],"collection":[{"href":"https:\/\/sanbenitosanteria.com\/index.php\/wp-json\/wp\/v2\/product"}],"about":[{"href":"https:\/\/sanbenitosanteria.com\/index.php\/wp-json\/wp\/v2\/types\/product"}],"version-history":[{"count":3,"href":"https:\/\/sanbenitosanteria.com\/index.php\/wp-json\/wp\/v2\/product\/12207\/revisions"}],"predecessor-version":[{"id":12632,"href":"https:\/\/sanbenitosanteria.com\/index.php\/wp-json\/wp\/v2\/product\/12207\/revisions\/12632"}],"wp:featuredmedia":[{"embeddable":true,"href":"https:\/\/sanbenitosanteria.com\/index.php\/wp-json\/wp\/v2\/media\/12429"}],"wp:attachment":[{"href":"https:\/\/sanbenitosanteria.com\/index.php\/wp-json\/wp\/v2\/media?parent=12207"}],"wp:term":[{"taxonomy":"product_brand","embeddable":true,"href":"https:\/\/sanbenitosanteria.com\/index.php\/wp-json\/wp\/v2\/product_brand?post=12207"},{"taxonomy":"product_cat","embeddable":true,"href":"https:\/\/sanbenitosanteria.com\/index.php\/wp-json\/wp\/v2\/product_cat?post=12207"},{"taxonomy":"product_tag","embeddable":true,"href":"https:\/\/sanbenitosanteria.com\/index.php\/wp-json\/wp\/v2\/product_tag?post=12207"}],"curies":[{"name":"wp","href":"https:\/\/api.w.org\/{rel}","templated":true}]}}