{"id":12214,"date":"2026-02-15T16:30:24","date_gmt":"2026-02-15T16:30:24","guid":{"rendered":"https:\/\/sanbenitosanteria.com\/?post_type=product&#038;p=12214"},"modified":"2026-04-01T21:23:50","modified_gmt":"2026-04-01T21:23:50","slug":"cuadros-de-ceramica-8x8","status":"publish","type":"product","link":"https:\/\/sanbenitosanteria.com\/index.php\/product\/cuadros-de-ceramica-8x8\/","title":{"rendered":"Cuadros de Cer\u00e1mica"},"content":{"rendered":"","protected":false},"excerpt":{"rendered":"<p>Cuadro de Cer\u00e1mica Im\u00e1genes Religosas<\/p>\n<p data-start=\"44\" data-end=\"200\">Cuadro de cer\u00e1mica decorativa con distintas im\u00e1genes religiosas, ideal para acompa\u00f1ar espacios de oraci\u00f3n o ambientar el hogar con un mensaje de fe.<\/p>\n<p>Listo para colgar f\u00e1cilmente en pared.<\/p>\n<p data-start=\"336\" data-end=\"357\">\n","protected":false},"featured_media":12303,"template":"","meta":{"_joinchat":[]},"product_brand":[],"product_cat":[119,125],"product_tag":[],"class_list":{"0":"post-12214","1":"product","2":"type-product","3":"status-publish","4":"has-post-thumbnail","6":"product_cat-articulos-de-santeria","7":"product_cat-cuadros","9":"first","10":"instock","11":"shipping-taxable","12":"purchasable","13":"product-type-variable"},"_links":{"self":[{"href":"https:\/\/sanbenitosanteria.com\/index.php\/wp-json\/wp\/v2\/product\/12214","targetHints":{"allow":["GET"]}}],"collection":[{"href":"https:\/\/sanbenitosanteria.com\/index.php\/wp-json\/wp\/v2\/product"}],"about":[{"href":"https:\/\/sanbenitosanteria.com\/index.php\/wp-json\/wp\/v2\/types\/product"}],"version-history":[{"count":6,"href":"https:\/\/sanbenitosanteria.com\/index.php\/wp-json\/wp\/v2\/product\/12214\/revisions"}],"predecessor-version":[{"id":13001,"href":"https:\/\/sanbenitosanteria.com\/index.php\/wp-json\/wp\/v2\/product\/12214\/revisions\/13001"}],"wp:featuredmedia":[{"embeddable":true,"href":"https:\/\/sanbenitosanteria.com\/index.php\/wp-json\/wp\/v2\/media\/12303"}],"wp:attachment":[{"href":"https:\/\/sanbenitosanteria.com\/index.php\/wp-json\/wp\/v2\/media?parent=12214"}],"wp:term":[{"taxonomy":"product_brand","embeddable":true,"href":"https:\/\/sanbenitosanteria.com\/index.php\/wp-json\/wp\/v2\/product_brand?post=12214"},{"taxonomy":"product_cat","embeddable":true,"href":"https:\/\/sanbenitosanteria.com\/index.php\/wp-json\/wp\/v2\/product_cat?post=12214"},{"taxonomy":"product_tag","embeddable":true,"href":"https:\/\/sanbenitosanteria.com\/index.php\/wp-json\/wp\/v2\/product_tag?post=12214"}],"curies":[{"name":"wp","href":"https:\/\/api.w.org\/{rel}","templated":true}]}}