{"id":12231,"date":"2026-02-15T19:19:32","date_gmt":"2026-02-15T19:19:32","guid":{"rendered":"https:\/\/sanbenitosanteria.com\/?post_type=product&#038;p=12231"},"modified":"2026-02-18T19:47:27","modified_gmt":"2026-02-18T19:47:27","slug":"medalla-metal-chico-san-benito","status":"publish","type":"product","link":"https:\/\/sanbenitosanteria.com\/index.php\/product\/medalla-metal-chico-san-benito\/","title":{"rendered":"Medalla Metal Esmaltado Chico San Benito"},"content":{"rendered":"","protected":false},"excerpt":{"rendered":"<p data-start=\"0\" data-end=\"49\">Medalla de San Benito Metal Ba\u00f1ado en Plata<\/p>\n<p data-start=\"51\" data-end=\"137\">Medalla religiosa de San Benito, s\u00edmbolo tradicional de protecci\u00f3n y fe cristiana.<\/p>\n<p data-start=\"139\" data-end=\"271\">Est\u00e1 confeccionada en metal ba\u00f1ado en plata, con delicados detalles y esmalte en color azul que realzan su dise\u00f1o cl\u00e1sico.<\/p>\n<p data-start=\"273\" data-end=\"401\">En el frente se aprecia la tradicional cruz con las inscripciones caracter\u00edsticas de la medalla.<\/p>\n<p data-start=\"273\" data-end=\"401\">En la parte posterior cuenta con la imagen de San Benito, representado seg\u00fan la iconograf\u00eda tradicional.<\/p>\n<p data-start=\"273\" data-end=\"401\">Diametro: 7cm<\/p>\n","protected":false},"featured_media":12232,"template":"","meta":{"_joinchat":[]},"product_brand":[],"product_cat":[119,121],"product_tag":[],"class_list":{"0":"post-12231","1":"product","2":"type-product","3":"status-publish","4":"has-post-thumbnail","6":"product_cat-articulos-de-santeria","7":"product_cat-medallones","9":"first","10":"instock","11":"shipping-taxable","12":"purchasable","13":"product-type-simple"},"_links":{"self":[{"href":"https:\/\/sanbenitosanteria.com\/index.php\/wp-json\/wp\/v2\/product\/12231","targetHints":{"allow":["GET"]}}],"collection":[{"href":"https:\/\/sanbenitosanteria.com\/index.php\/wp-json\/wp\/v2\/product"}],"about":[{"href":"https:\/\/sanbenitosanteria.com\/index.php\/wp-json\/wp\/v2\/types\/product"}],"version-history":[{"count":5,"href":"https:\/\/sanbenitosanteria.com\/index.php\/wp-json\/wp\/v2\/product\/12231\/revisions"}],"predecessor-version":[{"id":12668,"href":"https:\/\/sanbenitosanteria.com\/index.php\/wp-json\/wp\/v2\/product\/12231\/revisions\/12668"}],"wp:featuredmedia":[{"embeddable":true,"href":"https:\/\/sanbenitosanteria.com\/index.php\/wp-json\/wp\/v2\/media\/12232"}],"wp:attachment":[{"href":"https:\/\/sanbenitosanteria.com\/index.php\/wp-json\/wp\/v2\/media?parent=12231"}],"wp:term":[{"taxonomy":"product_brand","embeddable":true,"href":"https:\/\/sanbenitosanteria.com\/index.php\/wp-json\/wp\/v2\/product_brand?post=12231"},{"taxonomy":"product_cat","embeddable":true,"href":"https:\/\/sanbenitosanteria.com\/index.php\/wp-json\/wp\/v2\/product_cat?post=12231"},{"taxonomy":"product_tag","embeddable":true,"href":"https:\/\/sanbenitosanteria.com\/index.php\/wp-json\/wp\/v2\/product_tag?post=12231"}],"curies":[{"name":"wp","href":"https:\/\/api.w.org\/{rel}","templated":true}]}}