{"id":12386,"date":"2026-02-16T16:37:54","date_gmt":"2026-02-16T16:37:54","guid":{"rendered":"https:\/\/sanbenitosanteria.com\/?post_type=product&#038;p=12386"},"modified":"2026-04-07T16:56:15","modified_gmt":"2026-04-07T16:56:15","slug":"medalla-llave-san-benito","status":"publish","type":"product","link":"https:\/\/sanbenitosanteria.com\/index.php\/product\/medalla-llave-san-benito\/","title":{"rendered":"Medalla Llave San Benito"},"content":{"rendered":"","protected":false},"excerpt":{"rendered":"<p>Medalla San Benito<\/p>\n<p>De acero quir\u00fargico en formato de llave con la Medalla de San Benito.<\/p>\n<p>La llave simboliza la apertura del coraz\u00f3n, la gu\u00eda espiritual y el acceso a lo que parec\u00eda inaccesible. Una invitaci\u00f3n a dejarnos transformar por la gracia de Dios.<\/p>\n<p>Dimenciones: 6cm de alto, 2cm de diametro.<\/p>\n","protected":false},"featured_media":12393,"template":"","meta":{"_joinchat":[]},"product_brand":[],"product_cat":[120,138],"product_tag":[],"class_list":{"0":"post-12386","1":"product","2":"type-product","3":"status-publish","4":"has-post-thumbnail","6":"product_cat-dijes","7":"product_cat-dijes-de-acero-quirurgico","9":"first","10":"instock","11":"featured","12":"shipping-taxable","13":"purchasable","14":"product-type-simple"},"_links":{"self":[{"href":"https:\/\/sanbenitosanteria.com\/index.php\/wp-json\/wp\/v2\/product\/12386","targetHints":{"allow":["GET"]}}],"collection":[{"href":"https:\/\/sanbenitosanteria.com\/index.php\/wp-json\/wp\/v2\/product"}],"about":[{"href":"https:\/\/sanbenitosanteria.com\/index.php\/wp-json\/wp\/v2\/types\/product"}],"version-history":[{"count":5,"href":"https:\/\/sanbenitosanteria.com\/index.php\/wp-json\/wp\/v2\/product\/12386\/revisions"}],"predecessor-version":[{"id":13263,"href":"https:\/\/sanbenitosanteria.com\/index.php\/wp-json\/wp\/v2\/product\/12386\/revisions\/13263"}],"wp:featuredmedia":[{"embeddable":true,"href":"https:\/\/sanbenitosanteria.com\/index.php\/wp-json\/wp\/v2\/media\/12393"}],"wp:attachment":[{"href":"https:\/\/sanbenitosanteria.com\/index.php\/wp-json\/wp\/v2\/media?parent=12386"}],"wp:term":[{"taxonomy":"product_brand","embeddable":true,"href":"https:\/\/sanbenitosanteria.com\/index.php\/wp-json\/wp\/v2\/product_brand?post=12386"},{"taxonomy":"product_cat","embeddable":true,"href":"https:\/\/sanbenitosanteria.com\/index.php\/wp-json\/wp\/v2\/product_cat?post=12386"},{"taxonomy":"product_tag","embeddable":true,"href":"https:\/\/sanbenitosanteria.com\/index.php\/wp-json\/wp\/v2\/product_tag?post=12386"}],"curies":[{"name":"wp","href":"https:\/\/api.w.org\/{rel}","templated":true}]}}