{"id":12433,"date":"2026-02-17T14:24:47","date_gmt":"2026-02-17T14:24:47","guid":{"rendered":"https:\/\/sanbenitosanteria.com\/?post_type=product&#038;p=12433"},"modified":"2026-04-07T17:19:42","modified_gmt":"2026-04-07T17:19:42","slug":"medalla-esmalte-san-benito","status":"publish","type":"product","link":"https:\/\/sanbenitosanteria.com\/index.php\/product\/medalla-esmalte-san-benito\/","title":{"rendered":"Medalla Esmalte San Benito"},"content":{"rendered":"","protected":false},"excerpt":{"rendered":"<p data-start=\"0\" data-end=\"41\">Medalla San Benito Acero Quir\u00fargico<\/p>\n<p data-start=\"43\" data-end=\"183\">Medalla confeccionada en acero quir\u00fargico, resistente y duradero, con grabado realizado a l\u00e1ser que garantiza precisi\u00f3n en cada detalle.<\/p>\n<p data-start=\"185\" data-end=\"310\">Presenta esmalte en rojo y azul, que realza la tradicional Cruz de San Benito y le aporta un acabado moderno y llamativo. En el reverso incluye la imagen de San Benito, tambi\u00e9n con detalles en color.<\/p>\n<p data-start=\"510\" data-end=\"581\" data-is-last-node=\"\" data-is-only-node=\"\">Di\u00e1metro: 2cm<\/p>\n","protected":false},"featured_media":12434,"template":"","meta":{"_joinchat":[]},"product_brand":[],"product_cat":[119,120,138],"product_tag":[],"class_list":{"0":"post-12433","1":"product","2":"type-product","3":"status-publish","4":"has-post-thumbnail","6":"product_cat-articulos-de-santeria","7":"product_cat-dijes","8":"product_cat-dijes-de-acero-quirurgico","10":"first","11":"instock","12":"shipping-taxable","13":"purchasable","14":"product-type-simple"},"_links":{"self":[{"href":"https:\/\/sanbenitosanteria.com\/index.php\/wp-json\/wp\/v2\/product\/12433","targetHints":{"allow":["GET"]}}],"collection":[{"href":"https:\/\/sanbenitosanteria.com\/index.php\/wp-json\/wp\/v2\/product"}],"about":[{"href":"https:\/\/sanbenitosanteria.com\/index.php\/wp-json\/wp\/v2\/types\/product"}],"version-history":[{"count":4,"href":"https:\/\/sanbenitosanteria.com\/index.php\/wp-json\/wp\/v2\/product\/12433\/revisions"}],"predecessor-version":[{"id":13271,"href":"https:\/\/sanbenitosanteria.com\/index.php\/wp-json\/wp\/v2\/product\/12433\/revisions\/13271"}],"wp:featuredmedia":[{"embeddable":true,"href":"https:\/\/sanbenitosanteria.com\/index.php\/wp-json\/wp\/v2\/media\/12434"}],"wp:attachment":[{"href":"https:\/\/sanbenitosanteria.com\/index.php\/wp-json\/wp\/v2\/media?parent=12433"}],"wp:term":[{"taxonomy":"product_brand","embeddable":true,"href":"https:\/\/sanbenitosanteria.com\/index.php\/wp-json\/wp\/v2\/product_brand?post=12433"},{"taxonomy":"product_cat","embeddable":true,"href":"https:\/\/sanbenitosanteria.com\/index.php\/wp-json\/wp\/v2\/product_cat?post=12433"},{"taxonomy":"product_tag","embeddable":true,"href":"https:\/\/sanbenitosanteria.com\/index.php\/wp-json\/wp\/v2\/product_tag?post=12433"}],"curies":[{"name":"wp","href":"https:\/\/api.w.org\/{rel}","templated":true}]}}