{"id":12444,"date":"2026-02-17T15:12:42","date_gmt":"2026-02-17T15:12:42","guid":{"rendered":"https:\/\/sanbenitosanteria.com\/?post_type=product&#038;p=12444"},"modified":"2026-04-07T17:23:23","modified_gmt":"2026-04-07T17:23:23","slug":"medallon-sagrado-corazon","status":"publish","type":"product","link":"https:\/\/sanbenitosanteria.com\/index.php\/product\/medallon-sagrado-corazon\/","title":{"rendered":"Medall\u00f3n Sagrado Coraz\u00f3n"},"content":{"rendered":"","protected":false},"excerpt":{"rendered":"<p data-start=\"0\" data-end=\"38\">Medall\u00f3n Sagrado Coraz\u00f3n Cemento<\/p>\n<p data-start=\"40\" data-end=\"253\">Medall\u00f3n religioso realizado en cemento, con delicado relieve que representa al Sagrado Coraz\u00f3n de Jes\u00fas. Su terminaci\u00f3n en tonos envejecidos resalta cada detalle de la imagen, aportando sobriedad y presencia.<\/p>\n<p data-start=\"0\" data-end=\"223\">El Sagrado Coraz\u00f3n de Jes\u00fas es una devoci\u00f3n que expresa el amor profundo y constante de Cristo por la humanidad. Representa su entrega total y su coraz\u00f3n lleno de misericordia, que consuela, acompa\u00f1a y renueva la esperanza.<\/p>\n<p data-start=\"225\" data-end=\"399\" data-is-last-node=\"\" data-is-only-node=\"\">Nacida a partir de las revelaciones a Santa Margarita Mar\u00eda de Alacoque, esta imagen invita a vivir una fe cercana, confiando en un amor que nunca deja de latir por nosotros.<\/p>\n<p data-start=\"255\" data-end=\"365\">Elaborado por un artista nacional, con trabajo artesanal y excelente nivel de definici\u00f3n en cada pieza.<\/p>\n<p data-start=\"565\" data-end=\"663\" data-is-last-node=\"\" data-is-only-node=\"\">Di\u00e1metro: 23cm<\/p>\n","protected":false},"featured_media":12445,"template":"","meta":{"_joinchat":[]},"product_brand":[],"product_cat":[119,121],"product_tag":[],"class_list":{"0":"post-12444","1":"product","2":"type-product","3":"status-publish","4":"has-post-thumbnail","6":"product_cat-articulos-de-santeria","7":"product_cat-medallones","9":"first","10":"instock","11":"shipping-taxable","12":"purchasable","13":"product-type-simple"},"_links":{"self":[{"href":"https:\/\/sanbenitosanteria.com\/index.php\/wp-json\/wp\/v2\/product\/12444","targetHints":{"allow":["GET"]}}],"collection":[{"href":"https:\/\/sanbenitosanteria.com\/index.php\/wp-json\/wp\/v2\/product"}],"about":[{"href":"https:\/\/sanbenitosanteria.com\/index.php\/wp-json\/wp\/v2\/types\/product"}],"version-history":[{"count":3,"href":"https:\/\/sanbenitosanteria.com\/index.php\/wp-json\/wp\/v2\/product\/12444\/revisions"}],"predecessor-version":[{"id":13274,"href":"https:\/\/sanbenitosanteria.com\/index.php\/wp-json\/wp\/v2\/product\/12444\/revisions\/13274"}],"wp:featuredmedia":[{"embeddable":true,"href":"https:\/\/sanbenitosanteria.com\/index.php\/wp-json\/wp\/v2\/media\/12445"}],"wp:attachment":[{"href":"https:\/\/sanbenitosanteria.com\/index.php\/wp-json\/wp\/v2\/media?parent=12444"}],"wp:term":[{"taxonomy":"product_brand","embeddable":true,"href":"https:\/\/sanbenitosanteria.com\/index.php\/wp-json\/wp\/v2\/product_brand?post=12444"},{"taxonomy":"product_cat","embeddable":true,"href":"https:\/\/sanbenitosanteria.com\/index.php\/wp-json\/wp\/v2\/product_cat?post=12444"},{"taxonomy":"product_tag","embeddable":true,"href":"https:\/\/sanbenitosanteria.com\/index.php\/wp-json\/wp\/v2\/product_tag?post=12444"}],"curies":[{"name":"wp","href":"https:\/\/api.w.org\/{rel}","templated":true}]}}