{"id":12447,"date":"2026-02-17T15:47:53","date_gmt":"2026-02-17T15:47:53","guid":{"rendered":"https:\/\/sanbenitosanteria.com\/?post_type=product&#038;p=12447"},"modified":"2026-04-07T17:24:22","modified_gmt":"2026-04-07T17:24:22","slug":"pulsera-esclava-doble-medalla-san-benito","status":"publish","type":"product","link":"https:\/\/sanbenitosanteria.com\/index.php\/product\/pulsera-esclava-doble-medalla-san-benito\/","title":{"rendered":"Pulsera Esclava Doble Medalla San Benito"},"content":{"rendered":"","protected":false},"excerpt":{"rendered":"<p data-start=\"0\" data-end=\"35\">Esclava San Benito Doble Dije<\/p>\n<p data-start=\"37\" data-end=\"138\">Esclava r\u00edgida confeccionada en alpaca ba\u00f1ada en plata, con excelente terminaci\u00f3n y brillo sutil.<\/p>\n<p>Presenta doble dije:<\/p>\n<ul>\n<li>Medalla de San Benito con sus inscripciones tradicionales.<\/li>\n<li data-start=\"140\" data-end=\"285\">Imagen del santo, trabajada en relieve.<\/li>\n<\/ul>\n<p data-start=\"388\" data-end=\"462\" data-is-last-node=\"\" data-is-only-node=\"\">Una pieza de fe y protecci\u00f3n, con car\u00e1cter artesanal y elegante presencia.<\/p>\n","protected":false},"featured_media":12451,"template":"","meta":{"_joinchat":[]},"product_brand":[],"product_cat":[119,122],"product_tag":[],"class_list":{"0":"post-12447","1":"product","2":"type-product","3":"status-publish","4":"has-post-thumbnail","6":"product_cat-articulos-de-santeria","7":"product_cat-pulseras","9":"first","10":"instock","11":"shipping-taxable","12":"purchasable","13":"product-type-simple"},"_links":{"self":[{"href":"https:\/\/sanbenitosanteria.com\/index.php\/wp-json\/wp\/v2\/product\/12447","targetHints":{"allow":["GET"]}}],"collection":[{"href":"https:\/\/sanbenitosanteria.com\/index.php\/wp-json\/wp\/v2\/product"}],"about":[{"href":"https:\/\/sanbenitosanteria.com\/index.php\/wp-json\/wp\/v2\/types\/product"}],"version-history":[{"count":4,"href":"https:\/\/sanbenitosanteria.com\/index.php\/wp-json\/wp\/v2\/product\/12447\/revisions"}],"predecessor-version":[{"id":13276,"href":"https:\/\/sanbenitosanteria.com\/index.php\/wp-json\/wp\/v2\/product\/12447\/revisions\/13276"}],"wp:featuredmedia":[{"embeddable":true,"href":"https:\/\/sanbenitosanteria.com\/index.php\/wp-json\/wp\/v2\/media\/12451"}],"wp:attachment":[{"href":"https:\/\/sanbenitosanteria.com\/index.php\/wp-json\/wp\/v2\/media?parent=12447"}],"wp:term":[{"taxonomy":"product_brand","embeddable":true,"href":"https:\/\/sanbenitosanteria.com\/index.php\/wp-json\/wp\/v2\/product_brand?post=12447"},{"taxonomy":"product_cat","embeddable":true,"href":"https:\/\/sanbenitosanteria.com\/index.php\/wp-json\/wp\/v2\/product_cat?post=12447"},{"taxonomy":"product_tag","embeddable":true,"href":"https:\/\/sanbenitosanteria.com\/index.php\/wp-json\/wp\/v2\/product_tag?post=12447"}],"curies":[{"name":"wp","href":"https:\/\/api.w.org\/{rel}","templated":true}]}}