{"id":12470,"date":"2026-02-17T16:51:46","date_gmt":"2026-02-17T16:51:46","guid":{"rendered":"https:\/\/sanbenitosanteria.com\/?post_type=product&#038;p=12470"},"modified":"2026-04-03T21:58:08","modified_gmt":"2026-04-03T21:58:08","slug":"vela-comun-vaso-plastico","status":"publish","type":"product","link":"https:\/\/sanbenitosanteria.com\/index.php\/product\/vela-comun-vaso-plastico\/","title":{"rendered":"Vela Cl\u00e1sica Vaso Pl\u00e1stico"},"content":{"rendered":"","protected":false},"excerpt":{"rendered":"<p data-start=\"0\" data-end=\"68\">Vela en vaso com\u00fan, San Benito y Virgen de la Medalla Milagrosa<\/p>\n<p data-start=\"70\" data-end=\"168\">Vela religiosa presentada en vaso pl\u00e1stico com\u00fan y pr\u00e1ctica, ideal para uso diario. Con imagen impresa a color y dise\u00f1o tradicional.<\/p>\n","protected":false},"featured_media":12471,"template":"","meta":{"_joinchat":[]},"product_brand":[],"product_cat":[119,131],"product_tag":[],"class_list":{"0":"post-12470","1":"product","2":"type-product","3":"status-publish","4":"has-post-thumbnail","6":"product_cat-articulos-de-santeria","7":"product_cat-velas","9":"first","10":"instock","11":"featured","12":"shipping-taxable","13":"purchasable","14":"product-type-variable"},"_links":{"self":[{"href":"https:\/\/sanbenitosanteria.com\/index.php\/wp-json\/wp\/v2\/product\/12470","targetHints":{"allow":["GET"]}}],"collection":[{"href":"https:\/\/sanbenitosanteria.com\/index.php\/wp-json\/wp\/v2\/product"}],"about":[{"href":"https:\/\/sanbenitosanteria.com\/index.php\/wp-json\/wp\/v2\/types\/product"}],"version-history":[{"count":5,"href":"https:\/\/sanbenitosanteria.com\/index.php\/wp-json\/wp\/v2\/product\/12470\/revisions"}],"predecessor-version":[{"id":12616,"href":"https:\/\/sanbenitosanteria.com\/index.php\/wp-json\/wp\/v2\/product\/12470\/revisions\/12616"}],"wp:featuredmedia":[{"embeddable":true,"href":"https:\/\/sanbenitosanteria.com\/index.php\/wp-json\/wp\/v2\/media\/12471"}],"wp:attachment":[{"href":"https:\/\/sanbenitosanteria.com\/index.php\/wp-json\/wp\/v2\/media?parent=12470"}],"wp:term":[{"taxonomy":"product_brand","embeddable":true,"href":"https:\/\/sanbenitosanteria.com\/index.php\/wp-json\/wp\/v2\/product_brand?post=12470"},{"taxonomy":"product_cat","embeddable":true,"href":"https:\/\/sanbenitosanteria.com\/index.php\/wp-json\/wp\/v2\/product_cat?post=12470"},{"taxonomy":"product_tag","embeddable":true,"href":"https:\/\/sanbenitosanteria.com\/index.php\/wp-json\/wp\/v2\/product_tag?post=12470"}],"curies":[{"name":"wp","href":"https:\/\/api.w.org\/{rel}","templated":true}]}}