{"id":12494,"date":"2026-02-17T19:31:27","date_gmt":"2026-02-17T19:31:27","guid":{"rendered":"https:\/\/sanbenitosanteria.com\/?post_type=product&#038;p=12494"},"modified":"2026-02-18T16:21:54","modified_gmt":"2026-02-18T16:21:54","slug":"velon-de-7-dias-san-benito","status":"publish","type":"product","link":"https:\/\/sanbenitosanteria.com\/index.php\/product\/velon-de-7-dias-san-benito\/","title":{"rendered":"Vel\u00f3n de 7 d\u00edas San Benito"},"content":{"rendered":"","protected":false},"excerpt":{"rendered":"<p data-start=\"70\" data-end=\"168\">Vel\u00f3n de 7 d\u00edas presentado en vaso pl\u00e1stico com\u00fan, ideal para acompa\u00f1ar d\u00edas seguidos de rezos.<\/p>\n<p data-start=\"247\" data-end=\"419\">Con imagen impresa a color y dise\u00f1o tradicional.<\/p>\n","protected":false},"featured_media":12495,"template":"","meta":{"_joinchat":[]},"product_brand":[],"product_cat":[119,131],"product_tag":[],"class_list":{"0":"post-12494","1":"product","2":"type-product","3":"status-publish","4":"has-post-thumbnail","6":"product_cat-articulos-de-santeria","7":"product_cat-velas","9":"first","10":"instock","11":"shipping-taxable","12":"purchasable","13":"product-type-simple"},"_links":{"self":[{"href":"https:\/\/sanbenitosanteria.com\/index.php\/wp-json\/wp\/v2\/product\/12494","targetHints":{"allow":["GET"]}}],"collection":[{"href":"https:\/\/sanbenitosanteria.com\/index.php\/wp-json\/wp\/v2\/product"}],"about":[{"href":"https:\/\/sanbenitosanteria.com\/index.php\/wp-json\/wp\/v2\/types\/product"}],"version-history":[{"count":3,"href":"https:\/\/sanbenitosanteria.com\/index.php\/wp-json\/wp\/v2\/product\/12494\/revisions"}],"predecessor-version":[{"id":12613,"href":"https:\/\/sanbenitosanteria.com\/index.php\/wp-json\/wp\/v2\/product\/12494\/revisions\/12613"}],"wp:featuredmedia":[{"embeddable":true,"href":"https:\/\/sanbenitosanteria.com\/index.php\/wp-json\/wp\/v2\/media\/12495"}],"wp:attachment":[{"href":"https:\/\/sanbenitosanteria.com\/index.php\/wp-json\/wp\/v2\/media?parent=12494"}],"wp:term":[{"taxonomy":"product_brand","embeddable":true,"href":"https:\/\/sanbenitosanteria.com\/index.php\/wp-json\/wp\/v2\/product_brand?post=12494"},{"taxonomy":"product_cat","embeddable":true,"href":"https:\/\/sanbenitosanteria.com\/index.php\/wp-json\/wp\/v2\/product_cat?post=12494"},{"taxonomy":"product_tag","embeddable":true,"href":"https:\/\/sanbenitosanteria.com\/index.php\/wp-json\/wp\/v2\/product_tag?post=12494"}],"curies":[{"name":"wp","href":"https:\/\/api.w.org\/{rel}","templated":true}]}}