{"id":12642,"date":"2026-02-18T17:17:47","date_gmt":"2026-02-18T17:17:47","guid":{"rendered":"https:\/\/sanbenitosanteria.com\/?post_type=product&#038;p=12642"},"modified":"2026-04-07T19:15:37","modified_gmt":"2026-04-07T19:15:37","slug":"sagrada-familia-cemento","status":"publish","type":"product","link":"https:\/\/sanbenitosanteria.com\/index.php\/product\/sagrada-familia-cemento\/","title":{"rendered":"Sagrada Familia Cemento"},"content":{"rendered":"","protected":false},"excerpt":{"rendered":"<p>Sagrada Familia Imagen en Cemento para Exterior (45 cm x 23 cm)<\/p>\n<p data-start=\"73\" data-end=\"219\">Sagrada Familia, ideal para jardines, patios y galer\u00edas. Realizada en cemento de alta resistencia, es una pieza apta para exterior. Con unas medidas de 45 cm de alto x 23 cm de ancho.<\/p>\n<p data-start=\"73\" data-end=\"219\">Esta imagen est\u00e1 elaborada por un artista nacional especializado en arte sacro, garantizando calidad, tradici\u00f3n y dedicaci\u00f3n en cada terminaci\u00f3n.<\/p>\n","protected":false},"featured_media":12643,"template":"","meta":{"_joinchat":[]},"product_brand":[],"product_cat":[119,124],"product_tag":[],"class_list":{"0":"post-12642","1":"product","2":"type-product","3":"status-publish","4":"has-post-thumbnail","6":"product_cat-articulos-de-santeria","7":"product_cat-imagenes","9":"first","10":"instock","11":"shipping-taxable","12":"purchasable","13":"product-type-simple"},"_links":{"self":[{"href":"https:\/\/sanbenitosanteria.com\/index.php\/wp-json\/wp\/v2\/product\/12642","targetHints":{"allow":["GET"]}}],"collection":[{"href":"https:\/\/sanbenitosanteria.com\/index.php\/wp-json\/wp\/v2\/product"}],"about":[{"href":"https:\/\/sanbenitosanteria.com\/index.php\/wp-json\/wp\/v2\/types\/product"}],"version-history":[{"count":3,"href":"https:\/\/sanbenitosanteria.com\/index.php\/wp-json\/wp\/v2\/product\/12642\/revisions"}],"predecessor-version":[{"id":13278,"href":"https:\/\/sanbenitosanteria.com\/index.php\/wp-json\/wp\/v2\/product\/12642\/revisions\/13278"}],"wp:featuredmedia":[{"embeddable":true,"href":"https:\/\/sanbenitosanteria.com\/index.php\/wp-json\/wp\/v2\/media\/12643"}],"wp:attachment":[{"href":"https:\/\/sanbenitosanteria.com\/index.php\/wp-json\/wp\/v2\/media?parent=12642"}],"wp:term":[{"taxonomy":"product_brand","embeddable":true,"href":"https:\/\/sanbenitosanteria.com\/index.php\/wp-json\/wp\/v2\/product_brand?post=12642"},{"taxonomy":"product_cat","embeddable":true,"href":"https:\/\/sanbenitosanteria.com\/index.php\/wp-json\/wp\/v2\/product_cat?post=12642"},{"taxonomy":"product_tag","embeddable":true,"href":"https:\/\/sanbenitosanteria.com\/index.php\/wp-json\/wp\/v2\/product_tag?post=12642"}],"curies":[{"name":"wp","href":"https:\/\/api.w.org\/{rel}","templated":true}]}}