{"id":12645,"date":"2026-02-18T17:31:45","date_gmt":"2026-02-18T17:31:45","guid":{"rendered":"https:\/\/sanbenitosanteria.com\/?post_type=product&#038;p=12645"},"modified":"2026-02-18T19:22:26","modified_gmt":"2026-02-18T19:22:26","slug":"imagen-san-benito-45cm","status":"publish","type":"product","link":"https:\/\/sanbenitosanteria.com\/index.php\/product\/imagen-san-benito-45cm\/","title":{"rendered":"Imagen San Benito (45cm)"},"content":{"rendered":"","protected":false},"excerpt":{"rendered":"<p>San Benito Imagen de 45 cm de Alto<\/p>\n<p>Imagen de San Benito Con una altura de 45 cm, esta pieza destaca por sus finos detalles en el h\u00e1bito, la expresi\u00f3n del rostro y los elementos caracter\u00edsticos del santo, logrando una presencia elegante y solemne.<\/p>\n<p>La imagen est\u00e1 realizada mediante impresi\u00f3n 3D, partiendo del molde dise\u00f1ado y creado por un artista nacional especializado en arte sacro, quien cuida cada detalle para garantizar fidelidad est\u00e9tica y calidad en la terminaci\u00f3n.<\/p>\n","protected":false},"featured_media":12646,"template":"","meta":{"_joinchat":[]},"product_brand":[],"product_cat":[119,124],"product_tag":[],"class_list":{"0":"post-12645","1":"product","2":"type-product","3":"status-publish","4":"has-post-thumbnail","6":"product_cat-articulos-de-santeria","7":"product_cat-imagenes","9":"first","10":"instock","11":"shipping-taxable","12":"purchasable","13":"product-type-simple"},"_links":{"self":[{"href":"https:\/\/sanbenitosanteria.com\/index.php\/wp-json\/wp\/v2\/product\/12645","targetHints":{"allow":["GET"]}}],"collection":[{"href":"https:\/\/sanbenitosanteria.com\/index.php\/wp-json\/wp\/v2\/product"}],"about":[{"href":"https:\/\/sanbenitosanteria.com\/index.php\/wp-json\/wp\/v2\/types\/product"}],"version-history":[{"count":3,"href":"https:\/\/sanbenitosanteria.com\/index.php\/wp-json\/wp\/v2\/product\/12645\/revisions"}],"predecessor-version":[{"id":12650,"href":"https:\/\/sanbenitosanteria.com\/index.php\/wp-json\/wp\/v2\/product\/12645\/revisions\/12650"}],"wp:featuredmedia":[{"embeddable":true,"href":"https:\/\/sanbenitosanteria.com\/index.php\/wp-json\/wp\/v2\/media\/12646"}],"wp:attachment":[{"href":"https:\/\/sanbenitosanteria.com\/index.php\/wp-json\/wp\/v2\/media?parent=12645"}],"wp:term":[{"taxonomy":"product_brand","embeddable":true,"href":"https:\/\/sanbenitosanteria.com\/index.php\/wp-json\/wp\/v2\/product_brand?post=12645"},{"taxonomy":"product_cat","embeddable":true,"href":"https:\/\/sanbenitosanteria.com\/index.php\/wp-json\/wp\/v2\/product_cat?post=12645"},{"taxonomy":"product_tag","embeddable":true,"href":"https:\/\/sanbenitosanteria.com\/index.php\/wp-json\/wp\/v2\/product_tag?post=12645"}],"curies":[{"name":"wp","href":"https:\/\/api.w.org\/{rel}","templated":true}]}}