{"id":12651,"date":"2026-02-18T19:34:58","date_gmt":"2026-02-18T19:34:58","guid":{"rendered":"https:\/\/sanbenitosanteria.com\/?post_type=product&#038;p=12651"},"modified":"2026-04-07T19:16:48","modified_gmt":"2026-04-07T19:16:48","slug":"san-benito-en-cemento","status":"publish","type":"product","link":"https:\/\/sanbenitosanteria.com\/index.php\/product\/san-benito-en-cemento\/","title":{"rendered":"San Benito en Cemento"},"content":{"rendered":"","protected":false},"excerpt":{"rendered":"<p>San Benito Imagen en Cemento para Exterior (28 cm)<\/p>\n<p>Imagen de San Benito, s\u00edmbolo de protecci\u00f3n, ideal para acompa\u00f1ar espacios de oraci\u00f3n tanto en el hogar como en exteriores.<\/p>\n<p data-start=\"239\" data-end=\"414\">Realizada en cemento de alta resistencia, es una pieza apta para exterior. Con una altura de 28 cm, est\u00e1 elaborada por un artista nacional especializado en arte sacro, lo que garantiza calidad, dedicaci\u00f3n y respeto.<\/p>\n","protected":false},"featured_media":12653,"template":"","meta":{"_joinchat":[]},"product_brand":[],"product_cat":[119,124],"product_tag":[],"class_list":{"0":"post-12651","1":"product","2":"type-product","3":"status-publish","4":"has-post-thumbnail","6":"product_cat-articulos-de-santeria","7":"product_cat-imagenes","9":"first","10":"instock","11":"featured","12":"shipping-taxable","13":"purchasable","14":"product-type-simple"},"_links":{"self":[{"href":"https:\/\/sanbenitosanteria.com\/index.php\/wp-json\/wp\/v2\/product\/12651","targetHints":{"allow":["GET"]}}],"collection":[{"href":"https:\/\/sanbenitosanteria.com\/index.php\/wp-json\/wp\/v2\/product"}],"about":[{"href":"https:\/\/sanbenitosanteria.com\/index.php\/wp-json\/wp\/v2\/types\/product"}],"version-history":[{"count":3,"href":"https:\/\/sanbenitosanteria.com\/index.php\/wp-json\/wp\/v2\/product\/12651\/revisions"}],"predecessor-version":[{"id":13279,"href":"https:\/\/sanbenitosanteria.com\/index.php\/wp-json\/wp\/v2\/product\/12651\/revisions\/13279"}],"wp:featuredmedia":[{"embeddable":true,"href":"https:\/\/sanbenitosanteria.com\/index.php\/wp-json\/wp\/v2\/media\/12653"}],"wp:attachment":[{"href":"https:\/\/sanbenitosanteria.com\/index.php\/wp-json\/wp\/v2\/media?parent=12651"}],"wp:term":[{"taxonomy":"product_brand","embeddable":true,"href":"https:\/\/sanbenitosanteria.com\/index.php\/wp-json\/wp\/v2\/product_brand?post=12651"},{"taxonomy":"product_cat","embeddable":true,"href":"https:\/\/sanbenitosanteria.com\/index.php\/wp-json\/wp\/v2\/product_cat?post=12651"},{"taxonomy":"product_tag","embeddable":true,"href":"https:\/\/sanbenitosanteria.com\/index.php\/wp-json\/wp\/v2\/product_tag?post=12651"}],"curies":[{"name":"wp","href":"https:\/\/api.w.org\/{rel}","templated":true}]}}