{"id":12731,"date":"2026-03-11T20:21:52","date_gmt":"2026-03-11T20:21:52","guid":{"rendered":"https:\/\/sanbenitosanteria.com\/?post_type=product&#038;p=12731"},"modified":"2026-05-02T20:43:08","modified_gmt":"2026-05-02T20:43:08","slug":"imagen-virgen-medalla-milagrosa","status":"publish","type":"product","link":"https:\/\/sanbenitosanteria.com\/index.php\/product\/imagen-virgen-medalla-milagrosa\/","title":{"rendered":"Imagen Virgen Medalla Milagrosa Yeso"},"content":{"rendered":"","protected":false},"excerpt":{"rendered":"<p>Virgen de la Medalla Milagrosa<\/p>\n<p data-start=\"69\" data-end=\"267\">Imagen de la Virgen de la Medalla Milagrosa, una de las advocaciones marianas m\u00e1s queridas dentro de la devoci\u00f3n cat\u00f3lica, representada con los brazos abiertos como signo de gracia y protecci\u00f3n.<\/p>\n<p data-start=\"269\" data-end=\"492\">La pieza est\u00e1 realizada en yeso pintado, con terminaci\u00f3n patinada con bet\u00fan y cera, lo que resalta sus relieves y le aporta un aspecto cl\u00e1sico y delicado propio del arte sacro tradicional.<\/p>\n","protected":false},"featured_media":12732,"template":"","meta":{"_joinchat":[]},"product_brand":[],"product_cat":[119,124],"product_tag":[],"class_list":{"0":"post-12731","1":"product","2":"type-product","3":"status-publish","4":"has-post-thumbnail","6":"product_cat-articulos-de-santeria","7":"product_cat-imagenes","9":"first","10":"instock","11":"shipping-taxable","12":"purchasable","13":"product-type-variable"},"_links":{"self":[{"href":"https:\/\/sanbenitosanteria.com\/index.php\/wp-json\/wp\/v2\/product\/12731","targetHints":{"allow":["GET"]}}],"collection":[{"href":"https:\/\/sanbenitosanteria.com\/index.php\/wp-json\/wp\/v2\/product"}],"about":[{"href":"https:\/\/sanbenitosanteria.com\/index.php\/wp-json\/wp\/v2\/types\/product"}],"version-history":[{"count":3,"href":"https:\/\/sanbenitosanteria.com\/index.php\/wp-json\/wp\/v2\/product\/12731\/revisions"}],"predecessor-version":[{"id":12765,"href":"https:\/\/sanbenitosanteria.com\/index.php\/wp-json\/wp\/v2\/product\/12731\/revisions\/12765"}],"wp:featuredmedia":[{"embeddable":true,"href":"https:\/\/sanbenitosanteria.com\/index.php\/wp-json\/wp\/v2\/media\/12732"}],"wp:attachment":[{"href":"https:\/\/sanbenitosanteria.com\/index.php\/wp-json\/wp\/v2\/media?parent=12731"}],"wp:term":[{"taxonomy":"product_brand","embeddable":true,"href":"https:\/\/sanbenitosanteria.com\/index.php\/wp-json\/wp\/v2\/product_brand?post=12731"},{"taxonomy":"product_cat","embeddable":true,"href":"https:\/\/sanbenitosanteria.com\/index.php\/wp-json\/wp\/v2\/product_cat?post=12731"},{"taxonomy":"product_tag","embeddable":true,"href":"https:\/\/sanbenitosanteria.com\/index.php\/wp-json\/wp\/v2\/product_tag?post=12731"}],"curies":[{"name":"wp","href":"https:\/\/api.w.org\/{rel}","templated":true}]}}