{"id":12749,"date":"2026-03-11T21:06:33","date_gmt":"2026-03-11T21:06:33","guid":{"rendered":"https:\/\/sanbenitosanteria.com\/?post_type=product&#038;p=12749"},"modified":"2026-04-07T17:01:08","modified_gmt":"2026-04-07T17:01:08","slug":"san-jose-dormido-poliresina-italiana","status":"publish","type":"product","link":"https:\/\/sanbenitosanteria.com\/index.php\/product\/san-jose-dormido-poliresina-italiana\/","title":{"rendered":"San Jose Dormido Poliresina Italiana"},"content":{"rendered":"","protected":false},"excerpt":{"rendered":"<p>San Jos\u00e9 Dormido Poliresina Italiana<\/p>\n<p>La devoci\u00f3n a San Jos\u00e9 Dormido fue especialmente popularizada por Papa Francisco, quien sol\u00eda recomendar colocar intenciones o pedidos bajo su imagen como signo de confianza en su intercesi\u00f3n.<\/p>\n<p>En el Evangelio se cuenta que Dios le habl\u00f3 a Jos\u00e9 a trav\u00e9s de los sue\u00f1os.<br \/>\nFue as\u00ed como comprendi\u00f3 que deb\u00eda recibir a Mar\u00eda, proteger al Ni\u00f1o y huir a Egipto para cuidarlo.<br \/>\nPor eso muchas im\u00e1genes lo muestran descansando serenamente: el sue\u00f1o representa ese momento en el que Jos\u00e9 conf\u00eda y escucha el plan de Dios.<\/p>\n<p>Esta pieza est\u00e1 elaborada en poliresina italiana y pertenece a la l\u00ednea Dell\u2019Altare Gold. Un material que permite lograr gran precisi\u00f3n en las formas y una excelente definici\u00f3n en cada detalle de la pieza.<\/p>\n","protected":false},"featured_media":12750,"template":"","meta":{"_joinchat":[]},"product_brand":[],"product_cat":[119,124],"product_tag":[],"class_list":{"0":"post-12749","1":"product","2":"type-product","3":"status-publish","4":"has-post-thumbnail","6":"product_cat-articulos-de-santeria","7":"product_cat-imagenes","9":"first","10":"instock","11":"shipping-taxable","12":"purchasable","13":"product-type-variable"},"_links":{"self":[{"href":"https:\/\/sanbenitosanteria.com\/index.php\/wp-json\/wp\/v2\/product\/12749","targetHints":{"allow":["GET"]}}],"collection":[{"href":"https:\/\/sanbenitosanteria.com\/index.php\/wp-json\/wp\/v2\/product"}],"about":[{"href":"https:\/\/sanbenitosanteria.com\/index.php\/wp-json\/wp\/v2\/types\/product"}],"version-history":[{"count":3,"href":"https:\/\/sanbenitosanteria.com\/index.php\/wp-json\/wp\/v2\/product\/12749\/revisions"}],"predecessor-version":[{"id":13265,"href":"https:\/\/sanbenitosanteria.com\/index.php\/wp-json\/wp\/v2\/product\/12749\/revisions\/13265"}],"wp:featuredmedia":[{"embeddable":true,"href":"https:\/\/sanbenitosanteria.com\/index.php\/wp-json\/wp\/v2\/media\/12750"}],"wp:attachment":[{"href":"https:\/\/sanbenitosanteria.com\/index.php\/wp-json\/wp\/v2\/media?parent=12749"}],"wp:term":[{"taxonomy":"product_brand","embeddable":true,"href":"https:\/\/sanbenitosanteria.com\/index.php\/wp-json\/wp\/v2\/product_brand?post=12749"},{"taxonomy":"product_cat","embeddable":true,"href":"https:\/\/sanbenitosanteria.com\/index.php\/wp-json\/wp\/v2\/product_cat?post=12749"},{"taxonomy":"product_tag","embeddable":true,"href":"https:\/\/sanbenitosanteria.com\/index.php\/wp-json\/wp\/v2\/product_tag?post=12749"}],"curies":[{"name":"wp","href":"https:\/\/api.w.org\/{rel}","templated":true}]}}