{"id":12755,"date":"2026-03-11T21:26:49","date_gmt":"2026-03-11T21:26:49","guid":{"rendered":"https:\/\/sanbenitosanteria.com\/?post_type=product&#038;p=12755"},"modified":"2026-03-14T18:47:18","modified_gmt":"2026-03-14T18:47:18","slug":"sagrada-familia-farol","status":"publish","type":"product","link":"https:\/\/sanbenitosanteria.com\/index.php\/product\/sagrada-familia-farol\/","title":{"rendered":"Sagrada Familia Farol"},"content":{"rendered":"","protected":false},"excerpt":{"rendered":"<p>Sagrada Familia Farol<\/p>\n<p>Sagrada Familia Farol, que representa a San Jos\u00e9, la Virgen Mar\u00eda y el Ni\u00f1o Jes\u00fas en una escena llena de ternura y protecci\u00f3n. San Jos\u00e9 sostiene un farol, s\u00edmbolo de gu\u00eda y cuidado de la Sagrada Familia.<\/p>\n<p>La pieza est\u00e1 realizada en yeso pintado y patinado con bet\u00fan y cera, una terminaci\u00f3n que resalta los relieves y aporta un aspecto cl\u00e1sico propio del arte sacro tradicional.<\/p>\n","protected":false},"featured_media":12756,"template":"","meta":{"_joinchat":[]},"product_brand":[],"product_cat":[119,124],"product_tag":[],"class_list":{"0":"post-12755","1":"product","2":"type-product","3":"status-publish","4":"has-post-thumbnail","6":"product_cat-articulos-de-santeria","7":"product_cat-imagenes","9":"first","10":"instock","11":"shipping-taxable","12":"purchasable","13":"product-type-simple"},"_links":{"self":[{"href":"https:\/\/sanbenitosanteria.com\/index.php\/wp-json\/wp\/v2\/product\/12755","targetHints":{"allow":["GET"]}}],"collection":[{"href":"https:\/\/sanbenitosanteria.com\/index.php\/wp-json\/wp\/v2\/product"}],"about":[{"href":"https:\/\/sanbenitosanteria.com\/index.php\/wp-json\/wp\/v2\/types\/product"}],"version-history":[{"count":2,"href":"https:\/\/sanbenitosanteria.com\/index.php\/wp-json\/wp\/v2\/product\/12755\/revisions"}],"predecessor-version":[{"id":12785,"href":"https:\/\/sanbenitosanteria.com\/index.php\/wp-json\/wp\/v2\/product\/12755\/revisions\/12785"}],"wp:featuredmedia":[{"embeddable":true,"href":"https:\/\/sanbenitosanteria.com\/index.php\/wp-json\/wp\/v2\/media\/12756"}],"wp:attachment":[{"href":"https:\/\/sanbenitosanteria.com\/index.php\/wp-json\/wp\/v2\/media?parent=12755"}],"wp:term":[{"taxonomy":"product_brand","embeddable":true,"href":"https:\/\/sanbenitosanteria.com\/index.php\/wp-json\/wp\/v2\/product_brand?post=12755"},{"taxonomy":"product_cat","embeddable":true,"href":"https:\/\/sanbenitosanteria.com\/index.php\/wp-json\/wp\/v2\/product_cat?post=12755"},{"taxonomy":"product_tag","embeddable":true,"href":"https:\/\/sanbenitosanteria.com\/index.php\/wp-json\/wp\/v2\/product_tag?post=12755"}],"curies":[{"name":"wp","href":"https:\/\/api.w.org\/{rel}","templated":true}]}}