{"id":12758,"date":"2026-03-11T21:31:52","date_gmt":"2026-03-11T21:31:52","guid":{"rendered":"https:\/\/sanbenitosanteria.com\/?post_type=product&#038;p=12758"},"modified":"2026-03-14T18:50:58","modified_gmt":"2026-03-14T18:50:58","slug":"virgen-de-lujan-poliresina-italiana","status":"publish","type":"product","link":"https:\/\/sanbenitosanteria.com\/index.php\/product\/virgen-de-lujan-poliresina-italiana\/","title":{"rendered":"Virgen de Luj\u00e1n Poliresina Italiana"},"content":{"rendered":"","protected":false},"excerpt":{"rendered":"<p>Virgen de Luj\u00e1n Imagen en poliresina italiana<\/p>\n<p>Delicada imagen de la Virgen de Luj\u00e1n, patrona de la Argentina, representada con su tradicional manto azul y corona, acompa\u00f1ada por un resplandor decorativo que realza su presencia.<\/p>\n<p>La pieza est\u00e1 elaborada en poliresina italiana de la l\u00ednea Dell Altare Gold, lo que garantiza una excelente definici\u00f3n en los detalles, colores cuidadosamente trabajados y una terminaci\u00f3n elegante ideal para espacios de oraci\u00f3n o devoci\u00f3n.<\/p>\n","protected":false},"featured_media":12762,"template":"","meta":{"_joinchat":[]},"product_brand":[],"product_cat":[119,124],"product_tag":[],"class_list":{"0":"post-12758","1":"product","2":"type-product","3":"status-publish","4":"has-post-thumbnail","6":"product_cat-articulos-de-santeria","7":"product_cat-imagenes","9":"first","10":"instock","11":"shipping-taxable","12":"purchasable","13":"product-type-variable"},"_links":{"self":[{"href":"https:\/\/sanbenitosanteria.com\/index.php\/wp-json\/wp\/v2\/product\/12758","targetHints":{"allow":["GET"]}}],"collection":[{"href":"https:\/\/sanbenitosanteria.com\/index.php\/wp-json\/wp\/v2\/product"}],"about":[{"href":"https:\/\/sanbenitosanteria.com\/index.php\/wp-json\/wp\/v2\/types\/product"}],"version-history":[{"count":2,"href":"https:\/\/sanbenitosanteria.com\/index.php\/wp-json\/wp\/v2\/product\/12758\/revisions"}],"predecessor-version":[{"id":12787,"href":"https:\/\/sanbenitosanteria.com\/index.php\/wp-json\/wp\/v2\/product\/12758\/revisions\/12787"}],"wp:featuredmedia":[{"embeddable":true,"href":"https:\/\/sanbenitosanteria.com\/index.php\/wp-json\/wp\/v2\/media\/12762"}],"wp:attachment":[{"href":"https:\/\/sanbenitosanteria.com\/index.php\/wp-json\/wp\/v2\/media?parent=12758"}],"wp:term":[{"taxonomy":"product_brand","embeddable":true,"href":"https:\/\/sanbenitosanteria.com\/index.php\/wp-json\/wp\/v2\/product_brand?post=12758"},{"taxonomy":"product_cat","embeddable":true,"href":"https:\/\/sanbenitosanteria.com\/index.php\/wp-json\/wp\/v2\/product_cat?post=12758"},{"taxonomy":"product_tag","embeddable":true,"href":"https:\/\/sanbenitosanteria.com\/index.php\/wp-json\/wp\/v2\/product_tag?post=12758"}],"curies":[{"name":"wp","href":"https:\/\/api.w.org\/{rel}","templated":true}]}}