{"id":12764,"date":"2026-03-11T21:40:42","date_gmt":"2026-03-11T21:40:42","guid":{"rendered":"https:\/\/sanbenitosanteria.com\/?post_type=product&#038;p=12764"},"modified":"2026-04-07T17:02:04","modified_gmt":"2026-04-07T17:02:04","slug":"san-jose-dormido-yeso","status":"publish","type":"product","link":"https:\/\/sanbenitosanteria.com\/index.php\/product\/san-jose-dormido-yeso\/","title":{"rendered":"San Jose Dormido Yeso"},"content":{"rendered":"","protected":false},"excerpt":{"rendered":"<p>San Jos\u00e9 Dormido<\/p>\n<p>La devoci\u00f3n a San Jos\u00e9 Dormido fue especialmente popularizada por Papa Francisco, quien sol\u00eda recomendar colocar intenciones o pedidos bajo su imagen como signo de confianza en su intercesi\u00f3n.<\/p>\n<p>La devoci\u00f3n a San Jos\u00e9 Dormido fue especialmente popularizada por Papa Francisco, quien sol\u00eda recomendar colocar intenciones o pedidos bajo su imagen como signo de confianza en su intercesi\u00f3n.<\/p>\n<p>En el Evangelio se cuenta que Dios le habl\u00f3 a Jos\u00e9 a trav\u00e9s de los sue\u00f1os.<br \/>\nFue as\u00ed como comprendi\u00f3 que deb\u00eda recibir a Mar\u00eda, proteger al Ni\u00f1o y huir a Egipto para cuidarlo.<br \/>\nPor eso muchas im\u00e1genes lo muestran descansando serenamente: el sue\u00f1o representa ese momento en el que Jos\u00e9 conf\u00eda y escucha el plan de Dios.<\/p>\n<p>La pieza est\u00e1 realizada en yeso pintado y patinado con bet\u00fan y cera, una terminaci\u00f3n que resalta los relieves y aporta un aspecto cl\u00e1sico propio del arte sacro tradicional.<\/p>\n","protected":false},"featured_media":12774,"template":"","meta":{"_joinchat":[]},"product_brand":[],"product_cat":[119,124],"product_tag":[],"class_list":{"0":"post-12764","1":"product","2":"type-product","3":"status-publish","4":"has-post-thumbnail","6":"product_cat-articulos-de-santeria","7":"product_cat-imagenes","9":"first","10":"instock","11":"shipping-taxable","12":"purchasable","13":"product-type-variable"},"_links":{"self":[{"href":"https:\/\/sanbenitosanteria.com\/index.php\/wp-json\/wp\/v2\/product\/12764","targetHints":{"allow":["GET"]}}],"collection":[{"href":"https:\/\/sanbenitosanteria.com\/index.php\/wp-json\/wp\/v2\/product"}],"about":[{"href":"https:\/\/sanbenitosanteria.com\/index.php\/wp-json\/wp\/v2\/types\/product"}],"version-history":[{"count":3,"href":"https:\/\/sanbenitosanteria.com\/index.php\/wp-json\/wp\/v2\/product\/12764\/revisions"}],"predecessor-version":[{"id":13266,"href":"https:\/\/sanbenitosanteria.com\/index.php\/wp-json\/wp\/v2\/product\/12764\/revisions\/13266"}],"wp:featuredmedia":[{"embeddable":true,"href":"https:\/\/sanbenitosanteria.com\/index.php\/wp-json\/wp\/v2\/media\/12774"}],"wp:attachment":[{"href":"https:\/\/sanbenitosanteria.com\/index.php\/wp-json\/wp\/v2\/media?parent=12764"}],"wp:term":[{"taxonomy":"product_brand","embeddable":true,"href":"https:\/\/sanbenitosanteria.com\/index.php\/wp-json\/wp\/v2\/product_brand?post=12764"},{"taxonomy":"product_cat","embeddable":true,"href":"https:\/\/sanbenitosanteria.com\/index.php\/wp-json\/wp\/v2\/product_cat?post=12764"},{"taxonomy":"product_tag","embeddable":true,"href":"https:\/\/sanbenitosanteria.com\/index.php\/wp-json\/wp\/v2\/product_tag?post=12764"}],"curies":[{"name":"wp","href":"https:\/\/api.w.org\/{rel}","templated":true}]}}