{"id":12790,"date":"2026-03-17T16:05:13","date_gmt":"2026-03-17T16:05:13","guid":{"rendered":"https:\/\/sanbenitosanteria.com\/?post_type=product&#038;p=12790"},"modified":"2026-04-03T21:58:46","modified_gmt":"2026-04-03T21:58:46","slug":"san-benito-yeso-color","status":"publish","type":"product","link":"https:\/\/sanbenitosanteria.com\/index.php\/product\/san-benito-yeso-color\/","title":{"rendered":"San Benito Yeso Color"},"content":{"rendered":"","protected":false},"excerpt":{"rendered":"<p data-start=\"0\" data-end=\"66\">San Benito\u00a0Imagen en yeso a color<\/p>\n<p data-start=\"68\" data-end=\"313\">Cl\u00e1sica imagen de San Benito, representado con su h\u00e1bito mon\u00e1stico, el libro de la regla y el b\u00e1culo pastoral, s\u00edmbolos de su vida espiritual y su gu\u00eda en la fe. Es una figura muy venerada por su protecci\u00f3n.<\/p>\n<p data-start=\"315\" data-end=\"465\">La pieza est\u00e1 realizada en yeso a color, con detalles cuidadosamente pintados que resaltan su expresi\u00f3n y los elementos caracter\u00edsticos del santo.<\/p>\n<p data-start=\"315\" data-end=\"465\">Esta imagen est\u00e1 elaborada por un artista nacional especializado en arte sacro, lo que garantiza un trabajo artesanal de calidad y una terminaci\u00f3n \u00fanica en cada pieza.<\/p>\n","protected":false},"featured_media":12791,"template":"","meta":{"_joinchat":[]},"product_brand":[],"product_cat":[119,124],"product_tag":[],"class_list":{"0":"post-12790","1":"product","2":"type-product","3":"status-publish","4":"has-post-thumbnail","6":"product_cat-articulos-de-santeria","7":"product_cat-imagenes","9":"first","10":"instock","11":"featured","12":"shipping-taxable","13":"purchasable","14":"product-type-variable"},"_links":{"self":[{"href":"https:\/\/sanbenitosanteria.com\/index.php\/wp-json\/wp\/v2\/product\/12790","targetHints":{"allow":["GET"]}}],"collection":[{"href":"https:\/\/sanbenitosanteria.com\/index.php\/wp-json\/wp\/v2\/product"}],"about":[{"href":"https:\/\/sanbenitosanteria.com\/index.php\/wp-json\/wp\/v2\/types\/product"}],"version-history":[{"count":1,"href":"https:\/\/sanbenitosanteria.com\/index.php\/wp-json\/wp\/v2\/product\/12790\/revisions"}],"predecessor-version":[{"id":12795,"href":"https:\/\/sanbenitosanteria.com\/index.php\/wp-json\/wp\/v2\/product\/12790\/revisions\/12795"}],"wp:featuredmedia":[{"embeddable":true,"href":"https:\/\/sanbenitosanteria.com\/index.php\/wp-json\/wp\/v2\/media\/12791"}],"wp:attachment":[{"href":"https:\/\/sanbenitosanteria.com\/index.php\/wp-json\/wp\/v2\/media?parent=12790"}],"wp:term":[{"taxonomy":"product_brand","embeddable":true,"href":"https:\/\/sanbenitosanteria.com\/index.php\/wp-json\/wp\/v2\/product_brand?post=12790"},{"taxonomy":"product_cat","embeddable":true,"href":"https:\/\/sanbenitosanteria.com\/index.php\/wp-json\/wp\/v2\/product_cat?post=12790"},{"taxonomy":"product_tag","embeddable":true,"href":"https:\/\/sanbenitosanteria.com\/index.php\/wp-json\/wp\/v2\/product_tag?post=12790"}],"curies":[{"name":"wp","href":"https:\/\/api.w.org\/{rel}","templated":true}]}}