{"id":12796,"date":"2026-03-17T16:11:59","date_gmt":"2026-03-17T16:11:59","guid":{"rendered":"https:\/\/sanbenitosanteria.com\/?post_type=product&#038;p=12796"},"modified":"2026-04-03T21:58:52","modified_gmt":"2026-04-03T21:58:52","slug":"san-benito-yeso-blanco","status":"publish","type":"product","link":"https:\/\/sanbenitosanteria.com\/index.php\/product\/san-benito-yeso-blanco\/","title":{"rendered":"San Benito Yeso Blanco"},"content":{"rendered":"","protected":false},"excerpt":{"rendered":"<p>San Benito Imagen en Yeso Tono Marfil<\/p>\n<p>Imagen de San Benito, representado con su h\u00e1bito, el libro de la regla y el b\u00e1culo. La pieza est\u00e1 realizada en yeso con terminaci\u00f3n en tono marfil, con un delicado patinado que resalta los detalles y le otorga un estilo sobrio y cl\u00e1sico.<\/p>\n<p>Esta imagen est\u00e1 elaborada por un artista nacional especializado en arte sacro, destacando su car\u00e1cter artesanal y la calidad en cada detalle.<\/p>\n","protected":false},"featured_media":12797,"template":"","meta":{"_joinchat":[]},"product_brand":[],"product_cat":[119,124],"product_tag":[],"class_list":{"0":"post-12796","1":"product","2":"type-product","3":"status-publish","4":"has-post-thumbnail","6":"product_cat-articulos-de-santeria","7":"product_cat-imagenes","9":"first","10":"instock","11":"featured","12":"shipping-taxable","13":"purchasable","14":"product-type-variable"},"_links":{"self":[{"href":"https:\/\/sanbenitosanteria.com\/index.php\/wp-json\/wp\/v2\/product\/12796","targetHints":{"allow":["GET"]}}],"collection":[{"href":"https:\/\/sanbenitosanteria.com\/index.php\/wp-json\/wp\/v2\/product"}],"about":[{"href":"https:\/\/sanbenitosanteria.com\/index.php\/wp-json\/wp\/v2\/types\/product"}],"version-history":[{"count":2,"href":"https:\/\/sanbenitosanteria.com\/index.php\/wp-json\/wp\/v2\/product\/12796\/revisions"}],"predecessor-version":[{"id":12803,"href":"https:\/\/sanbenitosanteria.com\/index.php\/wp-json\/wp\/v2\/product\/12796\/revisions\/12803"}],"wp:featuredmedia":[{"embeddable":true,"href":"https:\/\/sanbenitosanteria.com\/index.php\/wp-json\/wp\/v2\/media\/12797"}],"wp:attachment":[{"href":"https:\/\/sanbenitosanteria.com\/index.php\/wp-json\/wp\/v2\/media?parent=12796"}],"wp:term":[{"taxonomy":"product_brand","embeddable":true,"href":"https:\/\/sanbenitosanteria.com\/index.php\/wp-json\/wp\/v2\/product_brand?post=12796"},{"taxonomy":"product_cat","embeddable":true,"href":"https:\/\/sanbenitosanteria.com\/index.php\/wp-json\/wp\/v2\/product_cat?post=12796"},{"taxonomy":"product_tag","embeddable":true,"href":"https:\/\/sanbenitosanteria.com\/index.php\/wp-json\/wp\/v2\/product_tag?post=12796"}],"curies":[{"name":"wp","href":"https:\/\/api.w.org\/{rel}","templated":true}]}}