{"id":12802,"date":"2026-03-17T16:32:40","date_gmt":"2026-03-17T16:32:40","guid":{"rendered":"https:\/\/sanbenitosanteria.com\/?post_type=product&#038;p=12802"},"modified":"2026-04-03T21:58:57","modified_gmt":"2026-04-03T21:58:57","slug":"cuadros-luminosos","status":"publish","type":"product","link":"https:\/\/sanbenitosanteria.com\/index.php\/product\/cuadros-luminosos\/","title":{"rendered":"Cuadros Luminosos"},"content":{"rendered":"","protected":false},"excerpt":{"rendered":"<p>Cuadro luminoso<\/p>\n<p>Cuadro luminoso con diferentes advocaciones. Su iluminaci\u00f3n c\u00e1lida resalta los detalles del grabado, creando un efecto decorativo \u00fanico y acogedor.<\/p>\n<p>De formato vers\u00e1til, puede utilizarse tanto apoyado sobre una superficie como colgado en la pared. Ideal para quienes buscan un objeto que combine decoraci\u00f3n y significado espiritual, aportando calidez y protecci\u00f3n.<\/p>\n","protected":false},"featured_media":12804,"template":"","meta":{"_joinchat":[]},"product_brand":[],"product_cat":[119,125],"product_tag":[],"class_list":{"0":"post-12802","1":"product","2":"type-product","3":"status-publish","4":"has-post-thumbnail","6":"product_cat-articulos-de-santeria","7":"product_cat-cuadros","9":"first","10":"instock","11":"featured","12":"shipping-taxable","13":"purchasable","14":"product-type-variable"},"_links":{"self":[{"href":"https:\/\/sanbenitosanteria.com\/index.php\/wp-json\/wp\/v2\/product\/12802","targetHints":{"allow":["GET"]}}],"collection":[{"href":"https:\/\/sanbenitosanteria.com\/index.php\/wp-json\/wp\/v2\/product"}],"about":[{"href":"https:\/\/sanbenitosanteria.com\/index.php\/wp-json\/wp\/v2\/types\/product"}],"version-history":[{"count":1,"href":"https:\/\/sanbenitosanteria.com\/index.php\/wp-json\/wp\/v2\/product\/12802\/revisions"}],"predecessor-version":[{"id":12813,"href":"https:\/\/sanbenitosanteria.com\/index.php\/wp-json\/wp\/v2\/product\/12802\/revisions\/12813"}],"wp:featuredmedia":[{"embeddable":true,"href":"https:\/\/sanbenitosanteria.com\/index.php\/wp-json\/wp\/v2\/media\/12804"}],"wp:attachment":[{"href":"https:\/\/sanbenitosanteria.com\/index.php\/wp-json\/wp\/v2\/media?parent=12802"}],"wp:term":[{"taxonomy":"product_brand","embeddable":true,"href":"https:\/\/sanbenitosanteria.com\/index.php\/wp-json\/wp\/v2\/product_brand?post=12802"},{"taxonomy":"product_cat","embeddable":true,"href":"https:\/\/sanbenitosanteria.com\/index.php\/wp-json\/wp\/v2\/product_cat?post=12802"},{"taxonomy":"product_tag","embeddable":true,"href":"https:\/\/sanbenitosanteria.com\/index.php\/wp-json\/wp\/v2\/product_tag?post=12802"}],"curies":[{"name":"wp","href":"https:\/\/api.w.org\/{rel}","templated":true}]}}