{"id":12823,"date":"2026-03-17T19:13:00","date_gmt":"2026-03-17T19:13:00","guid":{"rendered":"https:\/\/sanbenitosanteria.com\/?post_type=product&#038;p=12823"},"modified":"2026-03-17T19:15:21","modified_gmt":"2026-03-17T19:15:21","slug":"san-benito-poliresina-italiana","status":"publish","type":"product","link":"https:\/\/sanbenitosanteria.com\/index.php\/product\/san-benito-poliresina-italiana\/","title":{"rendered":"San Benito Poliresina Italiana"},"content":{"rendered":"","protected":false},"excerpt":{"rendered":"<p>San Benito en Poliresina Italiana<\/p>\n<p>Cl\u00e1sica imagen de San Benito, representado con su h\u00e1bito mon\u00e1stico, el libro de la regla, el b\u00e1culo pastoral y la Medalla, s\u00edmbolos de su vida espiritual y su gu\u00eda en la fe.<\/p>\n<p>La pieza est\u00e1 elaborada en poliresina italiana de la l\u00ednea Dell Altare Gold, lo que garantiza una excelente definici\u00f3n en los detalles, colores cuidadosamente trabajados y una terminaci\u00f3n elegante ideal para espacios de oraci\u00f3n o devoci\u00f3n.<\/p>\n","protected":false},"featured_media":12824,"template":"","meta":{"_joinchat":[]},"product_brand":[],"product_cat":[119,124],"product_tag":[],"class_list":{"0":"post-12823","1":"product","2":"type-product","3":"status-publish","4":"has-post-thumbnail","6":"product_cat-articulos-de-santeria","7":"product_cat-imagenes","9":"first","10":"instock","11":"shipping-taxable","12":"purchasable","13":"product-type-variable"},"_links":{"self":[{"href":"https:\/\/sanbenitosanteria.com\/index.php\/wp-json\/wp\/v2\/product\/12823","targetHints":{"allow":["GET"]}}],"collection":[{"href":"https:\/\/sanbenitosanteria.com\/index.php\/wp-json\/wp\/v2\/product"}],"about":[{"href":"https:\/\/sanbenitosanteria.com\/index.php\/wp-json\/wp\/v2\/types\/product"}],"version-history":[{"count":2,"href":"https:\/\/sanbenitosanteria.com\/index.php\/wp-json\/wp\/v2\/product\/12823\/revisions"}],"predecessor-version":[{"id":12829,"href":"https:\/\/sanbenitosanteria.com\/index.php\/wp-json\/wp\/v2\/product\/12823\/revisions\/12829"}],"wp:featuredmedia":[{"embeddable":true,"href":"https:\/\/sanbenitosanteria.com\/index.php\/wp-json\/wp\/v2\/media\/12824"}],"wp:attachment":[{"href":"https:\/\/sanbenitosanteria.com\/index.php\/wp-json\/wp\/v2\/media?parent=12823"}],"wp:term":[{"taxonomy":"product_brand","embeddable":true,"href":"https:\/\/sanbenitosanteria.com\/index.php\/wp-json\/wp\/v2\/product_brand?post=12823"},{"taxonomy":"product_cat","embeddable":true,"href":"https:\/\/sanbenitosanteria.com\/index.php\/wp-json\/wp\/v2\/product_cat?post=12823"},{"taxonomy":"product_tag","embeddable":true,"href":"https:\/\/sanbenitosanteria.com\/index.php\/wp-json\/wp\/v2\/product_tag?post=12823"}],"curies":[{"name":"wp","href":"https:\/\/api.w.org\/{rel}","templated":true}]}}