{"id":12925,"date":"2026-03-31T20:14:54","date_gmt":"2026-03-31T20:14:54","guid":{"rendered":"https:\/\/sanbenitosanteria.com\/?post_type=product&#038;p=12925"},"modified":"2026-04-03T21:59:11","modified_gmt":"2026-04-03T21:59:11","slug":"llavero-cuero-con-acero-san-benito","status":"publish","type":"product","link":"https:\/\/sanbenitosanteria.com\/index.php\/product\/llavero-cuero-con-acero-san-benito\/","title":{"rendered":"Llavero Cuero con Acero San Benito"},"content":{"rendered":"","protected":false},"excerpt":{"rendered":"<p data-start=\"0\" data-end=\"170\">Llavero de acero quir\u00fargico con grabado l\u00e1ser de la medalla de San Benito, combinado con detalle en cuero que aporta un estilo elegante y moderno.<\/p>\n<p data-start=\"172\" data-end=\"310\">Su dise\u00f1o es sobrio y resistente, ideal para el uso diario, con excelente definici\u00f3n en el grabado que resalta cada s\u00edmbolo de la medalla.<\/p>\n<p data-start=\"312\" data-end=\"396\" data-is-last-node=\"\" data-is-only-node=\"\">Incluye presentaci\u00f3n en caja, perfecto tanto para uso personal como para regalo.<\/p>\n","protected":false},"featured_media":12926,"template":"","meta":{"_joinchat":[]},"product_brand":[],"product_cat":[119,123],"product_tag":[],"class_list":{"0":"post-12925","1":"product","2":"type-product","3":"status-publish","4":"has-post-thumbnail","6":"product_cat-articulos-de-santeria","7":"product_cat-llaveros","9":"first","10":"instock","11":"featured","12":"shipping-taxable","13":"purchasable","14":"product-type-simple"},"_links":{"self":[{"href":"https:\/\/sanbenitosanteria.com\/index.php\/wp-json\/wp\/v2\/product\/12925","targetHints":{"allow":["GET"]}}],"collection":[{"href":"https:\/\/sanbenitosanteria.com\/index.php\/wp-json\/wp\/v2\/product"}],"about":[{"href":"https:\/\/sanbenitosanteria.com\/index.php\/wp-json\/wp\/v2\/types\/product"}],"version-history":[{"count":2,"href":"https:\/\/sanbenitosanteria.com\/index.php\/wp-json\/wp\/v2\/product\/12925\/revisions"}],"predecessor-version":[{"id":12968,"href":"https:\/\/sanbenitosanteria.com\/index.php\/wp-json\/wp\/v2\/product\/12925\/revisions\/12968"}],"wp:featuredmedia":[{"embeddable":true,"href":"https:\/\/sanbenitosanteria.com\/index.php\/wp-json\/wp\/v2\/media\/12926"}],"wp:attachment":[{"href":"https:\/\/sanbenitosanteria.com\/index.php\/wp-json\/wp\/v2\/media?parent=12925"}],"wp:term":[{"taxonomy":"product_brand","embeddable":true,"href":"https:\/\/sanbenitosanteria.com\/index.php\/wp-json\/wp\/v2\/product_brand?post=12925"},{"taxonomy":"product_cat","embeddable":true,"href":"https:\/\/sanbenitosanteria.com\/index.php\/wp-json\/wp\/v2\/product_cat?post=12925"},{"taxonomy":"product_tag","embeddable":true,"href":"https:\/\/sanbenitosanteria.com\/index.php\/wp-json\/wp\/v2\/product_tag?post=12925"}],"curies":[{"name":"wp","href":"https:\/\/api.w.org\/{rel}","templated":true}]}}