{"id":12929,"date":"2026-03-31T20:49:25","date_gmt":"2026-03-31T20:49:25","guid":{"rendered":"https:\/\/sanbenitosanteria.com\/?post_type=product&#038;p=12929"},"modified":"2026-04-03T21:58:39","modified_gmt":"2026-04-03T21:58:39","slug":"llaveros-cuerda-de-paracaidas","status":"publish","type":"product","link":"https:\/\/sanbenitosanteria.com\/index.php\/product\/llaveros-cuerda-de-paracaidas\/","title":{"rendered":"Llaveros Cuerda de Paracaidas"},"content":{"rendered":"","protected":false},"excerpt":{"rendered":"<p data-start=\"0\" data-end=\"223\">Llavero Paracord y Acero quir\u00fargico.<\/p>\n<p data-start=\"0\" data-end=\"223\">Llavero con medalla de San Benito realizada en acero quir\u00fargico, con excelente terminaci\u00f3n en anverso y reverso, donde se aprecian claramente tanto los s\u00edmbolos tradicionales como la imagen del santo.<\/p>\n<p data-start=\"0\" data-end=\"223\">La cuerda paracord (paraca\u00eddas), reconocida por su gran resistencia: soporta el agua, el uso diario intenso y no se rompe f\u00e1cilmente. Una opci\u00f3n pr\u00e1ctica, duradera y con fuerte significado.<\/p>\n","protected":false},"featured_media":12930,"template":"","meta":{"_joinchat":[]},"product_brand":[],"product_cat":[119,123],"product_tag":[],"class_list":{"0":"post-12929","1":"product","2":"type-product","3":"status-publish","4":"has-post-thumbnail","6":"product_cat-articulos-de-santeria","7":"product_cat-llaveros","9":"first","10":"instock","11":"featured","12":"shipping-taxable","13":"purchasable","14":"product-type-variable"},"_links":{"self":[{"href":"https:\/\/sanbenitosanteria.com\/index.php\/wp-json\/wp\/v2\/product\/12929","targetHints":{"allow":["GET"]}}],"collection":[{"href":"https:\/\/sanbenitosanteria.com\/index.php\/wp-json\/wp\/v2\/product"}],"about":[{"href":"https:\/\/sanbenitosanteria.com\/index.php\/wp-json\/wp\/v2\/types\/product"}],"version-history":[{"count":3,"href":"https:\/\/sanbenitosanteria.com\/index.php\/wp-json\/wp\/v2\/product\/12929\/revisions"}],"predecessor-version":[{"id":12970,"href":"https:\/\/sanbenitosanteria.com\/index.php\/wp-json\/wp\/v2\/product\/12929\/revisions\/12970"}],"wp:featuredmedia":[{"embeddable":true,"href":"https:\/\/sanbenitosanteria.com\/index.php\/wp-json\/wp\/v2\/media\/12930"}],"wp:attachment":[{"href":"https:\/\/sanbenitosanteria.com\/index.php\/wp-json\/wp\/v2\/media?parent=12929"}],"wp:term":[{"taxonomy":"product_brand","embeddable":true,"href":"https:\/\/sanbenitosanteria.com\/index.php\/wp-json\/wp\/v2\/product_brand?post=12929"},{"taxonomy":"product_cat","embeddable":true,"href":"https:\/\/sanbenitosanteria.com\/index.php\/wp-json\/wp\/v2\/product_cat?post=12929"},{"taxonomy":"product_tag","embeddable":true,"href":"https:\/\/sanbenitosanteria.com\/index.php\/wp-json\/wp\/v2\/product_tag?post=12929"}],"curies":[{"name":"wp","href":"https:\/\/api.w.org\/{rel}","templated":true}]}}