{"id":12940,"date":"2026-03-31T21:38:12","date_gmt":"2026-03-31T21:38:12","guid":{"rendered":"https:\/\/sanbenitosanteria.com\/?post_type=product&#038;p=12940"},"modified":"2026-04-01T15:27:46","modified_gmt":"2026-04-01T15:27:46","slug":"pulseras-de-cuerda-de-paracaidas","status":"publish","type":"product","link":"https:\/\/sanbenitosanteria.com\/index.php\/product\/pulseras-de-cuerda-de-paracaidas\/","title":{"rendered":"Pulseras Cuerda de Paracaidas"},"content":{"rendered":"","protected":false},"excerpt":{"rendered":"<p data-start=\"0\" data-end=\"217\">Pulsera de Paracord<\/p>\n<p data-start=\"0\" data-end=\"217\">Pulsera con medalla de San Benito en acero quir\u00fargico, con excelente terminaci\u00f3n y detalles bien definidos. Cuerda paracord (paraca\u00eddas), material de alta resistencia: soporta el agua, el uso diario y no se rompe f\u00e1cilmente.<\/p>\n<p data-start=\"0\" data-end=\"217\">Su dise\u00f1o es ajustable gracias a los nudos corredizos, lo que permite adaptarla c\u00f3modamente a distintas medidas de mu\u00f1eca. Una opci\u00f3n pr\u00e1ctica, resistente y con fuerte significado devocional.<\/p>\n","protected":false},"featured_media":12953,"template":"","meta":{"_joinchat":[]},"product_brand":[],"product_cat":[119,122],"product_tag":[],"class_list":{"0":"post-12940","1":"product","2":"type-product","3":"status-publish","4":"has-post-thumbnail","6":"product_cat-articulos-de-santeria","7":"product_cat-pulseras","9":"first","10":"instock","11":"shipping-taxable","12":"purchasable","13":"product-type-variable"},"_links":{"self":[{"href":"https:\/\/sanbenitosanteria.com\/index.php\/wp-json\/wp\/v2\/product\/12940","targetHints":{"allow":["GET"]}}],"collection":[{"href":"https:\/\/sanbenitosanteria.com\/index.php\/wp-json\/wp\/v2\/product"}],"about":[{"href":"https:\/\/sanbenitosanteria.com\/index.php\/wp-json\/wp\/v2\/types\/product"}],"version-history":[{"count":5,"href":"https:\/\/sanbenitosanteria.com\/index.php\/wp-json\/wp\/v2\/product\/12940\/revisions"}],"predecessor-version":[{"id":12966,"href":"https:\/\/sanbenitosanteria.com\/index.php\/wp-json\/wp\/v2\/product\/12940\/revisions\/12966"}],"wp:featuredmedia":[{"embeddable":true,"href":"https:\/\/sanbenitosanteria.com\/index.php\/wp-json\/wp\/v2\/media\/12953"}],"wp:attachment":[{"href":"https:\/\/sanbenitosanteria.com\/index.php\/wp-json\/wp\/v2\/media?parent=12940"}],"wp:term":[{"taxonomy":"product_brand","embeddable":true,"href":"https:\/\/sanbenitosanteria.com\/index.php\/wp-json\/wp\/v2\/product_brand?post=12940"},{"taxonomy":"product_cat","embeddable":true,"href":"https:\/\/sanbenitosanteria.com\/index.php\/wp-json\/wp\/v2\/product_cat?post=12940"},{"taxonomy":"product_tag","embeddable":true,"href":"https:\/\/sanbenitosanteria.com\/index.php\/wp-json\/wp\/v2\/product_tag?post=12940"}],"curies":[{"name":"wp","href":"https:\/\/api.w.org\/{rel}","templated":true}]}}